{"id":3932,"date":"2025-12-17T10:47:24","date_gmt":"2025-12-17T02:47:24","guid":{"rendered":"https:\/\/minghanggroup.com\/?post_type=product&#038;p=3932"},"modified":"2026-03-02T15:24:51","modified_gmt":"2026-03-02T07:24:51","slug":"square-borosilicate-large-glass-jars-with-lids-spoons-bulk","status":"publish","type":"product","link":"https:\/\/minghanggroup.com\/es\/producto\/square-borosilicate-large-glass-jars-with-lids-spoons-bulk\/","title":{"rendered":"Frascos grandes de vidrio de borosilicato cuadrados de 800 ml a 1200 ml con tapas y cucharas (a granel)"},"content":{"rendered":"<p>Los frascos de vidrio grandes con tapa sirven para mucho m\u00e1s que simplemente almacenar productos: realzan la imagen de su marca y protegen la calidad del producto. Fabricamos frascos de vidrio premium dise\u00f1ados para mantener el contenido fresco, presentable y listo para la venta, lo que ayuda a su marca a destacar en los competitivos mercados minoristas y mayoristas.<\/p>\n<h2>Caracter\u00edsticas del producto<\/h2>\n<ol>\n<li><strong>Almacenamiento vers\u00e1til: <\/strong>Estos frascos de vidrio grandes y cuadrados con tapa contienen de todo, desde miel y salsas hasta granos de caf\u00e9 y productos secos: perfectos para cualquier soluci\u00f3n de almacenamiento.<\/li>\n<li><strong>Durabilidad resistente al calor: <\/strong>Fabricados con vidrio de borosilicato duradero, estos frascos de vidrio resistentes al calor soportan cambios de temperatura sin agrietarse, ideales para almacenar alimentos.<\/li>\n<li><strong>Dise\u00f1o f\u00e1cil de usar: <\/strong>La boca ancha y la cuchara incluida hacen que llenar, limpiar y servir sea muy sencillo para sus necesidades de almacenamiento diarias.<\/li>\n<\/ol>\n<h2>Especificaciones clave<\/h2>\n<table style=\"border-collapse: collapse; width: 80%; margin-left: auto; margin-right: auto;\" border=\"0\" width=\"360\" cellspacing=\"0\" cellpadding=\"0\">\n<tbody>\n<tr style=\"height: 13.50pt;\">\n<td style=\"height: 13.5pt; width: 54pt; text-align: center;\" width=\"72\" height=\"18\">Capacidad (ml)<\/td>\n<td style=\"width: 54pt; text-align: center;\" width=\"72\">Tama\u00f1o (cm)<\/td>\n<td style=\"width: 54.00pt;\" width=\"72\">Material<\/td>\n<td style=\"width: 54.00pt;\" width=\"72\">Caracter\u00edsticas<\/td>\n<td style=\"width: 54.00pt;\" width=\"72\">Di\u00e1metro<\/td>\n<\/tr>\n<tr style=\"height: 13.50pt;\">\n<td style=\"height: 13.5pt; text-align: center;\" height=\"18\">800<\/td>\n<td style=\"text-align: center;\">10 x 10 x 13<\/td>\n<td class=\"et2\" rowspan=\"3\">Vidrio de borosilicato<\/td>\n<td class=\"et2\" rowspan=\"3\">Cuadrado, con cuchara<\/td>\n<td class=\"et2\" rowspan=\"3\">100 mm<\/td>\n<\/tr>\n<tr style=\"height: 13.50pt;\">\n<td style=\"height: 13.5pt; text-align: center;\" height=\"18\">1000 (1 cuarto de gal\u00f3n)<\/td>\n<td style=\"text-align: center;\">10 x 10 x 16<\/td>\n<\/tr>\n<tr style=\"height: 13.50pt;\">\n<td style=\"height: 13.5pt; text-align: center;\" height=\"18\">1200 (40 onzas)<\/td>\n<td style=\"text-align: center;\">10 x 10 x 19<\/td>\n<\/tr>\n<\/tbody>\n<\/table>\n<h2>Caso de \u00e9xito<\/h2>\n<p>Tras el lanzamiento de estos grandes frascos cuadrados de vidrio de borosilicato con tapa plana y tapa, por una tienda europea de muebles para el hogar, los convirti\u00f3 en un art\u00edculo esencial para la exhibici\u00f3n de granos de caf\u00e9 y productos secos. La serie experiment\u00f3 un aumento sustancial en las tasas de conversi\u00f3n, tanto en tiendas f\u00edsicas como online, gracias al vidrio de borosilicato transparente, la tapa de bamb\u00fa est\u00e1ndar de 100 mm y su dise\u00f1o distintivo, que inclu\u00eda una cuchara de madera incorporada.<\/p>\n<p>Al tercer mes del lanzamiento, las ventas de este tipo de tarros de almacenamiento aumentaron alrededor de un 38% interanual, y el cliente realiz\u00f3 dos pedidos adicionales despu\u00e9s de completar el primer pedido.<\/p>\n<h2>Tus consejos de personalizaci\u00f3n<\/h2>\n<p>Estos grandes frascos de vidrio de borosilicato se pueden personalizar modificando la capacidad y ajustando la altura seg\u00fan el mercado objetivo, para que puedan utilizarse diferentes tipos de productos, como granos de caf\u00e9, hojas de t\u00e9 y cereales. Adem\u00e1s, se pueden elegir diferentes vetas de madera de bamb\u00fa o tratamientos superficiales para la tapa de 100 mm, lo que refuerza el estilo de la marca. El cuerpo del frasco puede tener un \u00e1rea reservada para serigraf\u00eda o marcado l\u00e1ser para mayor visibilidad de la marca, y la longitud del mango de la cuchara y el m\u00e9todo de fijaci\u00f3n se pueden adaptar a la frecuencia de uso del comercio minorista o la restauraci\u00f3n para aprovechar al m\u00e1ximo la ocasi\u00f3n. De este modo, se logra una mayor diferenciaci\u00f3n del producto en la exposici\u00f3n y una mejor efectividad, manteniendo intacta la funcionalidad.<\/p>","protected":false},"excerpt":{"rendered":"<p>Frascos grandes de vidrio con tapa de borosilicato de alta pureza. Fabricante que ofrece personalizaci\u00f3n y venta al por mayor para soluciones de almacenamiento de cocina. Muestra gratuita.<\/p>","protected":false},"featured_media":3933,"template":"","meta":{"postBodyCss":"","postBodyMargin":[],"postBodyPadding":[],"postBodyBackground":{"backgroundType":"classic","gradient":""}},"product_brand":[],"product_cat":[15,17,61],"product_tag":[68,67,100,70,69],"class_list":{"0":"post-3932","1":"product","2":"type-product","3":"status-publish","4":"has-post-thumbnail","6":"product_cat-glass-containers","7":"product_cat-glass-jars","8":"product_cat-glass-jars-with-lids","9":"product_tag-borosilicate-glass-jars","10":"product_tag-candy-jars","11":"product_tag-glass-coffee-jars","12":"product_tag-seasoning-jars","13":"product_tag-storage-jars","15":"first","16":"instock","17":"shipping-taxable","18":"product-type-simple"},"jetpack_sharing_enabled":true,"_links":{"self":[{"href":"https:\/\/minghanggroup.com\/es\/wp-json\/wp\/v2\/product\/3932","targetHints":{"allow":["GET"]}}],"collection":[{"href":"https:\/\/minghanggroup.com\/es\/wp-json\/wp\/v2\/product"}],"about":[{"href":"https:\/\/minghanggroup.com\/es\/wp-json\/wp\/v2\/types\/product"}],"wp:featuredmedia":[{"embeddable":true,"href":"https:\/\/minghanggroup.com\/es\/wp-json\/wp\/v2\/media\/3933"}],"wp:attachment":[{"href":"https:\/\/minghanggroup.com\/es\/wp-json\/wp\/v2\/media?parent=3932"}],"wp:term":[{"taxonomy":"product_brand","embeddable":true,"href":"https:\/\/minghanggroup.com\/es\/wp-json\/wp\/v2\/product_brand?post=3932"},{"taxonomy":"product_cat","embeddable":true,"href":"https:\/\/minghanggroup.com\/es\/wp-json\/wp\/v2\/product_cat?post=3932"},{"taxonomy":"product_tag","embeddable":true,"href":"https:\/\/minghanggroup.com\/es\/wp-json\/wp\/v2\/product_tag?post=3932"}],"curies":[{"name":"wp","href":"https:\/\/api.w.org\/{rel}","templated":true}]}}