{"id":3922,"date":"2025-12-15T11:39:10","date_gmt":"2025-12-15T03:39:10","guid":{"rendered":"https:\/\/minghanggroup.com\/?post_type=product&#038;p=3922"},"modified":"2025-12-16T11:44:42","modified_gmt":"2025-12-16T03:44:42","slug":"wide-mouth-glass-empty-water-bottles-for-drinking-bulk","status":"publish","type":"product","link":"https:\/\/minghanggroup.com\/es\/producto\/wide-mouth-glass-empty-water-bottles-for-drinking-bulk\/","title":{"rendered":"Botellas de agua vac\u00edas de vidrio de boca ancha de 550 ml para beber a granel"},"content":{"rendered":"<p>Deja de usar botellas de pl\u00e1stico que se rompen f\u00e1cilmente y hacen que tu marca parezca barata. Fabricamos botellas de agua de alta gama que no solo te mantienen hidratado, sino que tambi\u00e9n hacen que tu marca destaque. Estas botellas de agua vac\u00edas personalizadas son la mejor opci\u00f3n para triunfar en la venta al por mayor.<\/p>\n<h2>Caracter\u00edsticas del producto<\/h2>\n<ol>\n<li><strong>Conveniencia de boca ancha: <\/strong>La boca de 38 mm de ancho le permite llenar, limpiar y agregar frutas u hojas de t\u00e9 a su agua en un instante para su ingesta diaria de agua.<\/li>\n<li><strong>Vidrio de borosilicato duradero: <\/strong>El producto est\u00e1 hecho de vidrio de borosilicato duradero que es apto para lavavajillas, congelador y resistente a los choques t\u00e9rmicos: no habr\u00e1 m\u00e1s fugas ni roturas.<\/li>\n<li><strong>Dise\u00f1o recto y elegante: <\/strong>El dise\u00f1o recto minimalista conserva la frescura del agua y al mismo tiempo te permite ver lo que hay dentro.<\/li>\n<li><strong>Tapa de acero inoxidable: <\/strong>La tapa herm\u00e9tica de acero inoxidable es lo que mantiene su bebida segura, lo que la hace f\u00e1cil de transportar y a prueba de fugas.<\/li>\n<\/ol>\n<h2>Especificaciones clave<\/h2>\n<table style=\"border-collapse: collapse; width: 80%; margin-left: auto; margin-right: auto;\" border=\"0\" width=\"360\" cellspacing=\"0\" cellpadding=\"0\">\n<tbody>\n<tr style=\"height: 13.50pt;\">\n<td style=\"height: 13.5pt; width: 54pt; text-align: center;\" width=\"72\" height=\"18\">Capacidad<\/td>\n<td style=\"width: 54pt; text-align: center;\" width=\"72\">Tama\u00f1o (cm)<\/td>\n<td style=\"width: 54pt; text-align: center;\" width=\"72\">Di\u00e1metro<\/td>\n<td style=\"width: 54pt; text-align: center;\" width=\"72\">Material<\/td>\n<td style=\"width: 54pt; text-align: center;\" width=\"72\">Color<\/td>\n<\/tr>\n<tr style=\"height: 13.50pt;\">\n<td style=\"height: 13.5pt; text-align: center;\" height=\"18\">550 ml<\/td>\n<td style=\"text-align: center;\">6,6\u00d722,3<\/td>\n<td style=\"text-align: center;\">38 mm<\/td>\n<td style=\"text-align: center;\">Borosilicato<\/td>\n<td style=\"text-align: center;\">Claro o personalizado<\/td>\n<\/tr>\n<\/tbody>\n<\/table>\n<h2>Caso de \u00e9xito<\/h2>\n<p>Una empresa local de bebidas decidi\u00f3 que estas botellas de agua de boca ancha ser\u00edan el envase ideal para presentar su l\u00ednea de caf\u00e9 fr\u00edo y t\u00e9 de hierbas. El dise\u00f1o de boca ancha agilizaba el llenado, y el cuerpo pesado y resistente de la botella reduc\u00eda considerablemente las roturas durante el transporte y la tienda. Adem\u00e1s, la transparencia del vidrio permit\u00eda ver el color del producto y los ingredientes, una excelente manera de atraer clientes.<\/p>\n<p>Despu\u00e9s de que el producto se introdujo en el mercado, el flujo a trav\u00e9s de las tiendas se aceler\u00f3 y los pedidos repetidos siguieron llegando.<\/p>\n<h2>Tus consejos de personalizaci\u00f3n<\/h2>\n<p>Al personalizar estas botellas de agua de boca ancha, puede elegir entre tapas de rosca met\u00e1licas, tapas de pl\u00e1stico o tapas de silicona para beber directamente, llevarlas de viaje o guardarlas. El cuerpo de la botella se imprime mediante serigraf\u00eda, etiquetado o acabado esmerilado para promover el reconocimiento de la marca, y puede incluir diferentes accesorios como infusores de t\u00e9, pajitas o fundas protectoras.<\/p>","protected":false},"excerpt":{"rendered":"<p>Botellas de agua vac\u00edas de vidrio transparente, ideales para el llenado de bebidas. Fabricante que ofrece personalizaci\u00f3n y venta al por mayor de botellas de agua potable.<\/p>","protected":false},"featured_media":3924,"template":"","meta":{"postBodyCss":"","postBodyMargin":[],"postBodyPadding":[],"postBodyBackground":{"backgroundType":"classic","gradient":""}},"product_brand":[],"product_cat":[15,16,60],"product_tag":[],"class_list":{"0":"post-3922","1":"product","2":"type-product","3":"status-publish","4":"has-post-thumbnail","6":"product_cat-glass-containers","7":"product_cat-glass-bottles","8":"product_cat-water-bottles","10":"first","11":"instock","12":"shipping-taxable","13":"product-type-simple"},"jetpack_sharing_enabled":true,"_links":{"self":[{"href":"https:\/\/minghanggroup.com\/es\/wp-json\/wp\/v2\/product\/3922","targetHints":{"allow":["GET"]}}],"collection":[{"href":"https:\/\/minghanggroup.com\/es\/wp-json\/wp\/v2\/product"}],"about":[{"href":"https:\/\/minghanggroup.com\/es\/wp-json\/wp\/v2\/types\/product"}],"wp:featuredmedia":[{"embeddable":true,"href":"https:\/\/minghanggroup.com\/es\/wp-json\/wp\/v2\/media\/3924"}],"wp:attachment":[{"href":"https:\/\/minghanggroup.com\/es\/wp-json\/wp\/v2\/media?parent=3922"}],"wp:term":[{"taxonomy":"product_brand","embeddable":true,"href":"https:\/\/minghanggroup.com\/es\/wp-json\/wp\/v2\/product_brand?post=3922"},{"taxonomy":"product_cat","embeddable":true,"href":"https:\/\/minghanggroup.com\/es\/wp-json\/wp\/v2\/product_cat?post=3922"},{"taxonomy":"product_tag","embeddable":true,"href":"https:\/\/minghanggroup.com\/es\/wp-json\/wp\/v2\/product_tag?post=3922"}],"curies":[{"name":"wp","href":"https:\/\/api.w.org\/{rel}","templated":true}]}}