{"id":3916,"date":"2025-12-12T09:23:52","date_gmt":"2025-12-12T01:23:52","guid":{"rendered":"https:\/\/minghanggroup.com\/?post_type=product&#038;p=3916"},"modified":"2026-01-20T13:49:27","modified_gmt":"2026-01-20T05:49:27","slug":"empty-cylinder-small-glass-storage-jars-with-lids-bulk","status":"publish","type":"product","link":"https:\/\/minghanggroup.com\/es\/producto\/empty-cylinder-small-glass-storage-jars-with-lids-bulk\/","title":{"rendered":"Frascos de vidrio peque\u00f1os cil\u00edndricos vac\u00edos con tapa (45 ml, 60 ml, 100 ml y 130 ml)"},"content":{"rendered":"<p>Estos elegantes y sencillos frascos peque\u00f1os de vidrio con tapa est\u00e1n hechos de vidrio transparente de alta calidad y tienen forma cil\u00edndrica. Gracias a su dise\u00f1o compacto y su cierre herm\u00e9tico, son la soluci\u00f3n ideal para guardar objetos peque\u00f1os de diferentes tipos que desee mantener ordenados.<\/p>\n<h2>Caracter\u00edsticas del producto<\/h2>\n<ul>\n<li><strong>Forma cil\u00edndrica delgada:<\/strong> La interacci\u00f3n del vidrio transparente y la forma cil\u00edndrica delgada visualizan de manera efectiva el espacio de almacenamiento, ya que se obtiene una vista inmediata del \u200b\u200d\u200b\u200c\u200d\u200b\u200d\u200c\u200b\u200d\u200b\u200c\u200d\u200b\u200d\u200ccontenido.<\/li>\n<li><strong>Dise\u00f1o de sellado a presi\u00f3n:<\/strong> El sellado est\u00e1 garantizado de manera brillante por una tapa de metal a presi\u00f3n, por lo que es una buena idea almacenar peque\u00f1os l\u00edquidos y productos secos en cantidades limitadas.<\/li>\n<li><strong>M\u00faltiples capacidades disponibles:<\/strong> Se pueden satisfacer diferentes necesidades de almacenamiento con cuatro opciones de capacidad diferentes.<\/li>\n<\/ul>\n<h2 style=\"text-align: left;\">Especificaciones clave<\/h2>\n<table class=\"aligncenter\" style=\"border-collapse: collapse; width: 413.27pt;\" border=\"0\" width=\"551\" cellspacing=\"0\" cellpadding=\"0\">\n<tbody>\n<tr style=\"height: 13.50pt;\">\n<td style=\"height: 13.50pt; width: 86.25pt;\" width=\"115\" height=\"18\">Especificaci\u00f3n<\/td>\n<td style=\"width: 327.00pt;\" width=\"436\">Detalles<\/td>\n<\/tr>\n<tr style=\"height: 13.50pt;\">\n<td style=\"height: 13.50pt;\" height=\"18\">Capacidad<\/td>\n<td>45 ml \/ 60 ml \/ 100 ml \/ 130 ml<\/td>\n<\/tr>\n<tr style=\"height: 13.50pt;\">\n<td style=\"height: 13.50pt;\" height=\"18\">Dimensiones<\/td>\n<td>4,5 \u00d7 6,5 cm \/ 4,4 \u00d7 8,5 cm \/ 4,4 \u00d7 10,8 cm \/ 4,4 \u00d7 13,2 cm<\/td>\n<\/tr>\n<tr style=\"height: 13.50pt;\">\n<td style=\"height: 13.50pt;\" height=\"18\">Material<\/td>\n<td>Vidrio transparente<\/td>\n<\/tr>\n<tr style=\"height: 13.50pt;\">\n<td style=\"height: 13.50pt;\" height=\"18\">Forma de tarro<\/td>\n<td>Cilindro delgado<\/td>\n<\/tr>\n<tr style=\"height: 13.50pt;\">\n<td style=\"height: 13.50pt;\" height=\"18\">Tipo de tapa<\/td>\n<td>Tapa de abrazadera de metal con asa de alambre<\/td>\n<\/tr>\n<tr style=\"height: 13.50pt;\">\n<td style=\"height: 13.50pt;\" height=\"18\">Ideal para<\/td>\n<td>Peque\u00f1os frascos de vidrio para almacenar, frasco de vidrio con tapa herm\u00e9tica<\/td>\n<\/tr>\n<\/tbody>\n<\/table>\n<h2>Historia de \u00e9xito: La historia de \u00e9xito del packaging de una marca de t\u00e9<\/h2>\n<p>La marca de t\u00e9 necesitaba un envase elegante para su nueva serie de muestras. Nuestro peque\u00f1o frasco de vidrio de 100 ml con tapa fue su elecci\u00f3n final. Gracias a su buen sellado, la vida \u00fatil del producto se prolong\u00f3 en un 60 % en comparaci\u00f3n con el envase anterior. El dise\u00f1o delgado ahorr\u00f3 un 35 % de espacio de exposici\u00f3n, lo que aument\u00f3 la variedad de productos en un 50 %. Para continuar con este \u00e9xito, realizaron un pedido de 300\u00a0000 unidades adicionales de frascos de vidrio para mercados internacionales.<\/p>\n<h2>Opciones de personalizaci\u00f3n de tarros de vidrio con tapa<\/h2>\n<ul>\n<li>Serigraf\u00eda del logotipo de la marca: logotipo de la marca impreso con tinta cer\u00e1mica de larga duraci\u00f3n<\/li>\n<li>Marcas de capacidad en relieve: se agregan peque\u00f1as y delicadas l\u00edneas de escala en relieve<\/li>\n<li>Opciones de vidrio coloreado: est\u00e1 disponible en vidrio \u00e1mbar o azul cobalto.<\/li>\n<li>Borde esmerilado: produce elegantes l\u00edneas mate<\/li>\n<\/ul>","protected":false},"excerpt":{"rendered":"<p>Descubre nuestros tarros de cristal con tapa y peque\u00f1os tarros de cristal, dise\u00f1ados para una organizaci\u00f3n limpia y compacta. Perfectos para l\u00edquidos o especias, con env\u00edo r\u00e1pido.<\/p>","protected":false},"featured_media":3917,"template":"","meta":{"postBodyCss":"","postBodyMargin":[],"postBodyPadding":[],"postBodyBackground":{"backgroundType":"classic","gradient":""}},"product_brand":[],"product_cat":[15,17,59],"product_tag":[66],"class_list":{"0":"post-3916","1":"product","2":"type-product","3":"status-publish","4":"has-post-thumbnail","6":"product_cat-glass-containers","7":"product_cat-glass-jars","8":"product_cat-glass-storage-jars","9":"product_tag-swing-top-jars","11":"first","12":"instock","13":"shipping-taxable","14":"product-type-simple"},"jetpack_sharing_enabled":true,"_links":{"self":[{"href":"https:\/\/minghanggroup.com\/es\/wp-json\/wp\/v2\/product\/3916","targetHints":{"allow":["GET"]}}],"collection":[{"href":"https:\/\/minghanggroup.com\/es\/wp-json\/wp\/v2\/product"}],"about":[{"href":"https:\/\/minghanggroup.com\/es\/wp-json\/wp\/v2\/types\/product"}],"wp:featuredmedia":[{"embeddable":true,"href":"https:\/\/minghanggroup.com\/es\/wp-json\/wp\/v2\/media\/3917"}],"wp:attachment":[{"href":"https:\/\/minghanggroup.com\/es\/wp-json\/wp\/v2\/media?parent=3916"}],"wp:term":[{"taxonomy":"product_brand","embeddable":true,"href":"https:\/\/minghanggroup.com\/es\/wp-json\/wp\/v2\/product_brand?post=3916"},{"taxonomy":"product_cat","embeddable":true,"href":"https:\/\/minghanggroup.com\/es\/wp-json\/wp\/v2\/product_cat?post=3916"},{"taxonomy":"product_tag","embeddable":true,"href":"https:\/\/minghanggroup.com\/es\/wp-json\/wp\/v2\/product_tag?post=3916"}],"curies":[{"name":"wp","href":"https:\/\/api.w.org\/{rel}","templated":true}]}}