{"id":3910,"date":"2025-12-11T17:42:38","date_gmt":"2025-12-11T09:42:38","guid":{"rendered":"https:\/\/minghanggroup.com\/?post_type=product&#038;p=3910"},"modified":"2026-01-20T13:49:41","modified_gmt":"2026-01-20T05:49:41","slug":"empty-large-glass-food-storage-jars-with-lids-bulk","status":"publish","type":"product","link":"https:\/\/minghanggroup.com\/es\/producto\/empty-large-glass-food-storage-jars-with-lids-bulk\/","title":{"rendered":"Frascos de vidrio grandes vac\u00edos para almacenar alimentos con tapa (50 oz, 64 oz y 100 oz) a granel"},"content":{"rendered":"<p>Estos frascos grandes de vidrio para almacenar alimentos tienen una forma cuadrada y alta con esquinas suaves, redondeadas y refinadas. Las tapas met\u00e1licas a presi\u00f3n, junto con un anillo de sellado de malla, proporcionan un sellado herm\u00e9tico.<\/p>\n<h2>Caracter\u00edsticas del producto<\/h2>\n<ul>\n<li><strong>Gran capacidad:<\/strong> Estos frascos est\u00e1n disponibles en tama\u00f1os que van desde 1,5 litros a 3 litros y, por lo tanto, pueden contener una gran cantidad de art\u00edculos y, al mismo tiempo, minimizar el desorden.<\/li>\n<li><strong>Dise\u00f1o de sellado a presi\u00f3n:<\/strong> Las tapas met\u00e1licas a presi\u00f3n garantizan un buen sellado, evitando as\u00ed la entrada de humedad y manteniendo la frescura.<\/li>\n<li><strong>Estable y apilable:<\/strong> Al tener forma cuadrada, los frascos se pueden apilar juntos o disponer en fila, siendo as\u00ed su base estable y teniendo una gran capacidad de carga.<\/li>\n<\/ul>\n<h2 style=\"text-align: left;\">Especificaciones clave<\/h2>\n<table class=\"aligncenter\" style=\"border-collapse: collapse; width: 413.27pt;\" border=\"0\" width=\"551\" cellspacing=\"0\" cellpadding=\"0\">\n<tbody>\n<tr style=\"height: 13.50pt;\">\n<td style=\"height: 13.50pt; width: 86.25pt;\" width=\"115\" height=\"18\">Especificaci\u00f3n<\/td>\n<td style=\"width: 327.00pt;\" width=\"436\">Detalles<\/td>\n<\/tr>\n<tr style=\"height: 13.50pt;\">\n<td style=\"height: 13.50pt;\" height=\"18\">Capacidad<\/td>\n<td>1500 ml (50 oz) \/ 2000 ml (64 oz) \/ 3000 ml (100 oz)<\/td>\n<\/tr>\n<tr style=\"height: 13.50pt;\">\n<td style=\"height: 13.50pt;\" height=\"18\">Dimensiones<\/td>\n<td>11,4\u00d715 cm \/ 11,4\u00d719,5 cm \/ 11,4\u00d725,8 cm<\/td>\n<\/tr>\n<tr style=\"height: 13.50pt;\">\n<td style=\"height: 13.50pt;\" height=\"18\">Material<\/td>\n<td>Vidrio grueso transparente<\/td>\n<\/tr>\n<tr style=\"height: 13.50pt;\">\n<td style=\"height: 13.50pt;\" height=\"18\">Forma de tarro<\/td>\n<td>Cuadrado alto con esquinas redondeadas<\/td>\n<\/tr>\n<tr style=\"height: 13.50pt;\">\n<td style=\"height: 13.50pt;\" height=\"18\">Tipo de tapa<\/td>\n<td>Tapa de abrazadera de metal con asa de alambre<\/td>\n<\/tr>\n<tr style=\"height: 13.50pt;\">\n<td style=\"height: 13.50pt;\" height=\"18\">Ideal para<\/td>\n<td>Frascos de vidrio grandes para almacenar alimentos, frascos de vidrio para almacenar alimentos<\/td>\n<\/tr>\n<\/tbody>\n<\/table>\n<h2>Historia de \u00e9xito: Una revoluci\u00f3n en el almacenamiento para una panader\u00eda comercial<\/h2>\n<p>El almacenamiento a granel de ingredientes para hornear fue un desaf\u00edo para una gran panader\u00eda. Para almacenar harina, az\u00facar y granos, optaron por nuestros frascos de vidrio con tapa de 3 litros y gran capacidad. Las tapas herm\u00e9ticas no solo prolongaron la vida \u00fatil de los ingredientes en un 50 %, sino que tambi\u00e9n redujeron los desperdicios en un 40 %. La forma cuadrada de los recipientes aument\u00f3 el espacio de almacenamiento en un 35 % para la misma \u00e1rea, optimizando as\u00ed la distribuci\u00f3n de la cocina. Tras ver los resultados, realizaron un nuevo pedido de cuatrocientos mil frascos de vidrio para todas sus tiendas.<\/p>\n<h2>Opciones personalizables para frascos grandes de vidrio para almacenar alimentos<\/h2>\n<ul>\n<li>Marcas de volumen serigrafiadas: esto agrega indicadores de medici\u00f3n que ayudan a controlar f\u00e1cilmente las porciones.<\/li>\n<li>Panel decorativo esmerilado: acabado grabado al \u00e1cido que proporciona un elegante efecto mate.<\/li>\n<li>Acabado de abrazadera personalizado: puede ser cualquiera de varios tonos met\u00e1licos.<\/li>\n<li>Dise\u00f1o de fondo reforzado: la parte inferior del frasco, que est\u00e1 hecha de vidrio, est\u00e1 engrosada para soportar art\u00edculos m\u00e1s pesados.<\/li>\n<li>Mango de una sola pieza: el mango est\u00e1 hecho del mismo molde que el vidrio y se utiliza para mayor comodidad al sujetarlo.<\/li>\n<\/ul>","protected":false},"excerpt":{"rendered":"<p>Explora frascos grandes de vidrio para almacenar alimentos y frascos con tapa, dise\u00f1ados para cocinas limpias y modernas. Resistentes, herm\u00e9ticos y con env\u00edo r\u00e1pido.<\/p>","protected":false},"featured_media":3915,"template":"","meta":{"postBodyCss":"","postBodyMargin":[],"postBodyPadding":[],"postBodyBackground":{"backgroundType":"classic","gradient":""}},"product_brand":[],"product_cat":[15,17,59],"product_tag":[66],"class_list":{"0":"post-3910","1":"product","2":"type-product","3":"status-publish","4":"has-post-thumbnail","6":"product_cat-glass-containers","7":"product_cat-glass-jars","8":"product_cat-glass-storage-jars","9":"product_tag-swing-top-jars","11":"first","12":"instock","13":"shipping-taxable","14":"product-type-simple"},"jetpack_sharing_enabled":true,"_links":{"self":[{"href":"https:\/\/minghanggroup.com\/es\/wp-json\/wp\/v2\/product\/3910","targetHints":{"allow":["GET"]}}],"collection":[{"href":"https:\/\/minghanggroup.com\/es\/wp-json\/wp\/v2\/product"}],"about":[{"href":"https:\/\/minghanggroup.com\/es\/wp-json\/wp\/v2\/types\/product"}],"wp:featuredmedia":[{"embeddable":true,"href":"https:\/\/minghanggroup.com\/es\/wp-json\/wp\/v2\/media\/3915"}],"wp:attachment":[{"href":"https:\/\/minghanggroup.com\/es\/wp-json\/wp\/v2\/media?parent=3910"}],"wp:term":[{"taxonomy":"product_brand","embeddable":true,"href":"https:\/\/minghanggroup.com\/es\/wp-json\/wp\/v2\/product_brand?post=3910"},{"taxonomy":"product_cat","embeddable":true,"href":"https:\/\/minghanggroup.com\/es\/wp-json\/wp\/v2\/product_cat?post=3910"},{"taxonomy":"product_tag","embeddable":true,"href":"https:\/\/minghanggroup.com\/es\/wp-json\/wp\/v2\/product_tag?post=3910"}],"curies":[{"name":"wp","href":"https:\/\/api.w.org\/{rel}","templated":true}]}}