{"id":3905,"date":"2025-12-11T17:25:03","date_gmt":"2025-12-11T09:25:03","guid":{"rendered":"https:\/\/minghanggroup.com\/?post_type=product&#038;p=3905"},"modified":"2026-01-20T13:49:49","modified_gmt":"2026-01-20T05:49:49","slug":"small-square-glass-storage-jars-with-airtight-lids-bulk","status":"publish","type":"product","link":"https:\/\/minghanggroup.com\/es\/producto\/small-square-glass-storage-jars-with-airtight-lids-bulk\/","title":{"rendered":"Frascos de vidrio cuadrados peque\u00f1os con tapa herm\u00e9tica (380 ml, 500 ml, 750 ml y 1000 ml) a granel"},"content":{"rendered":"<p>Estos son frascos cuadrados de vidrio transparente que, si has visto recipientes similares, probablemente todos tengan un cierre met\u00e1lico a presi\u00f3n. Gracias a su transparencia, no es necesario abrir el frasco para comprobar si hay suficiente. Por lo tanto, los aperitivos, condimentos o baratijas se pueden colocar f\u00e1cilmente en el ojo del usuario.<\/p>\n<h2>Caracter\u00edsticas del producto<\/h2>\n<ul>\n<li><strong>Forma cuadrada y cuadrada fuerte:<\/strong> El vidrio transparente local y el cuerpo cuadrado y bajo funcionan perfectamente para una disposici\u00f3n cercana, lo que, a su vez, ahorra m\u00e1s espacio en los estantes que los frascos redondos.<\/li>\n<li><strong>Dise\u00f1o de sello de cierre a presi\u00f3n:<\/strong> Los tres anillos de sellado de la goma son gruesos para permitir una muy buena prevenci\u00f3n de la humedad y las fugas.<\/li>\n<li><strong>Dise\u00f1o de apilamiento:<\/strong> Gracias a su forma regular y plana se pueden apilar con gran estabilidad.<\/li>\n<\/ul>\n<h2 style=\"text-align: left;\">Especificaciones clave<\/h2>\n<table class=\"aligncenter\" style=\"border-collapse: collapse; width: 384.02pt;\" border=\"0\" width=\"512\" cellspacing=\"0\" cellpadding=\"0\">\n<tbody>\n<tr style=\"height: 13.50pt;\">\n<td style=\"height: 13.50pt; width: 86.25pt;\" width=\"115\" height=\"18\">Especificaci\u00f3n<\/td>\n<td style=\"width: 297.75pt;\" width=\"397\">Detalles<\/td>\n<\/tr>\n<tr style=\"height: 13.50pt;\">\n<td style=\"height: 13.50pt;\" height=\"18\">Capacidad<\/td>\n<td>380 ml \/ 500 ml \/ 750 ml \/ 1000 ml<\/td>\n<\/tr>\n<tr style=\"height: 13.50pt;\">\n<td style=\"height: 13.50pt;\" height=\"18\">Dimensiones<\/td>\n<td>8,7\u00d710 cm \/ 10,8\u00d710 cm \/ 11\u00d712,3 cm \/ 11,3\u00d715 cm<\/td>\n<\/tr>\n<tr style=\"height: 13.50pt;\">\n<td style=\"height: 13.50pt;\" height=\"18\">Material<\/td>\n<td>Vidrio transparente<\/td>\n<\/tr>\n<tr style=\"height: 13.50pt;\">\n<td style=\"height: 13.50pt;\" height=\"18\">Tipo de tapa<\/td>\n<td>Tapa de abrazadera de metal con asa de alambre<\/td>\n<\/tr>\n<tr style=\"height: 13.50pt;\">\n<td style=\"height: 13.50pt;\" height=\"18\">Ideal para<\/td>\n<td>Frascos de vidrio con tapa herm\u00e9tica, frascos de vidrio para almacenar<\/td>\n<\/tr>\n<\/tbody>\n<\/table>\n<h2>Caso de \u00e9xito: Renovaci\u00f3n del almac\u00e9n de un supermercado gourmet<\/h2>\n<p>Un supermercado de alimentos especializados necesitaba un sistema de organizaci\u00f3n superior para su secci\u00f3n de alimentos a granel. Por ello, seleccionaron nuestros frascos de vidrio cuadrados de 750 ml con tapas herm\u00e9ticas para almacenar cereales, pasta y frutos secos. Las tapas herm\u00e9ticas prolongaron la vida \u00fatil en un 40 % y redujeron el desperdicio de producto en un 60 %. Los clientes pod\u00edan identificar f\u00e1cilmente los productos gracias al vidrio transparente, lo que agiliz\u00f3 la compra en un 35 %. Teniendo en cuenta estos resultados, realizaron un pedido adicional de 2.500.000 frascos para ampliar su secci\u00f3n de alimentos a granel.<\/p>\n<h2>Opciones de personalizaci\u00f3n de frascos de vidrio cuadrados para almacenamiento<\/h2>\n<ul>\n<li>Paneles laterales esmerilados: el acabado mate del panel se logra elegantemente mediante grabado \u00e1cido.<\/li>\n<li>Etiquetas serigrafiadas: agregue patrones de tinta cer\u00e1mica legibles y duraderos sobre una superficie plana<\/li>\n<li>Marcadores de capacidad en relieve: se pueden hacer con delicadas l\u00edneas de escala en relieve<\/li>\n<li>Vitrales: El vidrio puede absorber la luz da\u00f1ina. Los recipientes pueden ser de vidrio \u00e1mbar o verde y se utilizan para protecci\u00f3n.<\/li>\n<\/ul>","protected":false},"excerpt":{"rendered":"<p>Mejora tu despensa con estos resistentes frascos cuadrados de vidrio. Estos frascos con tapa herm\u00e9tica ofrecen una protecci\u00f3n fiable para la frescura. Muestras gratuitas a petici\u00f3n.<\/p>","protected":false},"featured_media":3908,"template":"","meta":{"postBodyCss":"","postBodyMargin":[],"postBodyPadding":[],"postBodyBackground":{"backgroundType":"classic","gradient":""}},"product_brand":[],"product_cat":[15,17,59],"product_tag":[66],"class_list":{"0":"post-3905","1":"product","2":"type-product","3":"status-publish","4":"has-post-thumbnail","6":"product_cat-glass-containers","7":"product_cat-glass-jars","8":"product_cat-glass-storage-jars","9":"product_tag-swing-top-jars","11":"first","12":"instock","13":"shipping-taxable","14":"product-type-simple"},"jetpack_sharing_enabled":true,"_links":{"self":[{"href":"https:\/\/minghanggroup.com\/es\/wp-json\/wp\/v2\/product\/3905","targetHints":{"allow":["GET"]}}],"collection":[{"href":"https:\/\/minghanggroup.com\/es\/wp-json\/wp\/v2\/product"}],"about":[{"href":"https:\/\/minghanggroup.com\/es\/wp-json\/wp\/v2\/types\/product"}],"wp:featuredmedia":[{"embeddable":true,"href":"https:\/\/minghanggroup.com\/es\/wp-json\/wp\/v2\/media\/3908"}],"wp:attachment":[{"href":"https:\/\/minghanggroup.com\/es\/wp-json\/wp\/v2\/media?parent=3905"}],"wp:term":[{"taxonomy":"product_brand","embeddable":true,"href":"https:\/\/minghanggroup.com\/es\/wp-json\/wp\/v2\/product_brand?post=3905"},{"taxonomy":"product_cat","embeddable":true,"href":"https:\/\/minghanggroup.com\/es\/wp-json\/wp\/v2\/product_cat?post=3905"},{"taxonomy":"product_tag","embeddable":true,"href":"https:\/\/minghanggroup.com\/es\/wp-json\/wp\/v2\/product_tag?post=3905"}],"curies":[{"name":"wp","href":"https:\/\/api.w.org\/{rel}","templated":true}]}}