{"id":3900,"date":"2025-12-11T11:50:05","date_gmt":"2025-12-11T03:50:05","guid":{"rendered":"https:\/\/minghanggroup.com\/?post_type=product&#038;p=3900"},"modified":"2025-12-12T14:22:39","modified_gmt":"2025-12-12T06:22:39","slug":"custom-double-walled-water-bottles-for-beverage-wholesale","status":"publish","type":"product","link":"https:\/\/minghanggroup.com\/es\/producto\/custom-double-walled-water-bottles-for-beverage-wholesale\/","title":{"rendered":"Botellas de agua de doble pared personalizadas de 400 ml para bebidas al por mayor"},"content":{"rendered":"<p>Deja de usar botellas de pl\u00e1stico fr\u00e1giles que hacen que tu marca parezca barata. Nuestra serie de botellas de agua de doble pared no solo refresca tus bebidas, sino que tambi\u00e9n es atractiva para tu marca. Estas botellas de agua de doble pared son perfectas para llevar contigo al \u00e9xito en ventas al por mayor.<\/p>\n<h2>Caracter\u00edsticas del producto<\/h2>\n<ul>\n<li><strong>Aislamiento de doble capa: <\/strong>Nuestra botella de agua de doble pared es capaz de mantener calientes las bebidas calientes y fr\u00edas las bebidas fr\u00edas durante un per\u00edodo de tiempo m\u00e1s largo, por lo que puede continuar con su hidrataci\u00f3n durante todo el d\u00eda sin que se pierda la temperatura.<\/li>\n<li><strong>Conveniencia de boca ancha: <\/strong>La boca de 38 mm de ancho hace que sea muy f\u00e1cil llenarla, limpiarla y agregar hojas de t\u00e9 o frutas a su ingesta diaria de agua.<\/li>\n<li><strong>Vidrio de borosilicato de primera calidad: <\/strong>Dise\u00f1ado en vidrio de borosilicato resistente, apto para lavavajillas, congelador y resistente a los choques t\u00e9rmicos, sin fugas ni roturas.<\/li>\n<\/ul>\n<h2>Especificaciones clave<\/h2>\n<table style=\"border-collapse: collapse; width: 80%; margin-left: auto; margin-right: auto;\" border=\"0\" width=\"360\" cellspacing=\"0\" cellpadding=\"0\">\n<tbody>\n<tr style=\"height: 13.50pt;\">\n<td style=\"height: 13.5pt; width: 54pt; text-align: center;\" width=\"72\" height=\"18\">Capacidad<\/td>\n<td style=\"width: 54pt; text-align: center;\" width=\"72\">Tama\u00f1o (cm)<\/td>\n<td style=\"width: 54pt; text-align: center;\" width=\"72\">Di\u00e1metro<\/td>\n<td style=\"width: 54pt; text-align: center;\" width=\"72\">Material<\/td>\n<td style=\"width: 54pt; text-align: center;\" width=\"72\">Caracter\u00edstica<\/td>\n<\/tr>\n<tr style=\"height: 13.50pt;\">\n<td class=\"et2\" style=\"height: 27pt; text-align: center;\" rowspan=\"2\" height=\"36\">400 ml<\/td>\n<td style=\"text-align: center;\">6,6 x 21,5<\/td>\n<td class=\"et2\" style=\"text-align: center;\" rowspan=\"2\">38 mm<\/td>\n<td class=\"et2\" style=\"text-align: center;\" rowspan=\"2\">Borosilicato<\/td>\n<td class=\"et2\" style=\"text-align: center;\" rowspan=\"2\">Doble pared<\/td>\n<\/tr>\n<tr style=\"height: 13.50pt;\">\n<td style=\"text-align: center;\">7,0 x 20,5<\/td>\n<\/tr>\n<\/tbody>\n<\/table>\n<h2>Caso de \u00e9xito<\/h2>\n<p>Una marca estadounidense de estilo de vida saludable acudi\u00f3 a nosotros en busca de un producto de hidrataci\u00f3n de lujo que mejorara su l\u00ednea de productos sin tener que realizar m\u00e1s controles de calidad. Tras probar las muestras, se decidieron por nuestra botella de agua de vidrio de doble pared y boca ancha, ya que era muy transparente, ten\u00eda un peso uniforme y un aislamiento muy estable. Adaptamos el color de la tapa a su marca y le a\u00f1adimos un elegante logotipo grabado con chorro de arena.<\/p>\n<p>El minorista ahora nos realiza pedidos cada trimestre para continuar con su stock y tambi\u00e9n solicita nuevas tapas de colores y mejores empaques cada vez.<\/p>\n<h2>Tus consejos de personalizaci\u00f3n<\/h2>\n<p>Si este recipiente para agua es de tu estilo pero sientes que no combina con tu marca, puedes hacer que se parezca m\u00e1s a tu marca simplemente pensando en las partes de las que est\u00e1 hecho: el material de la tapa, la estructura del filtro, la capacidad y el dise\u00f1o externo. A modo de ejemplo, se puede seleccionar una tapa de metal cepillado para realzar la apariencia; una marca natural puede estilizar el cuerpo de la botella con un acabado esmerilado o un logotipo impreso ligero para una apariencia m\u00e1s natural; y si se trata de una marca de t\u00e9 o de productos relacionados con la salud, entonces variar el tama\u00f1o de la malla del filtro y el grosor de la doble pared no solo puede hacerlo m\u00e1s \u00fatil, sino tambi\u00e9n m\u00e1s reconocible.<\/p>","protected":false},"excerpt":{"rendered":"<p>Proveedor de f\u00e1brica de botellas de agua de doble pared y de doble cara personalizadas. Trabajamos con pedidos al por mayor y producimos r\u00e1pidamente. Muestra gratuita.<\/p>","protected":false},"featured_media":3901,"template":"","meta":{"postBodyCss":"","postBodyMargin":[],"postBodyPadding":[],"postBodyBackground":{"backgroundType":"classic","gradient":""}},"product_brand":[],"product_cat":[15,16,60],"product_tag":[],"class_list":{"0":"post-3900","1":"product","2":"type-product","3":"status-publish","4":"has-post-thumbnail","6":"product_cat-glass-containers","7":"product_cat-glass-bottles","8":"product_cat-water-bottles","10":"first","11":"instock","12":"shipping-taxable","13":"product-type-simple"},"jetpack_sharing_enabled":true,"_links":{"self":[{"href":"https:\/\/minghanggroup.com\/es\/wp-json\/wp\/v2\/product\/3900","targetHints":{"allow":["GET"]}}],"collection":[{"href":"https:\/\/minghanggroup.com\/es\/wp-json\/wp\/v2\/product"}],"about":[{"href":"https:\/\/minghanggroup.com\/es\/wp-json\/wp\/v2\/types\/product"}],"wp:featuredmedia":[{"embeddable":true,"href":"https:\/\/minghanggroup.com\/es\/wp-json\/wp\/v2\/media\/3901"}],"wp:attachment":[{"href":"https:\/\/minghanggroup.com\/es\/wp-json\/wp\/v2\/media?parent=3900"}],"wp:term":[{"taxonomy":"product_brand","embeddable":true,"href":"https:\/\/minghanggroup.com\/es\/wp-json\/wp\/v2\/product_brand?post=3900"},{"taxonomy":"product_cat","embeddable":true,"href":"https:\/\/minghanggroup.com\/es\/wp-json\/wp\/v2\/product_cat?post=3900"},{"taxonomy":"product_tag","embeddable":true,"href":"https:\/\/minghanggroup.com\/es\/wp-json\/wp\/v2\/product_tag?post=3900"}],"curies":[{"name":"wp","href":"https:\/\/api.w.org\/{rel}","templated":true}]}}