{"id":3895,"date":"2025-12-10T17:44:40","date_gmt":"2025-12-10T09:44:40","guid":{"rendered":"https:\/\/minghanggroup.com\/?post_type=product&#038;p=3895"},"modified":"2026-01-20T13:49:55","modified_gmt":"2026-01-20T05:49:55","slug":"small-round-airtight-glass-jars-for-food-storage-bulk","status":"publish","type":"product","link":"https:\/\/minghanggroup.com\/es\/producto\/small-round-airtight-glass-jars-for-food-storage-bulk\/","title":{"rendered":"Frascos de vidrio herm\u00e9ticos peque\u00f1os y redondos de 100 ml para almacenar alimentos a granel"},"content":{"rendered":"<p>Este frasco herm\u00e9tico port\u00e1til de vidrio tiene una forma rectangular redondeada y est\u00e1 hecho de vidrio transparente y elegante. El frasco transparente te permite ver al instante los snacks, hierbas o especias que contiene, mientras que su resistente tapa met\u00e1lica mantiene la frescura intacta.<\/p>\n<h2>Caracter\u00edsticas del producto<\/h2>\n<ul>\n<li><strong>Dise\u00f1o cuadrado redondeado distintivo:<\/strong> Los lados suavemente redondeados fusionan la apariencia angular con la estabilidad funcional.<\/li>\n<li><strong>Dise\u00f1o de sellado a presi\u00f3n:<\/strong> Un anillo de sellado de goma de la mejor calidad cierra el recipiente herm\u00e9ticamente, creando as\u00ed un lugar donde el aire y la humedad no pueden entrar.<\/li>\n<li><strong>Dise\u00f1o c\u00f3modo y seguro de usar:<\/strong> La parte de la curva en el medio es como un asa con la que puedes sujetar f\u00e1cilmente el frasco de vidrio herm\u00e9tico con una mano, y el fondo rectangular mantendr\u00e1 el frasco estable si lo colocas sobre una encimera o en un armario.<\/li>\n<\/ul>\n<h2 style=\"text-align: left;\">Especificaciones clave<\/h2>\n<table class=\"aligncenter\" style=\"border-collapse: collapse; width: 384.02pt;\" border=\"0\" width=\"512\" cellspacing=\"0\" cellpadding=\"0\">\n<tbody>\n<tr style=\"height: 13.50pt;\">\n<td style=\"height: 13.50pt; width: 86.25pt;\" width=\"115\" height=\"18\">Especificaci\u00f3n<\/td>\n<td style=\"width: 297.75pt;\" width=\"397\">Detalles<\/td>\n<\/tr>\n<tr style=\"height: 13.50pt;\">\n<td style=\"height: 13.50pt;\" height=\"18\">Capacidad<\/td>\n<td>100 ml<\/td>\n<\/tr>\n<tr style=\"height: 13.50pt;\">\n<td style=\"height: 13.50pt;\" height=\"18\">Dimensiones<\/td>\n<td>5,6 \u00d7 8,4 cm<\/td>\n<\/tr>\n<tr style=\"height: 13.50pt;\">\n<td style=\"height: 13.50pt;\" height=\"18\">Material<\/td>\n<td>Vidrio transparente<\/td>\n<\/tr>\n<tr style=\"height: 13.50pt;\">\n<td style=\"height: 13.50pt;\" height=\"18\">Tipo de tapa<\/td>\n<td>Tapa con abrazadera de metal y asa de alambre<\/td>\n<\/tr>\n<tr style=\"height: 13.50pt;\">\n<td style=\"height: 13.50pt;\" height=\"18\">Ideal para<\/td>\n<td>Frascos de vidrio para almacenar alimentos, frascos herm\u00e9ticos de vidrio.<\/td>\n<\/tr>\n<\/tbody>\n<\/table>\n<h2>Historia de \u00e9xito: Transformaci\u00f3n del packaging para una marca de fragancias de lujo<\/h2>\n<p>Una marca de perfumes de lujo necesitaba una forma diferente de presentar sus productos para atraer clientes en un mercado competitivo. Gracias a su distintivo dise\u00f1o cuadrado redondeado, optaron por nuestros frascos de vidrio de 100 ml para almacenar alimentos. Gracias al cierre herm\u00e9tico, la vida \u00fatil de sus especias se prolong\u00f3 un 45 % en comparaci\u00f3n con los envases anteriores. Su innovadora forma, que se convirti\u00f3 en la se\u00f1a de identidad de su imagen, impuls\u00f3 su participaci\u00f3n en redes sociales en un 50 %. Gracias al sistema de cierre herm\u00e9tico, se evitaron fugas, el env\u00edo se realiz\u00f3 sin problemas y las devoluciones por da\u00f1os se redujeron en un 60 %. Tras su espectacular rendimiento, decidieron realizar otros pedidos de 250\u00a0000 frascos para promocionar el producto a nivel nacional.<\/p>\n<h2>Opciones de personalizaci\u00f3n de frascos de vidrio herm\u00e9ticos<\/h2>\n<ul>\n<li>Patrones de serigraf\u00eda: cubra el \u00e1rea plana con tinta cer\u00e1mica duradera decorada con diferentes patrones<\/li>\n<li>Marcadores de capacidad en relieve: se pueden crear delicadas l\u00edneas de escala en relieve de la capacidad<\/li>\n<li>Vidrieras: vidrio disponible en color \u00e1mbar o verde para proteger el contenido de la luz.<\/li>\n<li>Recubrimiento texturizado mate: el cliente obtiene un mejor agarre al utilizar un recubrimiento suave al tacto.<\/li>\n<li>Variaciones de bordes redondeados: se pueden lograr diferentes efectos est\u00e9ticos modificando el radio de la esquina redondeada.<\/li>\n<\/ul>","protected":false},"excerpt":{"rendered":"<p>Nuestros peque\u00f1os frascos de vidrio para almacenar alimentos ofrecen un dise\u00f1o elegante y un sellado herm\u00e9tico. El frasco herm\u00e9tico es perfecto para especias o t\u00e9. Solicite una muestra gratis ahora.<\/p>","protected":false},"featured_media":3896,"template":"","meta":{"postBodyCss":"","postBodyMargin":[],"postBodyPadding":[],"postBodyBackground":{"backgroundType":"classic","gradient":""}},"product_brand":[],"product_cat":[15,17,59],"product_tag":[66],"class_list":{"0":"post-3895","1":"product","2":"type-product","3":"status-publish","4":"has-post-thumbnail","6":"product_cat-glass-containers","7":"product_cat-glass-jars","8":"product_cat-glass-storage-jars","9":"product_tag-swing-top-jars","11":"first","12":"instock","13":"shipping-taxable","14":"product-type-simple"},"jetpack_sharing_enabled":true,"_links":{"self":[{"href":"https:\/\/minghanggroup.com\/es\/wp-json\/wp\/v2\/product\/3895","targetHints":{"allow":["GET"]}}],"collection":[{"href":"https:\/\/minghanggroup.com\/es\/wp-json\/wp\/v2\/product"}],"about":[{"href":"https:\/\/minghanggroup.com\/es\/wp-json\/wp\/v2\/types\/product"}],"wp:featuredmedia":[{"embeddable":true,"href":"https:\/\/minghanggroup.com\/es\/wp-json\/wp\/v2\/media\/3896"}],"wp:attachment":[{"href":"https:\/\/minghanggroup.com\/es\/wp-json\/wp\/v2\/media?parent=3895"}],"wp:term":[{"taxonomy":"product_brand","embeddable":true,"href":"https:\/\/minghanggroup.com\/es\/wp-json\/wp\/v2\/product_brand?post=3895"},{"taxonomy":"product_cat","embeddable":true,"href":"https:\/\/minghanggroup.com\/es\/wp-json\/wp\/v2\/product_cat?post=3895"},{"taxonomy":"product_tag","embeddable":true,"href":"https:\/\/minghanggroup.com\/es\/wp-json\/wp\/v2\/product_tag?post=3895"}],"curies":[{"name":"wp","href":"https:\/\/api.w.org\/{rel}","templated":true}]}}