{"id":3886,"date":"2025-12-10T11:26:51","date_gmt":"2025-12-10T03:26:51","guid":{"rendered":"https:\/\/minghanggroup.com\/?post_type=product&#038;p=3886"},"modified":"2026-01-20T13:50:01","modified_gmt":"2026-01-20T05:50:01","slug":"small-hexagon-glass-food-storage-jars-with-lids-bulk","status":"publish","type":"product","link":"https:\/\/minghanggroup.com\/es\/producto\/small-hexagon-glass-food-storage-jars-with-lids-bulk\/","title":{"rendered":"Frascos de vidrio hexagonales peque\u00f1os de 100 ml con tapa para almacenar alimentos (a granel)"},"content":{"rendered":"<p>Este peque\u00f1o y moderno tarro de cristal para almacenar alimentos rebosa personalidad. Est\u00e1 fabricado con un solo panel de vidrio y presenta un cuerpo hexagonal de hermoso dise\u00f1o, con l\u00edneas limpias y esquinas redondeadas que realzan el efecto visual. La tapa met\u00e1lica con clip cuenta con un anillo de alambre que garantiza un cierre herm\u00e9tico.<\/p>\n<h2>Caracter\u00edsticas del producto<\/h2>\n<ul>\n<li><strong>Dise\u00f1o hexagonal compacto:<\/strong> Gracias a su transparencia y a su forma hexagonal compacta, tambi\u00e9n es posible ver las partes internas sin abrir el contenedor, mientras que la forma compacta ahorra espacio.<\/li>\n<li><strong>Estable y f\u00e1cil de colocar:<\/strong> Se utiliza una base hexagonal para evitar que ruede, garantizando as\u00ed la estabilidad.<\/li>\n<li><strong>Visibilidad multi\u00e1ngulo:<\/strong> Debido al cuerpo plano del frasco, algunas personas incluso pueden pensar que se trata de una foto, ya que pueden verlo muy claramente desde diferentes lados sin girar el frasco.<\/li>\n<\/ul>\n<h2 style=\"text-align: left;\">Especificaciones clave<\/h2>\n<table class=\"aligncenter\" style=\"border-collapse: collapse; width: 393.77pt;\" border=\"0\" width=\"525\" cellspacing=\"0\" cellpadding=\"0\">\n<tbody>\n<tr style=\"height: 13.50pt;\">\n<td style=\"height: 13.50pt; width: 92.25pt;\" width=\"123\" height=\"18\">Especificaci\u00f3n<\/td>\n<td style=\"width: 301.50pt;\" width=\"402\">Detalles<\/td>\n<\/tr>\n<tr style=\"height: 13.50pt;\">\n<td style=\"height: 13.50pt;\" height=\"18\">Capacidad<\/td>\n<td>100 ml<\/td>\n<\/tr>\n<tr style=\"height: 13.50pt;\">\n<td style=\"height: 13.50pt;\" height=\"18\">Dimensiones<\/td>\n<td>5,7 \u00d7 8,7 cm<\/td>\n<\/tr>\n<tr style=\"height: 13.50pt;\">\n<td style=\"height: 13.50pt;\" height=\"18\">Forma de tarro<\/td>\n<td>Hex\u00e1gono<\/td>\n<\/tr>\n<tr style=\"height: 13.50pt;\">\n<td style=\"height: 13.50pt;\" height=\"18\">Material<\/td>\n<td>Vidrio transparente<\/td>\n<\/tr>\n<tr style=\"height: 13.50pt;\">\n<td style=\"height: 13.50pt;\" height=\"18\">Tipo de tapa<\/td>\n<td>Tapa de abrazadera de metal con asa de alambre<\/td>\n<\/tr>\n<tr style=\"height: 13.50pt;\">\n<td style=\"height: 13.50pt;\" height=\"18\">Ideal para<\/td>\n<td>Frasco de vidrio para almacenar alimentos, frascos de vidrio peque\u00f1os para almacenar<\/td>\n<\/tr>\n<\/tbody>\n<\/table>\n<h2>Historia de \u00e9xito: Caso de \u00e9xito de packaging de una marca de t\u00e9 premium<\/h2>\n<p>Una empresa de t\u00e9 premium buscaba un empaque exquisito para presentar su nueva l\u00ednea de productos. Finalmente, se decidieron por nuestros peque\u00f1os frascos de vidrio de 100 ml con tapa, y el dise\u00f1o hexagonal se convirti\u00f3 en su elemento distintivo, lo que gener\u00f3 un aumento del 50 % en las menciones en redes sociales. Los minoristas han registrado un aumento del 35 % en la interacci\u00f3n con los clientes y del 30 % en las compras impulsivas. Por ello, han realizado un pedido de 180\u00a0000 frascos adicionales para expandirse a todo el pa\u00eds.<\/p>\n<h2>Opciones de personalizaci\u00f3n para frascos de vidrio para almacenar alimentos<\/h2>\n<ul>\n<li>Serigraf\u00eda del logotipo de la marca: coloque un logotipo de marca duradero en un panel plano.<\/li>\n<li>Marcadores de capacidad en relieve: crea l\u00edneas de escala ligeras y en relieve.<\/li>\n<li>Opciones de vidrieras: puede elegir entre vidrio \u00e1mbar o azul cobalto.<\/li>\n<li>Colores de juntas de silicona: los colores de las juntas se pueden ajustar al esquema de colores de su marca.<\/li>\n<\/ul>","protected":false},"excerpt":{"rendered":"<p>Descubra estos elegantes frascos de vidrio peque\u00f1os con tapas hexagonales. Cada frasco es duradero y herm\u00e9tico. Muestras gratis.<\/p>","protected":false},"featured_media":3889,"template":"","meta":{"postBodyCss":"","postBodyMargin":[],"postBodyPadding":[],"postBodyBackground":{"backgroundType":"classic","gradient":""}},"product_brand":[],"product_cat":[15,17,59],"product_tag":[66],"class_list":{"0":"post-3886","1":"product","2":"type-product","3":"status-publish","4":"has-post-thumbnail","6":"product_cat-glass-containers","7":"product_cat-glass-jars","8":"product_cat-glass-storage-jars","9":"product_tag-swing-top-jars","11":"first","12":"instock","13":"shipping-taxable","14":"product-type-simple"},"jetpack_sharing_enabled":true,"_links":{"self":[{"href":"https:\/\/minghanggroup.com\/es\/wp-json\/wp\/v2\/product\/3886","targetHints":{"allow":["GET"]}}],"collection":[{"href":"https:\/\/minghanggroup.com\/es\/wp-json\/wp\/v2\/product"}],"about":[{"href":"https:\/\/minghanggroup.com\/es\/wp-json\/wp\/v2\/types\/product"}],"wp:featuredmedia":[{"embeddable":true,"href":"https:\/\/minghanggroup.com\/es\/wp-json\/wp\/v2\/media\/3889"}],"wp:attachment":[{"href":"https:\/\/minghanggroup.com\/es\/wp-json\/wp\/v2\/media?parent=3886"}],"wp:term":[{"taxonomy":"product_brand","embeddable":true,"href":"https:\/\/minghanggroup.com\/es\/wp-json\/wp\/v2\/product_brand?post=3886"},{"taxonomy":"product_cat","embeddable":true,"href":"https:\/\/minghanggroup.com\/es\/wp-json\/wp\/v2\/product_cat?post=3886"},{"taxonomy":"product_tag","embeddable":true,"href":"https:\/\/minghanggroup.com\/es\/wp-json\/wp\/v2\/product_tag?post=3886"}],"curies":[{"name":"wp","href":"https:\/\/api.w.org\/{rel}","templated":true}]}}