{"id":3885,"date":"2025-12-10T11:57:32","date_gmt":"2025-12-10T03:57:32","guid":{"rendered":"https:\/\/minghanggroup.com\/?post_type=product&#038;p=3885"},"modified":"2026-01-20T14:19:08","modified_gmt":"2026-01-20T06:19:08","slug":"thick-base-custom-water-bottle-for-beverage-wholesale","status":"publish","type":"product","link":"https:\/\/minghanggroup.com\/es\/producto\/thick-base-custom-water-bottle-for-beverage-wholesale\/","title":{"rendered":"Botella de agua personalizada de base gruesa de 300 ml a 650 ml para venta al por mayor de bebidas"},"content":{"rendered":"<p>Desde el momento en que los clientes la levantan, elija una botella que vaya m\u00e1s all\u00e1 de simplemente contener su marca. Nuestras botellas de agua de vidrio personalizadas son la combinaci\u00f3n perfecta de transparencia, resistencia y opciones de personalizaci\u00f3n que resaltan su singularidad. Fabricadas con est\u00e1ndares de venta al por mayor, no solo mantienen su bebida fresca, sino que tambi\u00e9n aumentan la visibilidad de su marca en cada mercado al que ingresa.<\/p>\n<h2>Caracter\u00edsticas del producto<\/h2>\n<ul>\n<li><strong>Ventaja de boca ancha: <\/strong>La abertura de 38 mm de ancho facilita el llenado, la limpieza y la adici\u00f3n de frutas u hojas de t\u00e9, ideal para su ingesta diaria de agua.<\/li>\n<li><strong>Estabilidad de base gruesa: <\/strong>La parte inferior reforzada es resistente a vuelcos y grietas durante el transporte, por lo que sus botellas est\u00e1n preparadas para un manejo a granel durante mucho tiempo.<\/li>\n<li><strong>El poder de la marca personalizada: <\/strong>Al agregar su logotipo o seleccionar colores personalizados, haga de cada botella de agua de 16 oz una declaraci\u00f3n de marca personal de su l\u00ednea mayorista.<\/li>\n<\/ul>\n<h2>Especificaciones clave<\/h2>\n<table style=\"border-collapse: collapse; width: 80%; margin-right: auto; margin-left: auto;\" border=\"0\" width=\"360\" cellspacing=\"0\" cellpadding=\"0\">\n<tbody>\n<tr style=\"height: 13.50pt;\">\n<td style=\"height: 13.5pt; width: 54pt; text-align: center;\" width=\"72\" height=\"18\">Capacidad (ml)<\/td>\n<td style=\"width: 54pt; text-align: center;\" width=\"72\">Tama\u00f1o (cm)<\/td>\n<td style=\"width: 54pt; text-align: center;\" width=\"72\">Material<\/td>\n<td style=\"width: 54pt; text-align: center;\" width=\"72\">Caracter\u00edsticas<\/td>\n<td style=\"width: 54pt; text-align: center;\" width=\"72\">Di\u00e1metro<\/td>\n<\/tr>\n<tr style=\"height: 13.50pt;\">\n<td style=\"height: 13.5pt; text-align: center;\" align=\"right\" height=\"18\">300<\/td>\n<td style=\"text-align: center;\">6.6 * 13.7<\/td>\n<td class=\"et2\" style=\"text-align: center;\" rowspan=\"4\">Vidrio de borosilicato<\/td>\n<td class=\"et2\" style=\"text-align: center;\" rowspan=\"4\">Base gruesa<\/td>\n<td class=\"et2\" style=\"text-align: center;\" rowspan=\"4\">38 mm<\/td>\n<\/tr>\n<tr style=\"height: 13.50pt;\">\n<td style=\"height: 13.5pt; text-align: center;\" align=\"right\" height=\"18\">480<\/td>\n<td style=\"text-align: center;\">6.6 * 19.5<\/td>\n<\/tr>\n<tr style=\"height: 13.50pt;\">\n<td style=\"height: 13.5pt; text-align: center;\" align=\"right\" height=\"18\">550<\/td>\n<td style=\"text-align: center;\">6.6 * 22.5<\/td>\n<\/tr>\n<tr style=\"height: 13.50pt;\">\n<td style=\"height: 13.5pt; text-align: center;\" align=\"right\" height=\"18\">650<\/td>\n<td style=\"text-align: center;\">7.0 * 22.0<\/td>\n<\/tr>\n<\/tbody>\n<\/table>\n<h2>Caso de \u00e9xito de las botellas de agua personalizadas<\/h2>\n<p>Una marca de salud de Colorado en r\u00e1pida expansi\u00f3n estaba a punto de lanzar una nueva l\u00ednea de agua infusionada, pero no encontraba una botella que reflejara su alta calidad. Mejoramos el hombro de la botella para que fuera m\u00e1s resistente al calor, ofrecimos una tapa a prueba de fugas dise\u00f1ada espec\u00edficamente para su l\u00ednea de llenado y establecimos un programa de entrega mensual regular que se ajustaba a su plan de distribuci\u00f3n.<\/p>\n<p>El cliente nos dijo que en menos de dos meses hab\u00eda logrado una mejora del 27% en la presentaci\u00f3n en los estantes, hab\u00eda eliminado las quejas relacionadas con el empaque y pudo abrir dos cadenas minoristas m\u00e1s como resultado de la apariencia mejorada y el suministro confiable.<\/p>\n<h2>Tus consejos de personalizaci\u00f3n<\/h2>\n<p>En caso de que desee personalizar este recipiente de agua de vidrio, seleccionar un acabado esmerilado, degradado o totalmente transparente le permitir\u00e1 combinar la botella con el car\u00e1cter de su marca. Adem\u00e1s, un logotipo grabado en el hombro o la base, junto con la combinaci\u00f3n de la botella con una funda de silicona del color de su marca para el agarre y la identidad visual, puede llevar el reconocimiento a un nivel superior. Este tipo de mezclas permiten que su botella no solo parezca diferente, sino que tambi\u00e9n se convierta en una parte integral de la historia de su marca en los canales minoristas y mayoristas.<\/p>","protected":false},"excerpt":{"rendered":"<p>Botella de agua personalizada fabricada en f\u00e1brica con una boca ancha y una base gruesa para mayor estabilidad; una botella de agua de 16 oz ideal para pedidos al por mayor y personalizaci\u00f3n de marca.<\/p>","protected":false},"featured_media":3893,"template":"","meta":{"postBodyCss":"","postBodyMargin":[],"postBodyPadding":[],"postBodyBackground":{"backgroundType":"classic","gradient":""}},"product_brand":[],"product_cat":[15,16,60],"product_tag":[72],"class_list":{"0":"post-3885","1":"product","2":"type-product","3":"status-publish","4":"has-post-thumbnail","6":"product_cat-glass-containers","7":"product_cat-glass-bottles","8":"product_cat-water-bottles","9":"product_tag-juice-bottles","11":"first","12":"instock","13":"shipping-taxable","14":"product-type-simple"},"jetpack_sharing_enabled":true,"_links":{"self":[{"href":"https:\/\/minghanggroup.com\/es\/wp-json\/wp\/v2\/product\/3885","targetHints":{"allow":["GET"]}}],"collection":[{"href":"https:\/\/minghanggroup.com\/es\/wp-json\/wp\/v2\/product"}],"about":[{"href":"https:\/\/minghanggroup.com\/es\/wp-json\/wp\/v2\/types\/product"}],"wp:featuredmedia":[{"embeddable":true,"href":"https:\/\/minghanggroup.com\/es\/wp-json\/wp\/v2\/media\/3893"}],"wp:attachment":[{"href":"https:\/\/minghanggroup.com\/es\/wp-json\/wp\/v2\/media?parent=3885"}],"wp:term":[{"taxonomy":"product_brand","embeddable":true,"href":"https:\/\/minghanggroup.com\/es\/wp-json\/wp\/v2\/product_brand?post=3885"},{"taxonomy":"product_cat","embeddable":true,"href":"https:\/\/minghanggroup.com\/es\/wp-json\/wp\/v2\/product_cat?post=3885"},{"taxonomy":"product_tag","embeddable":true,"href":"https:\/\/minghanggroup.com\/es\/wp-json\/wp\/v2\/product_tag?post=3885"}],"curies":[{"name":"wp","href":"https:\/\/api.w.org\/{rel}","templated":true}]}}