{"id":3879,"date":"2025-12-10T09:58:49","date_gmt":"2025-12-10T01:58:49","guid":{"rendered":"https:\/\/minghanggroup.com\/?post_type=product&#038;p=3879"},"modified":"2026-01-20T13:50:08","modified_gmt":"2026-01-20T05:50:08","slug":"small-square-glass-airtight-jars-with-clamp-lids-bulk","status":"publish","type":"product","link":"https:\/\/minghanggroup.com\/es\/producto\/small-square-glass-airtight-jars-with-clamp-lids-bulk\/","title":{"rendered":"Frascos herm\u00e9ticos de vidrio cuadrados peque\u00f1os de 100 ml con tapas de abrazadera a granel"},"content":{"rendered":"<p>Estos elegantes y herm\u00e9ticos frascos de vidrio destacan entre muchos frascos herm\u00e9ticos de peque\u00f1a capacidad. A primera vista, llaman la atenci\u00f3n sus cuerpos de vidrio compactos, cuadrados y transparentes con bordes redondeados y lisos.<\/p>\n<h2>Caracter\u00edsticas del producto<\/h2>\n<ul>\n<li><strong>Forma cuadrada que ahorra espacio:<\/strong> Como los lados son rectos, los frascos se pueden apilar no solo en los estantes, sino uno encima del otro, ahorrando as\u00ed mucho espacio de almacenamiento com\u00fanmente utilizado.<\/li>\n<li><strong>Caza de focas:<\/strong> Un atractivo anillo de sellado de goma de calidad es lo que separa el frasco del resto del mundo aislando perfectamente no solo el aire sino que tampoco deja entrar humedad, prolongando as\u00ed significativamente la frescura.<\/li>\n<li><strong>Dise\u00f1o de fondo plano con fuerte:<\/strong> El fondo cuadrado es el que evita que el frasco ruede y as\u00ed asegura una superficie estable y plana.<\/li>\n<\/ul>\n<h2 style=\"text-align: left;\">Especificaciones clave<\/h2>\n<table class=\"aligncenter\" style=\"border-collapse: collapse; width: 338.27pt;\" border=\"0\" width=\"451\" cellspacing=\"0\" cellpadding=\"0\">\n<tbody>\n<tr style=\"height: 13.50pt;\">\n<td style=\"height: 13.50pt; width: 92.25pt;\" width=\"123\" height=\"18\">Especificaci\u00f3n<\/td>\n<td style=\"width: 246.00pt;\" width=\"328\">Detalles<\/td>\n<\/tr>\n<tr style=\"height: 13.50pt;\">\n<td style=\"height: 13.50pt;\" height=\"18\">Capacidad<\/td>\n<td>100 ml<\/td>\n<\/tr>\n<tr style=\"height: 13.50pt;\">\n<td style=\"height: 13.50pt;\" height=\"18\">Dimensiones<\/td>\n<td>5,1 \u00d7 7,9 cm<\/td>\n<\/tr>\n<tr style=\"height: 13.50pt;\">\n<td style=\"height: 13.50pt;\" height=\"18\">Material<\/td>\n<td>Vidrio transparente<\/td>\n<\/tr>\n<tr style=\"height: 13.50pt;\">\n<td style=\"height: 13.50pt;\" height=\"18\">Forma de tarro<\/td>\n<td>Cuadrado con esquinas redondeadas<\/td>\n<\/tr>\n<tr style=\"height: 13.50pt;\">\n<td style=\"height: 13.50pt;\" height=\"18\">Tipo de tapa<\/td>\n<td>Tapa de abrazadera de metal con asa de alambre<\/td>\n<\/tr>\n<tr style=\"height: 13.50pt;\">\n<td style=\"height: 13.50pt;\" height=\"18\">Ideal para<\/td>\n<td>Frascos herm\u00e9ticos peque\u00f1os, frascos herm\u00e9ticos de vidrio<\/td>\n<\/tr>\n<\/tbody>\n<\/table>\n<h2>Historia de \u00e9xito: Modernizaci\u00f3n del empaque de una empresa de sabores especiales<\/h2>\n<p>Una empresa de sabores exclusivos necesitaba dise\u00f1os de envases distintivos para sus nuevas l\u00edneas de productos. Finalmente, optaron por nuestros frascos herm\u00e9ticos de vidrio de 100 ml por su tama\u00f1o moderado y su dise\u00f1o compacto. \u00bfQu\u00e9 fue lo que les convenci\u00f3? El sello herm\u00e9tico. As\u00ed, lograron prolongar completamente la vida \u00fatil en tan solo un 40 % del tiempo, en comparaci\u00f3n con sus envases anteriores. El dise\u00f1o cuadrado les permiti\u00f3 aprovechar un 25 % m\u00e1s de espacio en tiendas para la exhibici\u00f3n de productos, y la durabilidad de los frascos de vidrio redujo en un 20 % la tasa de roturas durante el transporte. Por consiguiente, decidieron encargarnos otros 200\u00a0000 frascos para lanzamientos de productos en todo el pa\u00eds.<\/p>\n<h2>Opciones de frascos herm\u00e9ticos de vidrio personalizados<\/h2>\n<ul>\n<li>Acabado de panel esmerilado: produce un aspecto mate en lados alternos<\/li>\n<li>Logotipo serigrafiado: imprime un logotipo duradero en paneles laterales planos<\/li>\n<li>Opciones de vidrieras: pueden ser de color \u00e1mbar o azul cobalto.<\/li>\n<li>Variaciones de redondeo de bordes: modifique el radio de redondeo a diferentes niveles<\/li>\n<\/ul>","protected":false},"excerpt":{"rendered":"<p>Descubra nuestros frascos herm\u00e9ticos compactos de vidrio con un dise\u00f1o cuadrado impecable. Nuestros peque\u00f1os frascos herm\u00e9ticos conservan la frescura a la perfecci\u00f3n y se env\u00edan r\u00e1pidamente.<\/p>","protected":false},"featured_media":3881,"template":"","meta":{"postBodyCss":"","postBodyMargin":[],"postBodyPadding":[],"postBodyBackground":{"backgroundType":"classic","gradient":""}},"product_brand":[],"product_cat":[15,17,59],"product_tag":[66],"class_list":{"0":"post-3879","1":"product","2":"type-product","3":"status-publish","4":"has-post-thumbnail","6":"product_cat-glass-containers","7":"product_cat-glass-jars","8":"product_cat-glass-storage-jars","9":"product_tag-swing-top-jars","11":"first","12":"instock","13":"shipping-taxable","14":"product-type-simple"},"jetpack_sharing_enabled":true,"_links":{"self":[{"href":"https:\/\/minghanggroup.com\/es\/wp-json\/wp\/v2\/product\/3879","targetHints":{"allow":["GET"]}}],"collection":[{"href":"https:\/\/minghanggroup.com\/es\/wp-json\/wp\/v2\/product"}],"about":[{"href":"https:\/\/minghanggroup.com\/es\/wp-json\/wp\/v2\/types\/product"}],"wp:featuredmedia":[{"embeddable":true,"href":"https:\/\/minghanggroup.com\/es\/wp-json\/wp\/v2\/media\/3881"}],"wp:attachment":[{"href":"https:\/\/minghanggroup.com\/es\/wp-json\/wp\/v2\/media?parent=3879"}],"wp:term":[{"taxonomy":"product_brand","embeddable":true,"href":"https:\/\/minghanggroup.com\/es\/wp-json\/wp\/v2\/product_brand?post=3879"},{"taxonomy":"product_cat","embeddable":true,"href":"https:\/\/minghanggroup.com\/es\/wp-json\/wp\/v2\/product_cat?post=3879"},{"taxonomy":"product_tag","embeddable":true,"href":"https:\/\/minghanggroup.com\/es\/wp-json\/wp\/v2\/product_tag?post=3879"}],"curies":[{"name":"wp","href":"https:\/\/api.w.org\/{rel}","templated":true}]}}