{"id":3867,"date":"2025-12-09T10:37:28","date_gmt":"2025-12-09T02:37:28","guid":{"rendered":"https:\/\/minghanggroup.com\/?post_type=product&#038;p=3867"},"modified":"2026-01-20T13:50:19","modified_gmt":"2026-01-20T05:50:19","slug":"small-airtight-jars-with-pumpkin-shape-bulk","status":"publish","type":"product","link":"https:\/\/minghanggroup.com\/es\/producto\/small-airtight-jars-with-pumpkin-shape-bulk\/","title":{"rendered":"Frascos herm\u00e9ticos peque\u00f1os de 100 ml con forma de calabaza a granel"},"content":{"rendered":"<p>Estos peque\u00f1os frascos herm\u00e9ticos est\u00e1n hechos de vidrio transparente y tienen un encantador dise\u00f1o de calabaza. Sus elegantes y continuas curvas realzan su superficie y atractivo.<\/p>\n<h2>Caracter\u00edsticas del producto<\/h2>\n<ul>\n<li><strong>Dise\u00f1o de textura de calabaza:<\/strong> El vidrio es transparente y la ranura curva en forma de calabaza no solo hace visible el contenido sino que tambi\u00e9n facilita la sujeci\u00f3n del frasco, combinando as\u00ed funciones tanto decorativas como pr\u00e1cticas.<\/li>\n<li><strong>Dise\u00f1o de sellado a presi\u00f3n:<\/strong> La tapa met\u00e1lica a presi\u00f3n facilita el sellado la mayor parte del tiempo, por lo que es ideal para mantener el producto fresco y seco. La tapa se puede quitar y volver a colocar r\u00e1pida y c\u00f3modamente, ideal para almacenar peque\u00f1as cantidades de producto.<\/li>\n<li><strong>Peque\u00f1a capacidad:<\/strong> El peque\u00f1o es perfecto para guardar cosas peque\u00f1as (como caramelos, gr\u00e1nulos de aromaterapia, pendientes, etc.) que est\u00e1n desordenadas, por lo que el almacenamiento estar\u00e1 m\u00e1s ordenado.<\/li>\n<\/ul>\n<h2 style=\"text-align: left;\">Especificaciones clave<\/h2>\n<table class=\"aligncenter\" style=\"border-collapse: collapse; width: 336.02pt;\" border=\"0\" width=\"448\" cellspacing=\"0\" cellpadding=\"0\">\n<tbody>\n<tr style=\"height: 13.50pt;\">\n<td style=\"height: 13.50pt; width: 95.25pt;\" width=\"127\" height=\"18\">Especificaci\u00f3n<\/td>\n<td style=\"width: 240.75pt;\" width=\"321\">Detalles<\/td>\n<\/tr>\n<tr style=\"height: 13.50pt;\">\n<td style=\"height: 13.50pt;\" height=\"18\">Capacidad<\/td>\n<td>100 ml<\/td>\n<\/tr>\n<tr style=\"height: 13.50pt;\">\n<td style=\"height: 13.50pt;\" height=\"18\">Dimensiones<\/td>\n<td>6,4\u00d78 cm<\/td>\n<\/tr>\n<tr style=\"height: 13.50pt;\">\n<td style=\"height: 13.50pt;\" height=\"18\">Material<\/td>\n<td>Vidrio transparente<\/td>\n<\/tr>\n<tr style=\"height: 13.50pt;\">\n<td style=\"height: 13.50pt;\" height=\"18\">Forma de tarro<\/td>\n<td>Calabaza con crestas curvas<\/td>\n<\/tr>\n<tr style=\"height: 13.50pt;\">\n<td style=\"height: 13.50pt;\" height=\"18\">Tipo de tapa<\/td>\n<td>Tapa con abrazadera de metal y asa de alambre<\/td>\n<\/tr>\n<tr style=\"height: 13.50pt;\">\n<td style=\"height: 13.50pt;\" height=\"18\">Ideal para<\/td>\n<td>Frascos herm\u00e9ticos peque\u00f1os, frasco herm\u00e9tico de vidrio<\/td>\n<\/tr>\n<\/tbody>\n<\/table>\n<h2>Caso de \u00e9xito: Dise\u00f1o de packaging para una marca de t\u00e9 de lujo<\/h2>\n<p>Una empresa de t\u00e9 de lujo buscaba un dise\u00f1o de empaque \u00fanico para su nueva serie de bolsitas de t\u00e9 de muestra. Se decidieron por nuestro peque\u00f1o frasco herm\u00e9tico de 100 ml, y su adorable forma de calabaza se convirti\u00f3 en su sello distintivo, lo que result\u00f3 en un aumento del 40 % en las menciones en redes sociales. Los minoristas informaron que el dise\u00f1o \u00fanico gener\u00f3 un aumento del 35 % en las compras impulsivas. Adem\u00e1s, la durabilidad del frasco ayud\u00f3 a reducir la tasa de roturas durante el env\u00edo en un 25 %. Tras este \u00e9xito, realizaron otro pedido de 150\u00a0000 frascos para una campa\u00f1a de marketing nacional.<\/p>\n<h2>Opciones de personalizaci\u00f3n de frascos herm\u00e9ticos de vidrio<\/h2>\n<ul>\n<li>Vidrieras: opciones de vidrio \u00e1mbar o verde para productos sensibles a la luz<\/li>\n<li>Textura esmerilada: acabado grabado al \u00e1cido en texturas verticales para un mejor tacto.<\/li>\n<li>Logotipo serigrafiado: implementa un patr\u00f3n de tinta cer\u00e1mica duradero entre texturas<\/li>\n<li>Rejilla de capacidad: introduce graduaciones finas para una dispensaci\u00f3n precisa<\/li>\n<\/ul>","protected":false},"excerpt":{"rendered":"<p>Peque\u00f1os frascos herm\u00e9ticos que combinan conservaci\u00f3n de alimentos y decoraci\u00f3n. Frascos herm\u00e9ticos de vidrio resistente con tapas met\u00e1licas a presi\u00f3n. Venta directa de f\u00e1brica, precios con descuento.<\/p>","protected":false},"featured_media":3876,"template":"","meta":{"postBodyCss":"","postBodyMargin":[],"postBodyPadding":[],"postBodyBackground":{"backgroundType":"classic","gradient":""}},"product_brand":[],"product_cat":[15,17,59],"product_tag":[66],"class_list":{"0":"post-3867","1":"product","2":"type-product","3":"status-publish","4":"has-post-thumbnail","6":"product_cat-glass-containers","7":"product_cat-glass-jars","8":"product_cat-glass-storage-jars","9":"product_tag-swing-top-jars","11":"first","12":"instock","13":"shipping-taxable","14":"product-type-simple"},"jetpack_sharing_enabled":true,"_links":{"self":[{"href":"https:\/\/minghanggroup.com\/es\/wp-json\/wp\/v2\/product\/3867","targetHints":{"allow":["GET"]}}],"collection":[{"href":"https:\/\/minghanggroup.com\/es\/wp-json\/wp\/v2\/product"}],"about":[{"href":"https:\/\/minghanggroup.com\/es\/wp-json\/wp\/v2\/types\/product"}],"wp:featuredmedia":[{"embeddable":true,"href":"https:\/\/minghanggroup.com\/es\/wp-json\/wp\/v2\/media\/3876"}],"wp:attachment":[{"href":"https:\/\/minghanggroup.com\/es\/wp-json\/wp\/v2\/media?parent=3867"}],"wp:term":[{"taxonomy":"product_brand","embeddable":true,"href":"https:\/\/minghanggroup.com\/es\/wp-json\/wp\/v2\/product_brand?post=3867"},{"taxonomy":"product_cat","embeddable":true,"href":"https:\/\/minghanggroup.com\/es\/wp-json\/wp\/v2\/product_cat?post=3867"},{"taxonomy":"product_tag","embeddable":true,"href":"https:\/\/minghanggroup.com\/es\/wp-json\/wp\/v2\/product_tag?post=3867"}],"curies":[{"name":"wp","href":"https:\/\/api.w.org\/{rel}","templated":true}]}}