{"id":3866,"date":"2025-12-09T11:23:07","date_gmt":"2025-12-09T03:23:07","guid":{"rendered":"https:\/\/minghanggroup.com\/?post_type=product&#038;p=3866"},"modified":"2026-01-20T14:16:59","modified_gmt":"2026-01-20T06:16:59","slug":"custom-glass-water-bottle-storage-with-infuser-for-drinking-wholesale","status":"publish","type":"product","link":"https:\/\/minghanggroup.com\/es\/producto\/custom-glass-water-bottle-storage-with-infuser-for-drinking-wholesale\/","title":{"rendered":"Botella de agua de vidrio personalizada de 450 ml y 550 ml con infusor para beber al por mayor"},"content":{"rendered":"<p>Deja de usar botellas de agua aburridas y baratas, de menor calidad que la de tu marca. Fabricamos botellas de agua de vidrio premium que no solo mantienen tu agua fresca, sino que tambi\u00e9n convierten tu hidrataci\u00f3n en una soluci\u00f3n elegante y funcional. No son solo botellas, sino la nueva arma secreta de tu marca para mantenerte hidratado.<\/p>\n<h2>Caracter\u00edsticas del producto<\/h2>\n<ul>\n<li><strong>Infusor de t\u00e9 incorporado:<\/strong> El infusor de t\u00e9 de acero inoxidable extra\u00edble le permite preparar f\u00e1cilmente t\u00e9 de hierbas, infusiones de frutas o agua saborizada sin la molestia de los coladores desordenados.<\/li>\n<li><strong>Construcci\u00f3n duradera:<\/strong> El producto est\u00e1 hecho de vidrio de borosilicato duradero que es apto para lavavajillas, congelador y resistente a los choques t\u00e9rmicos, por lo que se puede utilizar durante mucho tiempo.<\/li>\n<li><strong>Dise\u00f1o vers\u00e1til:<\/strong> La boca de 28 mm se adapta a tapas est\u00e1ndar y, al mismo tiempo, permite el uso de su infusor favorito, por lo tanto, es ideal tanto para el almacenamiento de botellas de agua como para el uso diario.<\/li>\n<\/ul>\n<h2>Especificaciones clave<\/h2>\n<table style=\"border-collapse: collapse; width: 80%; margin-right: auto; margin-left: auto;\" border=\"0\" width=\"360\" cellspacing=\"0\" cellpadding=\"0\">\n<tbody>\n<tr style=\"height: 13.50pt;\">\n<td style=\"height: 13.5pt; width: 54pt; text-align: center;\" width=\"72\" height=\"18\">Capacidad (ml)<\/td>\n<td style=\"width: 54pt; text-align: center;\" width=\"72\">Tama\u00f1o (cm)<\/td>\n<td style=\"width: 54pt; text-align: center;\" width=\"72\">Di\u00e1metro<\/td>\n<td style=\"width: 54pt; text-align: center;\" width=\"72\">Material<\/td>\n<td style=\"width: 54pt; text-align: center;\" width=\"72\">Tipo de infusor<\/td>\n<\/tr>\n<tr style=\"height: 13.50pt;\">\n<td style=\"height: 13.5pt; text-align: center;\" align=\"right\" height=\"18\">550<\/td>\n<td style=\"text-align: center;\">6,5 x 23,5<\/td>\n<td class=\"et2\" style=\"text-align: center;\" rowspan=\"2\">28 mm<\/td>\n<td class=\"et2\" style=\"text-align: center;\" rowspan=\"2\">Borosilicato<\/td>\n<td class=\"et2\" style=\"text-align: center;\" rowspan=\"2\">Acero inoxidable<\/td>\n<\/tr>\n<tr style=\"height: 13.50pt;\">\n<td style=\"height: 13.5pt; text-align: center;\" align=\"right\" height=\"18\">450<\/td>\n<td style=\"text-align: center;\">5,6 x 24,6<\/td>\n<\/tr>\n<\/tbody>\n<\/table>\n<h2>Caso de \u00e9xito<\/h2>\n<p>Una marca canadiense de bebidas saludables nos contact\u00f3 tras planificar el lanzamiento de una l\u00ednea de pr\u00e1cticas bebidas de t\u00e9, ideales tanto para la oficina como para practicar yoga. Siguiendo su estrategia de marketing, elegimos esta botella de agua de vidrio con infusor de t\u00e9 integrado, junto con las fundas de colores de la marca y un empaque personalizado con el logotipo.<\/p>\n<p>La marca nos inform\u00f3 que el dise\u00f1o profesional del infusor de t\u00e9 de la botella fue el factor principal que hizo que el producto fuera indispensable y, como resultado, pudieron obtener pedidos de tres cadenas de estudios de yoga.<\/p>\n<h2>Tus consejos de personalizaci\u00f3n<\/h2>\n<p>Podemos personalizar de forma muy flexible la capacidad de la botella, la densidad de la malla del filtro de t\u00e9, el color del anillo de silicona, el material de la tapa y el estilo del envase, bas\u00e1ndonos en el posicionamiento de la marca. Adem\u00e1s, tambi\u00e9n disponemos de diferentes procesos como la serigraf\u00eda, la estampaci\u00f3n en caliente o el esmerilado, que se pueden aplicar a la superficie del vidrio para que la experiencia del producto sea a\u00fan m\u00e1s \u00fanica.<\/p>\n<p>En caso de que desee aumentar el conocimiento del mercado, estaremos encantados de proporcionar el desarrollo de moldes personalizados para que la forma de la botella pueda satisfacer m\u00e1s visualmente las necesidades est\u00e9ticas de la empresa y la mezcla de marketing.<\/p>","protected":false},"excerpt":{"rendered":"<p>Infusor duradero para botellas de agua, ideal para guardarlas, suministrado directamente por f\u00e1brica. Admite ventas al por mayor y personalizaci\u00f3n de marca. Muestra gratuita.<\/p>","protected":false},"featured_media":3870,"template":"","meta":{"postBodyCss":"","postBodyMargin":[],"postBodyPadding":[],"postBodyBackground":{"backgroundType":"classic","gradient":""}},"product_brand":[],"product_cat":[15,16,60],"product_tag":[72],"class_list":{"0":"post-3866","1":"product","2":"type-product","3":"status-publish","4":"has-post-thumbnail","6":"product_cat-glass-containers","7":"product_cat-glass-bottles","8":"product_cat-water-bottles","9":"product_tag-juice-bottles","11":"first","12":"instock","13":"shipping-taxable","14":"product-type-simple"},"jetpack_sharing_enabled":true,"_links":{"self":[{"href":"https:\/\/minghanggroup.com\/es\/wp-json\/wp\/v2\/product\/3866","targetHints":{"allow":["GET"]}}],"collection":[{"href":"https:\/\/minghanggroup.com\/es\/wp-json\/wp\/v2\/product"}],"about":[{"href":"https:\/\/minghanggroup.com\/es\/wp-json\/wp\/v2\/types\/product"}],"wp:featuredmedia":[{"embeddable":true,"href":"https:\/\/minghanggroup.com\/es\/wp-json\/wp\/v2\/media\/3870"}],"wp:attachment":[{"href":"https:\/\/minghanggroup.com\/es\/wp-json\/wp\/v2\/media?parent=3866"}],"wp:term":[{"taxonomy":"product_brand","embeddable":true,"href":"https:\/\/minghanggroup.com\/es\/wp-json\/wp\/v2\/product_brand?post=3866"},{"taxonomy":"product_cat","embeddable":true,"href":"https:\/\/minghanggroup.com\/es\/wp-json\/wp\/v2\/product_cat?post=3866"},{"taxonomy":"product_tag","embeddable":true,"href":"https:\/\/minghanggroup.com\/es\/wp-json\/wp\/v2\/product_tag?post=3866"}],"curies":[{"name":"wp","href":"https:\/\/api.w.org\/{rel}","templated":true}]}}