{"id":3858,"date":"2025-12-08T11:52:43","date_gmt":"2025-12-08T03:52:43","guid":{"rendered":"https:\/\/minghanggroup.com\/?post_type=product&#038;p=3858"},"modified":"2026-01-20T13:50:27","modified_gmt":"2026-01-20T05:50:27","slug":"bulk-empty-clear-large-glass-storage-jars-with-lids","status":"publish","type":"product","link":"https:\/\/minghanggroup.com\/es\/producto\/bulk-empty-clear-large-glass-storage-jars-with-lids\/","title":{"rendered":"Frascos de vidrio grandes, transparentes y vac\u00edos con tapa, 64 oz y 100 oz"},"content":{"rendered":"<p>Estos grandes frascos de vidrio transparente tienen una forma cil\u00edndrica delgada y muy moderna. Cada frasco incluye una tapa met\u00e1lica a presi\u00f3n. Estos frascos con tapa combinan gran capacidad con un estilo moderno y elegante.<\/p>\n<h2>Caracter\u00edsticas del producto<\/h2>\n<ul>\n<li><strong>Gran capacidad:<\/strong> Son tarros de 2 a 3 litros que pueden contener una gran cantidad de cosas y as\u00ed, mantener la casa limpia y ordenada.<\/li>\n<li><strong>Sellado perfecto:<\/strong> Los anillos de sellado de goma gruesos hacen que los frascos sean herm\u00e9ticos y est\u00e9n a salvo de los ataques de insectos.<\/li>\n<li><strong>Fondo seguro:<\/strong> El dise\u00f1o de base ancha del frasco permite que \u00e9ste se mantenga en pie incluso cuando est\u00e1 lleno sin riesgo de que se caiga.<\/li>\n<\/ul>\n<h2 style=\"text-align: left;\">Especificaciones clave<\/h2>\n<table class=\"aligncenter\" style=\"border-collapse: collapse; width: 378.77pt;\" border=\"0\" width=\"505\" cellspacing=\"0\" cellpadding=\"0\">\n<tbody>\n<tr style=\"height: 13.50pt;\">\n<td style=\"height: 13.50pt; width: 90.00pt;\" width=\"120\" height=\"18\">Especificaci\u00f3n<\/td>\n<td style=\"width: 288.75pt;\" width=\"385\">Detalles<\/td>\n<\/tr>\n<tr style=\"height: 13.50pt;\">\n<td style=\"height: 13.50pt;\" height=\"18\">Capacidad<\/td>\n<td>2000 ml (64 oz) \/ 3000 ml (100 oz)<\/td>\n<\/tr>\n<tr style=\"height: 13.50pt;\">\n<td style=\"height: 13.50pt;\" height=\"18\">Dimensiones<\/td>\n<td>12,7\u00d725,3 cm \/ 14,5\u00d726,5 cm<\/td>\n<\/tr>\n<tr style=\"height: 13.50pt;\">\n<td style=\"height: 13.50pt;\" height=\"18\">Material<\/td>\n<td>Vidrio grueso transparente<\/td>\n<\/tr>\n<tr style=\"height: 13.50pt;\">\n<td style=\"height: 13.50pt;\" height=\"18\">Tipo de tapa<\/td>\n<td>Tapa de abrazadera de metal con asa de alambre<\/td>\n<\/tr>\n<tr style=\"height: 13.50pt;\">\n<td style=\"height: 13.50pt;\" height=\"18\">Ideal para<\/td>\n<td>Frascos de vidrio grandes para almacenar, frascos de vidrio con tapa.<\/td>\n<\/tr>\n<\/tbody>\n<\/table>\n<h2>Historia de \u00e9xito: C\u00f3mo una panader\u00eda super\u00f3 el desaf\u00edo del almacenamiento de ingredientes a granel<\/h2>\n<p>Una gran panader\u00eda se encontraba en una situaci\u00f3n dif\u00edcil para encontrar una soluci\u00f3n de almacenamiento adecuada para su harina y az\u00facar a granel. Decidieron adquirir nuestros frascos de vidrio de 3000 ml con gran capacidad para almacenar sus ingredientes. La raz\u00f3n principal del sellado herm\u00e9tico fue que prolong\u00f3 la vida \u00fatil de la harina en un 60 % y elimin\u00f3 por completo la contaminaci\u00f3n. Adem\u00e1s, gracias a la gran capacidad, la frecuencia de reposici\u00f3n se redujo en un 70 %, lo que permiti\u00f3 un ahorro considerable de tiempo de mano de obra. Tras observar estos resultados, decidieron realizar un pedido \u00fanico de 25\u00a0000 frascos para unificar el sistema de almacenamiento en todas sus tiendas.<\/p>\n<h2>Opciones personalizadas para frascos de vidrio grandes para almacenamiento<\/h2>\n<ul>\n<li>Marcas de capacidad en relieve: agregue graduaciones elevadas permanentes para un f\u00e1cil control de las porciones<\/li>\n<li>Etiquetas serigrafiadas: logotipos de marca grandes y duraderos impresos con tinta cer\u00e1mica<\/li>\n<li>Base reforzada: la base de vidrio est\u00e1 engrosada para sostener art\u00edculos m\u00e1s pesados \u200b\u200bcomo harina o granos.<\/li>\n<li>Acabados de abrazaderas personalizados: puede elegir abrazaderas de color negro, bronce o acero inoxidable.<\/li>\n<\/ul>\n<p>\u00bfListo para organizar tus productos de almacenamiento a granel? \u00a1Cont\u00e1ctanos hoy mismo para obtener precios al por mayor en estos frascos de vidrio de gran capacidad con tapa!<\/p>","protected":false},"excerpt":{"rendered":"<p>Elegantes y pr\u00e1cticos frascos de vidrio grandes con tapas de cierre para almacenar alimentos. Frascos de vidrio de alta calidad con tapa a precio de f\u00e1brica.<\/p>","protected":false},"featured_media":3862,"template":"","meta":{"postBodyCss":"","postBodyMargin":[],"postBodyPadding":[],"postBodyBackground":{"backgroundType":"classic","gradient":""}},"product_brand":[],"product_cat":[15,17,59],"product_tag":[66],"class_list":{"0":"post-3858","1":"product","2":"type-product","3":"status-publish","4":"has-post-thumbnail","6":"product_cat-glass-containers","7":"product_cat-glass-jars","8":"product_cat-glass-storage-jars","9":"product_tag-swing-top-jars","11":"first","12":"instock","13":"shipping-taxable","14":"product-type-simple"},"jetpack_sharing_enabled":true,"_links":{"self":[{"href":"https:\/\/minghanggroup.com\/es\/wp-json\/wp\/v2\/product\/3858","targetHints":{"allow":["GET"]}}],"collection":[{"href":"https:\/\/minghanggroup.com\/es\/wp-json\/wp\/v2\/product"}],"about":[{"href":"https:\/\/minghanggroup.com\/es\/wp-json\/wp\/v2\/types\/product"}],"wp:featuredmedia":[{"embeddable":true,"href":"https:\/\/minghanggroup.com\/es\/wp-json\/wp\/v2\/media\/3862"}],"wp:attachment":[{"href":"https:\/\/minghanggroup.com\/es\/wp-json\/wp\/v2\/media?parent=3858"}],"wp:term":[{"taxonomy":"product_brand","embeddable":true,"href":"https:\/\/minghanggroup.com\/es\/wp-json\/wp\/v2\/product_brand?post=3858"},{"taxonomy":"product_cat","embeddable":true,"href":"https:\/\/minghanggroup.com\/es\/wp-json\/wp\/v2\/product_cat?post=3858"},{"taxonomy":"product_tag","embeddable":true,"href":"https:\/\/minghanggroup.com\/es\/wp-json\/wp\/v2\/product_tag?post=3858"}],"curies":[{"name":"wp","href":"https:\/\/api.w.org\/{rel}","templated":true}]}}