{"id":3850,"date":"2025-12-08T11:41:48","date_gmt":"2025-12-08T03:41:48","guid":{"rendered":"https:\/\/minghanggroup.com\/?post_type=product&#038;p=3850"},"modified":"2026-01-20T14:18:00","modified_gmt":"2026-01-20T06:18:00","slug":"custom-clear-water-bottle-with-sleeve-for-branding-bulk","status":"publish","type":"product","link":"https:\/\/minghanggroup.com\/es\/producto\/custom-clear-water-bottle-with-sleeve-for-branding-bulk\/","title":{"rendered":"Botella de agua transparente personalizada de 550 ml a 1000 ml con funda para marca al por mayor"},"content":{"rendered":"<p>Deja de conformarte con botellas de pl\u00e1stico aburridas que arruinan la imagen de tu marca. Fabricamos botellas de agua de vidrio de primera calidad que no solo te brindan un estilo moderno y pr\u00e1ctico para hidratarte, sino que tambi\u00e9n mantienen el agua fresca. Siendo sinceros, estas botellas son la nueva arma secreta de tu marca para mantenerte hidratado.<\/p>\n<h2>Caracter\u00edsticas del producto<\/h2>\n<ol>\n<li><strong>Compatibilidad universal: <\/strong>Se adapta a cualquier cuello roscado de 38 mm de tapa est\u00e1ndar, por lo que es muy sencillo personalizar un vaso de agua reutilizable con una tapa de acero inoxidable o una funda de silicona.<\/li>\n<li><strong>Construcci\u00f3n duradera: <\/strong>Fabricado con vidrio de borosilicato resistente, el producto es apto para lavavajillas, congelador y resistente a los choques t\u00e9rmicos, por lo que puede utilizarse durante mucho tiempo.<\/li>\n<li><strong>Tama\u00f1os vers\u00e1tiles: <\/strong>Los diferentes tama\u00f1os (550 ml-1000 ml) son adecuados para todas sus necesidades de hidrataci\u00f3n, ya sea en el escritorio o durante las actividades al aire libre, por lo que son perfectos para botellas de agua a granel.<\/li>\n<\/ol>\n<h2>Especificaciones clave<\/h2>\n<table style=\"border-collapse: collapse; width: 80%; marginh-left: auto; margin-right: auto;\" border=\"0\" width=\"360\" cellspacing=\"0\" cellpadding=\"0\">\n<tbody>\n<tr style=\"height: 13.50pt;\">\n<td style=\"height: 13.5pt; width: 54pt; text-align: center;\" width=\"72\" height=\"18\">Capacidad (ml)<\/td>\n<td style=\"width: 54pt; text-align: center;\" width=\"72\">Tama\u00f1o (cm)<\/td>\n<td style=\"width: 54pt; text-align: center;\" width=\"72\">Di\u00e1metro<\/td>\n<td style=\"width: 54pt; text-align: center;\" width=\"72\">Material<\/td>\n<td style=\"width: 54pt; text-align: center;\" width=\"72\">Accesorios<\/td>\n<\/tr>\n<tr style=\"height: 13.50pt;\">\n<td style=\"height: 13.5pt; text-align: center;\" align=\"right\" height=\"18\">550<\/td>\n<td style=\"text-align: center;\">6,6 \u00d7 23,0<\/td>\n<td class=\"et2\" style=\"text-align: center;\" rowspan=\"3\">38 mm<\/td>\n<td class=\"et2\" style=\"text-align: center;\" rowspan=\"3\">Borosilicato<\/td>\n<td class=\"et2\" style=\"text-align: center;\" rowspan=\"3\">Funda protectora, pajita, portavasos, cord\u00f3n port\u00e1til<\/td>\n<\/tr>\n<tr style=\"height: 13.50pt;\">\n<td style=\"height: 13.5pt; text-align: center;\" align=\"right\" height=\"18\">750<\/td>\n<td style=\"text-align: center;\">7,0 \u00d7 27,2<\/td>\n<\/tr>\n<tr style=\"height: 13.50pt;\">\n<td style=\"height: 13.5pt; text-align: center;\" align=\"right\" height=\"18\">1000<\/td>\n<td style=\"text-align: center;\">7,9 \u00d7 29,1<\/td>\n<\/tr>\n<\/tbody>\n<\/table>\n<h2>Caso de \u00e9xito de las botellas de agua transparentes<\/h2>\n<p>Una marca canadiense de bebidas saludables de la industria de alimentos naturales buscaba una botella de agua transparente que transmitiera visualmente su concepto de &#034;puro y natural&#034; al cambiar la imagen de sus tiendas f\u00edsicas. Les proporcionamos una botella muy transparente que cumpl\u00eda con los est\u00e1ndares de calidad alimentaria, y pudieron completar su primer suministro muy r\u00e1pidamente a trav\u00e9s de la venta al por mayor, lo que permiti\u00f3 a la marca realizar una transici\u00f3n fluida del empaque antes del lanzamiento del nuevo producto.<\/p>\n<p>Tras el lanzamiento, la elegante botella de agua de vidrio ha mejorado el atractivo del producto en el punto de venta y el cliente ha realizado la segunda compra en dos meses.<\/p>\n<h2>Tus consejos de personalizaci\u00f3n<\/h2>\n<p>El volumen y la altura de la botella se pueden cambiar seg\u00fan la posici\u00f3n de la marca para que se vea m\u00e1s consistente en los estantes minoristas; adem\u00e1s, se pueden elegir varios colores de galvanoplastia de tapa de metal para que est\u00e9n en armon\u00eda con el estilo de la bebida; en caso de que desee mejorar la experiencia del usuario, puede colocar una funda de silicona antideslizante y personalizar la posici\u00f3n del logotipo; mientras tanto, el vidrio se puede templar y se puede cambiar el grosor para el transporte de la cadena de fr\u00edo o el empaque de bebidas de lujo.<\/p>","protected":false},"excerpt":{"rendered":"<p>Botella de agua transparente con opci\u00f3n de funda para marca; suministro directo de f\u00e1brica y precios mayoristas para compradores al por mayor que buscan una soluci\u00f3n confiable de botellas de agua.<\/p>","protected":false},"featured_media":3851,"template":"","meta":{"postBodyCss":"","postBodyMargin":[],"postBodyPadding":[],"postBodyBackground":{"backgroundType":"classic","gradient":""}},"product_brand":[],"product_cat":[15,16,60],"product_tag":[72],"class_list":{"0":"post-3850","1":"product","2":"type-product","3":"status-publish","4":"has-post-thumbnail","6":"product_cat-glass-containers","7":"product_cat-glass-bottles","8":"product_cat-water-bottles","9":"product_tag-juice-bottles","11":"first","12":"instock","13":"shipping-taxable","14":"product-type-simple"},"jetpack_sharing_enabled":true,"_links":{"self":[{"href":"https:\/\/minghanggroup.com\/es\/wp-json\/wp\/v2\/product\/3850","targetHints":{"allow":["GET"]}}],"collection":[{"href":"https:\/\/minghanggroup.com\/es\/wp-json\/wp\/v2\/product"}],"about":[{"href":"https:\/\/minghanggroup.com\/es\/wp-json\/wp\/v2\/types\/product"}],"wp:featuredmedia":[{"embeddable":true,"href":"https:\/\/minghanggroup.com\/es\/wp-json\/wp\/v2\/media\/3851"}],"wp:attachment":[{"href":"https:\/\/minghanggroup.com\/es\/wp-json\/wp\/v2\/media?parent=3850"}],"wp:term":[{"taxonomy":"product_brand","embeddable":true,"href":"https:\/\/minghanggroup.com\/es\/wp-json\/wp\/v2\/product_brand?post=3850"},{"taxonomy":"product_cat","embeddable":true,"href":"https:\/\/minghanggroup.com\/es\/wp-json\/wp\/v2\/product_cat?post=3850"},{"taxonomy":"product_tag","embeddable":true,"href":"https:\/\/minghanggroup.com\/es\/wp-json\/wp\/v2\/product_tag?post=3850"}],"curies":[{"name":"wp","href":"https:\/\/api.w.org\/{rel}","templated":true}]}}