{"id":3843,"date":"2025-12-05T11:54:26","date_gmt":"2025-12-05T03:54:26","guid":{"rendered":"https:\/\/minghanggroup.com\/?post_type=product&#038;p=3843"},"modified":"2026-01-20T14:18:29","modified_gmt":"2026-01-20T06:18:29","slug":"custom-water-bottles-for-beverage-brands-wholesale","status":"publish","type":"product","link":"https:\/\/minghanggroup.com\/es\/producto\/custom-water-bottles-for-beverage-brands-wholesale\/","title":{"rendered":"Botellas de agua personalizadas de 280 ml a 1000 ml para marcas de bebidas al por mayor"},"content":{"rendered":"<p>Deja de usar botellas de pl\u00e1stico que no solo son aburridas, sino que tambi\u00e9n afectan negativamente la imagen de tu marca. Fabricamos botellas de agua de vidrio personalizadas que no solo hacen que tu hidrataci\u00f3n sea elegante y funcional, sino que tambi\u00e9n mantienen tu agua fresca. No son simples botellas; son la nueva arma secreta de tu marca para mantenerte hidratado.<\/p>\n<h2>Caracter\u00edsticas del producto<\/h2>\n<ol>\n<li><strong>Claridad cristalina: <\/strong>El vidrio de borosilicato transparente permite ver el nivel de agua desde la distancia, lo cual es necesario para la ingesta diaria de agua y la hidrataci\u00f3n.<\/li>\n<li><strong>Compatibilidad universal: <\/strong>El cuello roscado de 28 mm es compatible con cualquier tapa est\u00e1ndar, por lo que es conveniente personalizarlo con una tapa de acero inoxidable o una funda de silicona para su vaso de agua reutilizable.<\/li>\n<li><strong>Construcci\u00f3n duradera: <\/strong>El producto est\u00e1 hecho de vidrio de borosilicato fuerte y duradero que es apto para lavavajillas, congelador y resistente a los choques t\u00e9rmicos, por lo que es de uso duradero.<\/li>\n<li><strong>Tama\u00f1os vers\u00e1tiles: <\/strong>Un pu\u00f1ado de capacidades (280 ml-1000 ml) cubren todas sus necesidades de hidrataci\u00f3n, ya sea para uso en el escritorio o actividades al aire libre, por lo tanto, son las botellas de agua a granel perfectas.<\/li>\n<\/ol>\n<h2>Especificaciones clave<\/h2>\n<table style=\"border-collapse: collapse; width: 80%; margin-right: auto; margin-left: auto;\" border=\"0\" width=\"288\" cellspacing=\"0\" cellpadding=\"0\">\n<tbody>\n<tr style=\"height: 13.50pt;\">\n<td style=\"height: 13.5pt; width: 54pt; text-align: center;\" width=\"72\" height=\"18\">Capacidad (ml)<\/td>\n<td style=\"width: 54pt; text-align: center;\" width=\"72\">Tama\u00f1o (cm)<\/td>\n<td style=\"width: 54pt; text-align: center;\" width=\"72\">Di\u00e1metro (mm)<\/td>\n<td style=\"width: 54pt; text-align: center;\" width=\"72\">Material<\/td>\n<\/tr>\n<tr style=\"height: 13.50pt;\">\n<td style=\"height: 13.5pt; text-align: center;\" align=\"right\" height=\"18\">280<\/td>\n<td style=\"text-align: center;\">5,5 x 17,5<\/td>\n<td class=\"et2\" style=\"text-align: center;\" rowspan=\"6\">28<\/td>\n<td class=\"et2\" style=\"text-align: center;\" rowspan=\"6\">Borosilicato<\/td>\n<\/tr>\n<tr style=\"height: 13.50pt;\">\n<td style=\"height: 13.5pt; text-align: center;\" align=\"right\" height=\"18\">360<\/td>\n<td style=\"text-align: center;\">6.0 x 19.0<\/td>\n<\/tr>\n<tr style=\"height: 13.50pt;\">\n<td style=\"height: 13.5pt; text-align: center;\" align=\"right\" height=\"18\">450<\/td>\n<td style=\"text-align: center;\">6,6 x 21,5<\/td>\n<\/tr>\n<tr style=\"height: 13.50pt;\">\n<td style=\"height: 13.5pt; text-align: center;\" align=\"right\" height=\"18\">550<\/td>\n<td style=\"text-align: center;\">6,6 x 22,5<\/td>\n<\/tr>\n<tr style=\"height: 13.50pt;\">\n<td style=\"height: 13.5pt; text-align: center;\" align=\"right\" height=\"18\">750<\/td>\n<td style=\"text-align: center;\">7,0 x 25,9<\/td>\n<\/tr>\n<tr style=\"height: 13.50pt;\">\n<td style=\"height: 13.5pt; text-align: center;\" align=\"right\" height=\"18\">1000<\/td>\n<td style=\"text-align: center;\">7,9 x 27,8<\/td>\n<\/tr>\n<\/tbody>\n<\/table>\n<h2>Caso de \u00e9xito<\/h2>\n<p>Una marca de bebidas independiente decidi\u00f3 trabajar con nosotros en la personalizaci\u00f3n de botellas de agua a granel como parte del lanzamiento de su nuevo refresco. Su objetivo principal era tener su primer lote en los estantes lo antes posible, por lo que tomaron la decisi\u00f3n sobre la forma, la capacidad y los elementos de la marca de la botella, y procedimos con la producci\u00f3n directa en f\u00e1brica de acuerdo con el volumen de su pedido. Tambi\u00e9n realizamos diferentes rondas de muestreo para asegurarnos de que las marcas de color galvanizadas, la transparencia de la botella y la consistencia del lote fueran impecables. El cliente regres\u00f3 con pedidos adicionales dentro de los dos meses posteriores al lanzamiento del producto, y la nueva l\u00ednea de productos se ha beneficiado del dise\u00f1o del empaque en t\u00e9rminos de visibilidad en los estantes, lo que ha llevado a m\u00e1s ventas.<\/p>\n<h2>Tus consejos de personalizaci\u00f3n<\/h2>\n<p>Se pueden elegir varios\u200b\u200d\u200b\u200c\u200d\u200b\u200d\u200c\u200b\u200d\u200b\u200c\u200d\u200b\u200d\u200c procesos de tapa de botella como galvanoplastia, pulverizaci\u00f3n o textura met\u00e1lica cepillada seg\u00fan el posicionamiento de la marca; el cuerpo de la botella se puede personalizar con cierta transparencia, efecto esmerilado o especificaciones de capacidad exclusivas para adaptarse a diferentes f\u00f3rmulas de bebidas; tambi\u00e9n es posible agregar resistencia a altas temperaturas o tratamiento de refuerzo de llenado en fr\u00edo para hacer que el producto sea m\u00e1s compatible con la l\u00ednea de producci\u00f3n de f\u00e1bricas de bebidas; Adem\u00e1s de eso, se puede realizar serigraf\u00eda, estampado en caliente o impresi\u00f3n UV para mejorar el efecto visual en el estante, y est\u00e1 disponible la personalizaci\u00f3n de todo el proceso desde el desarrollo de la muestra hasta la producci\u00f3n en masa, lo que coloca todo el conjunto de botellas de agua a granel en una posici\u00f3n m\u00e1s identificable de marca y comercialmente competitiva.<\/p>","protected":false},"excerpt":{"rendered":"<p>Botellas de agua personalizadas de primera calidad para el llenado de bebidas, perfectas para marcas que buscan botellas de agua a granel con suministro directo de f\u00e1brica r\u00e1pido y opciones de personalizaci\u00f3n.<\/p>","protected":false},"featured_media":3844,"template":"","meta":{"postBodyCss":"","postBodyMargin":[],"postBodyPadding":[],"postBodyBackground":{"backgroundType":"classic","gradient":""}},"product_brand":[],"product_cat":[15,16,60],"product_tag":[72],"class_list":{"0":"post-3843","1":"product","2":"type-product","3":"status-publish","4":"has-post-thumbnail","6":"product_cat-glass-containers","7":"product_cat-glass-bottles","8":"product_cat-water-bottles","9":"product_tag-juice-bottles","11":"first","12":"instock","13":"shipping-taxable","14":"product-type-simple"},"jetpack_sharing_enabled":true,"_links":{"self":[{"href":"https:\/\/minghanggroup.com\/es\/wp-json\/wp\/v2\/product\/3843","targetHints":{"allow":["GET"]}}],"collection":[{"href":"https:\/\/minghanggroup.com\/es\/wp-json\/wp\/v2\/product"}],"about":[{"href":"https:\/\/minghanggroup.com\/es\/wp-json\/wp\/v2\/types\/product"}],"wp:featuredmedia":[{"embeddable":true,"href":"https:\/\/minghanggroup.com\/es\/wp-json\/wp\/v2\/media\/3844"}],"wp:attachment":[{"href":"https:\/\/minghanggroup.com\/es\/wp-json\/wp\/v2\/media?parent=3843"}],"wp:term":[{"taxonomy":"product_brand","embeddable":true,"href":"https:\/\/minghanggroup.com\/es\/wp-json\/wp\/v2\/product_brand?post=3843"},{"taxonomy":"product_cat","embeddable":true,"href":"https:\/\/minghanggroup.com\/es\/wp-json\/wp\/v2\/product_cat?post=3843"},{"taxonomy":"product_tag","embeddable":true,"href":"https:\/\/minghanggroup.com\/es\/wp-json\/wp\/v2\/product_tag?post=3843"}],"curies":[{"name":"wp","href":"https:\/\/api.w.org\/{rel}","templated":true}]}}