{"id":3838,"date":"2025-12-05T10:42:20","date_gmt":"2025-12-05T02:42:20","guid":{"rendered":"https:\/\/minghanggroup.com\/?post_type=product&#038;p=3838"},"modified":"2026-01-20T13:50:33","modified_gmt":"2026-01-20T05:50:33","slug":"bulk-empty-clear-storage-glass-jars-with-clamp-tops","status":"publish","type":"product","link":"https:\/\/minghanggroup.com\/es\/producto\/bulk-empty-clear-storage-glass-jars-with-clamp-tops\/","title":{"rendered":"Frascos de vidrio transparentes vac\u00edos a granel con tapas de abrazadera, 25 oz, 32 oz y 50 oz"},"content":{"rendered":"<p>Estos frascos de vidrio para almacenar constan de una parte de vidrio transparente y liso, cada uno con una tapa met\u00e1lica pulida a presi\u00f3n. Su dise\u00f1o transparente permite ver los granos, especias o aperitivos en su interior a simple vista, por lo que son perfectos para guardar los productos b\u00e1sicos de la cocina.<\/p>\n<h2>Caracter\u00edsticas del producto<\/h2>\n<ul>\n<li><strong>Dise\u00f1o transparente y delgado:<\/strong> El vidrio es completamente transparente y el cuerpo es cil\u00edndrico, elegante y redondeado, lo que permite ver el contenido con claridad, mientras que el perfil delgado es adecuado para espacios de almacenamiento peque\u00f1os.<\/li>\n<li><strong>Sellado confiable:<\/strong> Los dispositivos de sujeci\u00f3n con juntas de goma proporcionan un sellado confiable, a prueba de humedad y a prueba de fugas.<\/li>\n<li><strong>Altura que ahorra espacio:<\/strong> El dise\u00f1o alto y estrecho es una forma de optimizar la utilizaci\u00f3n del espacio vertical en estantes y gabinetes.<\/li>\n<\/ul>\n<h2 style=\"text-align: left;\">Especificaciones clave<\/h2>\n<table class=\"aligncenter\" style=\"border-collapse: collapse; width: 390.77pt;\" border=\"0\" width=\"521\" cellspacing=\"0\" cellpadding=\"0\">\n<tbody>\n<tr style=\"height: 13.50pt;\">\n<td style=\"height: 13.50pt; width: 92.25pt;\" width=\"123\" height=\"18\">Especificaci\u00f3n<\/td>\n<td style=\"width: 298.50pt;\" width=\"398\">Detalles<\/td>\n<\/tr>\n<tr style=\"height: 13.50pt;\">\n<td style=\"height: 13.50pt;\" height=\"18\">Capacidad<\/td>\n<td>750 ml (25 oz) \/ 1000 ml (32 oz) \/ 1500 ml (50 oz)<\/td>\n<\/tr>\n<tr style=\"height: 13.50pt;\">\n<td style=\"height: 13.50pt;\" height=\"18\">Dimensiones<\/td>\n<td>10,8\u00d714 cm \/ 11\u00d717 cm \/ 11,6\u00d721,8 cm<\/td>\n<\/tr>\n<tr style=\"height: 13.50pt;\">\n<td style=\"height: 13.50pt;\" height=\"18\">Material<\/td>\n<td>Vidrio transparente<\/td>\n<\/tr>\n<tr style=\"height: 13.50pt;\">\n<td style=\"height: 13.50pt;\" height=\"18\">Tipo de tapa<\/td>\n<td>Tapa de abrazadera de metal con asa de alambre<\/td>\n<\/tr>\n<tr style=\"height: 13.50pt;\">\n<td style=\"height: 13.50pt;\" height=\"18\">Ideal para<\/td>\n<td>Frascos de vidrio para almacenamiento, frascos de vidrio para almacenamiento con tapa<\/td>\n<\/tr>\n<\/tbody>\n<\/table>\n<h2>Caso de \u00e9xito: Soluciones de almacenamiento para cocinas comerciales<\/h2>\n<p>Un gran restaurante necesitaba un sistema de almacenamiento a granel que fuera m\u00e1s adecuado para los ingredientes de cocina de uso frecuente. Se decidieron por nuestros frascos de vidrio de 1500 ml para almacenar harina, cereales y pasta. El dise\u00f1o alto no solo ahorr\u00f3 valioso espacio en los estantes, sino que tambi\u00e9n aument\u00f3 la capacidad de almacenamiento en un 30 % en la misma \u00e1rea. Adem\u00e1s, el vidrio transparente permiti\u00f3 una revisi\u00f3n de inventario r\u00e1pida y precisa, lo que redujo los errores en los pedidos en un 25 %. Considerando las ventajas, realizaron otro pedido de 150\u00a0000 frascos de vidrio para equipar todas sus tiendas.<\/p>\n<h2>Opciones de personalizaci\u00f3n de frascos de vidrio para almacenamiento<\/h2>\n<ul>\n<li>Logotipo en relieve: desarrolla una identidad de marca elegante y en relieve en la parte inferior del frasco.<\/li>\n<li>Anillo decorativo esmerilado: produce un elegante efecto de rayas mate mediante grabado \u00e1cido.<\/li>\n<li>Opciones de vidrieras: se ofrecen en vidrio \u00e1mbar o verde para proteger el frasco de la exposici\u00f3n a la luz.<\/li>\n<li>Dise\u00f1o de fondo reforzado: dise\u00f1o engrosado para soportar la ca\u00edda de elementos m\u00e1s pesados, como harina o granos.<\/li>\n<\/ul>\n<p>\u00bfListo para llevar tu almacenamiento a granel al siguiente nivel? Aprovecha los precios al por mayor de estos frascos de vidrio multiusos con tapas de clip. Cont\u00e1ctanos hoy mismo.<\/p>","protected":false},"excerpt":{"rendered":"<p>Frascos de vidrio transparentes dise\u00f1ados con tapas de cierre herm\u00e9tico para conservar la frescura. Frascos de alta calidad con tapas de cierre a precio de f\u00e1brica.<\/p>","protected":false},"featured_media":3841,"template":"","meta":{"postBodyCss":"","postBodyMargin":[],"postBodyPadding":[],"postBodyBackground":{"backgroundType":"classic","gradient":""}},"product_brand":[],"product_cat":[15,17,59],"product_tag":[66],"class_list":{"0":"post-3838","1":"product","2":"type-product","3":"status-publish","4":"has-post-thumbnail","6":"product_cat-glass-containers","7":"product_cat-glass-jars","8":"product_cat-glass-storage-jars","9":"product_tag-swing-top-jars","11":"first","12":"instock","13":"shipping-taxable","14":"product-type-simple"},"jetpack_sharing_enabled":true,"_links":{"self":[{"href":"https:\/\/minghanggroup.com\/es\/wp-json\/wp\/v2\/product\/3838","targetHints":{"allow":["GET"]}}],"collection":[{"href":"https:\/\/minghanggroup.com\/es\/wp-json\/wp\/v2\/product"}],"about":[{"href":"https:\/\/minghanggroup.com\/es\/wp-json\/wp\/v2\/types\/product"}],"wp:featuredmedia":[{"embeddable":true,"href":"https:\/\/minghanggroup.com\/es\/wp-json\/wp\/v2\/media\/3841"}],"wp:attachment":[{"href":"https:\/\/minghanggroup.com\/es\/wp-json\/wp\/v2\/media?parent=3838"}],"wp:term":[{"taxonomy":"product_brand","embeddable":true,"href":"https:\/\/minghanggroup.com\/es\/wp-json\/wp\/v2\/product_brand?post=3838"},{"taxonomy":"product_cat","embeddable":true,"href":"https:\/\/minghanggroup.com\/es\/wp-json\/wp\/v2\/product_cat?post=3838"},{"taxonomy":"product_tag","embeddable":true,"href":"https:\/\/minghanggroup.com\/es\/wp-json\/wp\/v2\/product_tag?post=3838"}],"curies":[{"name":"wp","href":"https:\/\/api.w.org\/{rel}","templated":true}]}}