{"id":3830,"date":"2025-12-04T11:48:43","date_gmt":"2025-12-04T03:48:43","guid":{"rendered":"https:\/\/minghanggroup.com\/?post_type=product&#038;p=3830"},"modified":"2026-01-20T13:50:44","modified_gmt":"2026-01-20T05:50:44","slug":"bulk-empty-rounded-airtight-glass-jars-with-clamp-lids","status":"publish","type":"product","link":"https:\/\/minghanggroup.com\/es\/producto\/bulk-empty-rounded-airtight-glass-jars-with-clamp-lids\/","title":{"rendered":"Frascos de vidrio herm\u00e9ticos redondos vac\u00edos a granel con tapas de abrazadera de 150 ml, 380 ml y 500 ml"},"content":{"rendered":"<p>Estos adorables frascos herm\u00e9ticos est\u00e1n fabricados con vidrio transparente que presenta una forma suave, redondeada y completa realzada visualmente por una moderna tapa a presi\u00f3n de metal.<\/p>\n<h2>Caracter\u00edsticas del producto<\/h2>\n<ul>\n<li><strong>Forma clara y regordeta:<\/strong> El vidrio absolutamente transparente y el cuerpo redondeado y completo no solo brindan una vista perfecta del interior, sino que tambi\u00e9n, gracias a sus lindas curvas, dan un toque decorativo y, por lo tanto, se pueden usar para diferentes lugares de exhibici\u00f3n.<\/li>\n<li><strong>F\u00e1cil de usar:<\/strong> El dise\u00f1o de boca ancha es definitivamente m\u00e1s c\u00f3modo para llenar y sacar.<\/li>\n<li><strong>El lugar de las diferentes combinaciones de tama\u00f1os:<\/strong> Permite el envasado de diferentes cantidades del m.<\/li>\n<\/ul>\n<h2 style=\"text-align: left;\">Especificaciones clave<\/h2>\n<table class=\"aligncenter\" style=\"border-collapse: collapse; width: 309.02pt;\" border=\"0\" width=\"412\" cellspacing=\"0\" cellpadding=\"0\">\n<tbody>\n<tr style=\"height: 13.50pt;\">\n<td style=\"height: 13.50pt; width: 92.25pt;\" width=\"123\" height=\"18\">Especificaci\u00f3n<\/td>\n<td style=\"width: 216.75pt;\" width=\"289\">Detalles<\/td>\n<\/tr>\n<tr style=\"height: 13.50pt;\">\n<td style=\"height: 13.50pt;\" height=\"18\">Capacidad<\/td>\n<td>150 ml \/ 380 ml \/ 500 ml<\/td>\n<\/tr>\n<tr style=\"height: 13.50pt;\">\n<td style=\"height: 13.50pt;\" height=\"18\">Dimensiones<\/td>\n<td>7,6\u00d77,8 cm \/ 9,5\u00d79,8 cm \/ 11\u00d710,5 cm<\/td>\n<\/tr>\n<tr style=\"height: 13.50pt;\">\n<td style=\"height: 13.50pt;\" height=\"18\">Material<\/td>\n<td>Vidrio transparente<\/td>\n<\/tr>\n<tr style=\"height: 13.50pt;\">\n<td style=\"height: 13.50pt;\" height=\"18\">Tipo de tapa<\/td>\n<td>Tapa con abrazadera de metal<\/td>\n<\/tr>\n<tr style=\"height: 13.50pt;\">\n<td style=\"height: 13.50pt;\" height=\"18\">Ideal para<\/td>\n<td>Frascos herm\u00e9ticos, frascos de vidrio para almacenar<\/td>\n<\/tr>\n<\/tbody>\n<\/table>\n<h2>Historia de \u00e9xito: C\u00f3mo un supermercado especializado aument\u00f3 sus ventas<\/h2>\n<p>Un supermercado de alimentos especializados necesitaba una excelente soluci\u00f3n de envasado para sus productos de alta gama. Para envasar su l\u00ednea de galletas y dulces de lujo, optaron por nuestros frascos de vidrio herm\u00e9ticos de 500 ml. Su excelente sellado fue la principal raz\u00f3n por la que la vida \u00fatil del producto se prolong\u00f3 un 45 % y las p\u00e9rdidas por deterioro se redujeron un 60 %. El original dise\u00f1o redondo atrajo la atenci\u00f3n de los clientes, lo que se tradujo en un aumento del 35 % en las compras impulsivas. Para ampliar este logro, realizaron un pedido de 200\u00a0000 frascos de vidrio para ampliar su l\u00ednea de productos.<\/p>\n<h2>Opciones de personalizaci\u00f3n de frascos herm\u00e9ticos<\/h2>\n<ul>\n<li>Dise\u00f1os serigrafiados que realzan la forma de la botella curva.<\/li>\n<li>Dise\u00f1os en relieve en la superficie de la botella que proporcionan una sensaci\u00f3n c\u00f3moda.<\/li>\n<li>Variantes de vidrio coloreado para productos fotosensibles<\/li>\n<li>Indicadores de volumen para una dispensaci\u00f3n precisa<\/li>\n<\/ul>","protected":false},"excerpt":{"rendered":"<p>Estos frascos herm\u00e9ticos tienen una forma redondeada y tapas resistentes con cierre de seguridad. Nuestros frascos herm\u00e9ticos de vidrio mantienen los alimentos frescos y organizados, y est\u00e1n disponibles con env\u00edo r\u00e1pido.<\/p>","protected":false},"featured_media":3834,"template":"","meta":{"postBodyCss":"","postBodyMargin":[],"postBodyPadding":[],"postBodyBackground":{"backgroundType":"classic","gradient":""}},"product_brand":[],"product_cat":[15,17,59],"product_tag":[66],"class_list":{"0":"post-3830","1":"product","2":"type-product","3":"status-publish","4":"has-post-thumbnail","6":"product_cat-glass-containers","7":"product_cat-glass-jars","8":"product_cat-glass-storage-jars","9":"product_tag-swing-top-jars","11":"first","12":"instock","13":"shipping-taxable","14":"product-type-simple"},"jetpack_sharing_enabled":true,"_links":{"self":[{"href":"https:\/\/minghanggroup.com\/es\/wp-json\/wp\/v2\/product\/3830","targetHints":{"allow":["GET"]}}],"collection":[{"href":"https:\/\/minghanggroup.com\/es\/wp-json\/wp\/v2\/product"}],"about":[{"href":"https:\/\/minghanggroup.com\/es\/wp-json\/wp\/v2\/types\/product"}],"wp:featuredmedia":[{"embeddable":true,"href":"https:\/\/minghanggroup.com\/es\/wp-json\/wp\/v2\/media\/3834"}],"wp:attachment":[{"href":"https:\/\/minghanggroup.com\/es\/wp-json\/wp\/v2\/media?parent=3830"}],"wp:term":[{"taxonomy":"product_brand","embeddable":true,"href":"https:\/\/minghanggroup.com\/es\/wp-json\/wp\/v2\/product_brand?post=3830"},{"taxonomy":"product_cat","embeddable":true,"href":"https:\/\/minghanggroup.com\/es\/wp-json\/wp\/v2\/product_cat?post=3830"},{"taxonomy":"product_tag","embeddable":true,"href":"https:\/\/minghanggroup.com\/es\/wp-json\/wp\/v2\/product_tag?post=3830"}],"curies":[{"name":"wp","href":"https:\/\/api.w.org\/{rel}","templated":true}]}}