{"id":3822,"date":"2025-12-04T11:28:30","date_gmt":"2025-12-04T03:28:30","guid":{"rendered":"https:\/\/minghanggroup.com\/?post_type=product&#038;p=3822"},"modified":"2026-01-20T13:50:52","modified_gmt":"2026-01-20T05:50:52","slug":"bulk-empty-clear-glass-food-storage-jars","status":"publish","type":"product","link":"https:\/\/minghanggroup.com\/es\/producto\/bulk-empty-clear-glass-food-storage-jars\/","title":{"rendered":"Frascos de vidrio transparente vac\u00edos para almacenar alimentos (180 ml - 350 ml)"},"content":{"rendered":"<p>Los frascos de vidrio para almacenar alimentos son conocidos por su moderna forma cil\u00edndrica transparente, y cada uno cuenta con un cierre met\u00e1lico brillante. Al tener un estilo minimalista, se pueden apilar o colocar en la despensa de forma ordenada.<\/p>\n<h2>Caracter\u00edsticas del producto<\/h2>\n<ul>\n<li><strong>Sellado confiable:<\/strong> Los anillos de silicona a\u00edslan el contenido de la atm\u00f3sfera exterior y lo mantienen seco, por lo que los alimentos pueden almacenarse durante per\u00edodos m\u00e1s prolongados.<\/li>\n<li><strong>Visibilidad clara:<\/strong> Un frasco de vidrio es un recipiente transparente que te permite ver a trav\u00e9s de \u00e9l y de esta manera puedes identificar el alimento sin tener que sacar el frasco.<\/li>\n<li><strong>Durable:<\/strong> La parte de vidrio es gruesa y las partes de metal son resistentes, por lo que pueden soportar el uso diario y varios lavados.<\/li>\n<\/ul>\n<h2 style=\"text-align: left;\">Especificaciones clave<\/h2>\n<table class=\"aligncenter\" style=\"border-collapse: collapse; width: 470.27pt;\" border=\"0\" width=\"627\" cellspacing=\"0\" cellpadding=\"0\">\n<tbody>\n<tr style=\"height: 13.50pt;\">\n<td style=\"height: 13.50pt; width: 92.25pt;\" width=\"123\" height=\"18\">Especificaci\u00f3n<\/td>\n<td style=\"width: 378.00pt;\" width=\"504\">Detalles<\/td>\n<\/tr>\n<tr style=\"height: 13.50pt;\">\n<td style=\"height: 13.50pt;\" height=\"18\">Capacidad<\/td>\n<td>180 ml \/ 200 ml \/ 220 ml \/ 300 ml \/ 350 ml<\/td>\n<\/tr>\n<tr style=\"height: 13.50pt;\">\n<td style=\"height: 13.50pt;\" height=\"18\">Dimensiones<\/td>\n<td>7,9 \u00d7 8,1 cm \/ 7,6 \u00d7 8,2 cm \/ 7,6 \u00d7 9 cm \/ 7,8 \u00d7 10,3 cm \/ 9,2 \u00d7 9,7 cm<\/td>\n<\/tr>\n<tr style=\"height: 13.50pt;\">\n<td style=\"height: 13.50pt;\" height=\"18\">Material<\/td>\n<td>Vidrio transparente<\/td>\n<\/tr>\n<tr style=\"height: 13.50pt;\">\n<td style=\"height: 13.50pt;\" height=\"18\">Tipo de tapa<\/td>\n<td>Tapa de abrazadera de metal con asa de alambre<\/td>\n<\/tr>\n<tr style=\"height: 13.50pt;\">\n<td style=\"height: 13.50pt;\" height=\"18\">Mejor para<\/td>\n<td>Frascos de vidrio para almacenar, frascos herm\u00e9ticos de vidrio<\/td>\n<\/tr>\n<\/tbody>\n<\/table>\n<h2>Caso de \u00e9xito: Soluci\u00f3n de almacenamiento para un minorista de alimentos especializados<\/h2>\n<p>Un supermercado boutique necesitaba un sistema de almacenamiento de alimentos a granel m\u00e1s eficiente. Decidieron utilizar nuestros tarros de vidrio de 300 ml para almacenar frutos secos. Los clientes estaban deseando comprobar la calidad del producto a trav\u00e9s del cristal transparente, lo que se tradujo en un aumento del 25 % en las ventas. La fidelidad de los clientes tambi\u00e9n aument\u00f3 un 60 %. Gracias a este logro, el minorista realiz\u00f3 un pedido de 200\u00a0000 tarros de vidrio con el objetivo de ampliar la secci\u00f3n de alimentos a granel en todas sus tiendas.<\/p>\n<h2>Caracter\u00edsticas de los frascos de vidrio personalizados para almacenar alimentos<\/h2>\n<ul>\n<li>Control de capacidad con impresi\u00f3n: agregue graduaciones para una dosificaci\u00f3n precisa<\/li>\n<li>C\u00edrculos decorativos esmerilados: rayas mate hechas de vidrio grabado al \u00e1cido.<\/li>\n<li>Alternativa de vidrio de color: est\u00e1 disponible vidrio \u00e1mbar o azul para proteger el vidrio de la luz ultravioleta.<\/li>\n<li>Mango de una pieza: coloque un mango de vidrio moldeado para un manejo c\u00f3modo<\/li>\n<\/ul>","protected":false},"excerpt":{"rendered":"<p>Organiza tu cocina con nuestros frascos de vidrio transparente para almacenar alimentos. Cada frasco cuenta con tapas herm\u00e9ticas con cierre de seguridad para mantener la frescura y ofrece muestras gratuitas.<\/p>","protected":false},"featured_media":3829,"template":"","meta":{"postBodyCss":"","postBodyMargin":[],"postBodyPadding":[],"postBodyBackground":{"backgroundType":"classic","gradient":""}},"product_brand":[],"product_cat":[15,17,59],"product_tag":[66],"class_list":{"0":"post-3822","1":"product","2":"type-product","3":"status-publish","4":"has-post-thumbnail","6":"product_cat-glass-containers","7":"product_cat-glass-jars","8":"product_cat-glass-storage-jars","9":"product_tag-swing-top-jars","11":"first","12":"instock","13":"shipping-taxable","14":"product-type-simple"},"jetpack_sharing_enabled":true,"_links":{"self":[{"href":"https:\/\/minghanggroup.com\/es\/wp-json\/wp\/v2\/product\/3822","targetHints":{"allow":["GET"]}}],"collection":[{"href":"https:\/\/minghanggroup.com\/es\/wp-json\/wp\/v2\/product"}],"about":[{"href":"https:\/\/minghanggroup.com\/es\/wp-json\/wp\/v2\/types\/product"}],"wp:featuredmedia":[{"embeddable":true,"href":"https:\/\/minghanggroup.com\/es\/wp-json\/wp\/v2\/media\/3829"}],"wp:attachment":[{"href":"https:\/\/minghanggroup.com\/es\/wp-json\/wp\/v2\/media?parent=3822"}],"wp:term":[{"taxonomy":"product_brand","embeddable":true,"href":"https:\/\/minghanggroup.com\/es\/wp-json\/wp\/v2\/product_brand?post=3822"},{"taxonomy":"product_cat","embeddable":true,"href":"https:\/\/minghanggroup.com\/es\/wp-json\/wp\/v2\/product_cat?post=3822"},{"taxonomy":"product_tag","embeddable":true,"href":"https:\/\/minghanggroup.com\/es\/wp-json\/wp\/v2\/product_tag?post=3822"}],"curies":[{"name":"wp","href":"https:\/\/api.w.org\/{rel}","templated":true}]}}