{"id":3814,"date":"2025-12-04T11:49:49","date_gmt":"2025-12-04T03:49:49","guid":{"rendered":"https:\/\/minghanggroup.com\/?post_type=product&#038;p=3814"},"modified":"2026-01-20T14:18:15","modified_gmt":"2026-01-20T06:18:15","slug":"glass-bottles-of-water-for-drinks-wholesale","status":"publish","type":"product","link":"https:\/\/minghanggroup.com\/es\/producto\/glass-bottles-of-water-for-drinks-wholesale\/","title":{"rendered":"Botellas de agua de vidrio de 300 ml a 750 ml para bebidas al por mayor"},"content":{"rendered":"<p>Deja de conformarte con botellas de pl\u00e1stico aburridas que hacen que tu marca parezca barata. Creamos botellas de agua de vidrio premium que no solo elevan tu hidrataci\u00f3n a una soluci\u00f3n moderna y funcional, sino que tambi\u00e9n mantienen tu agua fresca. No son simples botellas; son la nueva arma secreta de tu marca para mantenerte hidratado.<\/p>\n<h2>Caracter\u00edsticas del producto<\/h2>\n<ol>\n<li><strong>Cristal\u200b\u200d\u200b\u200c\u200d\u200b\u200d\u200c\u200b\u200d\u200b\u200c\u200d\u200b\u200d\u200c Claridad: <\/strong>Sin ning\u00fan esfuerzo adicional, el vidrio transparente te da el nivel de agua en tu recipiente y, por lo tanto, es una buena forma de mantenerte hidratado y tambi\u00e9n de controlar tu ingesta diaria de agua.<\/li>\n<li><strong>Tapa personalizable: <\/strong>Al mezclar y combinar la tapa de acero inoxidable, la funda de silicona y las asas de transporte para lograr la soluci\u00f3n de hidrataci\u00f3n perfecta, no solo la hace c\u00f3moda de llevar, sino tambi\u00e9n a prueba de fugas.<\/li>\n<li><strong>Vidrio de borosilicato duradero: <\/strong>El art\u00edculo est\u00e1 fabricado con vidrio de borosilicato resistente, que se puede colocar de forma segura en el lavavajillas y el congelador, y tambi\u00e9n es resistente al choque t\u00e9rmico, por lo que es de uso duradero.<\/li>\n<li><strong>Tama\u00f1os vers\u00e1tiles: <\/strong>Los diferentes tama\u00f1os (300 ml-750 ml) satisfar\u00e1n todas tus necesidades de agua, ya sea para un escritorio, una caminata o un estilo de vida que incorpore \u200b\u200d\u200b\u200c\u200d\u200b\u200d\u200c\u200b\u200d\u200b\u200c\u200d\u200b\u200d\u200c\u200d\u200b\u200c\u200d\u200b\u200d\u200c\u200b\u200d\u200c\u200b\u200d\u200b\u200c\u200d\u200b\u200cambos.<\/li>\n<\/ol>\n<h2 data-spm-anchor-id=\"5176.28103460.0.i10.14c475511HPf5O\">Especificaciones clave<\/h2>\n<table style=\"border-collapse: collapse; width: 80%; margin-left: auto; margin-right: auto;\" border=\"0\" width=\"288\" cellspacing=\"0\" cellpadding=\"0\">\n<tbody>\n<tr style=\"height: 13.50pt;\">\n<td style=\"height: 13.5pt; width: 54pt; text-align: center;\" width=\"72\" height=\"18\">Capacidad (ml)<\/td>\n<td style=\"width: 54pt; text-align: center;\" width=\"72\">Tama\u00f1o (cm)<\/td>\n<td style=\"width: 54pt; text-align: center;\" width=\"72\">Material<\/td>\n<td style=\"width: 54pt; text-align: center;\" width=\"72\">Tipo de sello<\/td>\n<\/tr>\n<tr style=\"height: 13.50pt;\">\n<td style=\"height: 13.5pt; text-align: center;\" align=\"right\" height=\"18\">300<\/td>\n<td style=\"text-align: center;\">5,8 x 16,7<\/td>\n<td class=\"et2\" style=\"text-align: center;\" rowspan=\"4\">Sodio Calcio<\/td>\n<td class=\"et2\" style=\"text-align: center;\" rowspan=\"4\">Tapa roscada + personalizada<\/td>\n<\/tr>\n<tr style=\"height: 13.50pt;\">\n<td style=\"height: 13.5pt; text-align: center;\" align=\"right\" height=\"18\">420<\/td>\n<td style=\"text-align: center;\">6,5 x 18,6<\/td>\n<\/tr>\n<tr style=\"height: 13.50pt;\">\n<td style=\"height: 13.5pt; text-align: center;\" align=\"right\" height=\"18\">550<\/td>\n<td style=\"text-align: center;\">6,3 x 21,5<\/td>\n<\/tr>\n<tr style=\"height: 13.50pt;\">\n<td style=\"height: 13.5pt; text-align: center;\" align=\"right\" height=\"18\">750<\/td>\n<td style=\"text-align: center;\">7,1 x 24,5<\/td>\n<\/tr>\n<\/tbody>\n<\/table>\n<h2>Caso de \u00e9xito<\/h2>\n<p>En esencia, un fabricante OEM de jugos sudamericano busca mejorar la apariencia de su jugo prensado en fr\u00edo y cumplir con los requisitos de los supermercados que exigen envases reutilizables. Como resultado de esta decisi\u00f3n, cambiaron la etiqueta a una botella de agua transparente con paredes est\u00e1ndar y dise\u00f1aron una funda con la inscripci\u00f3n de su marca registrada. Como resultado, despu\u00e9s del llenado, el color se volvi\u00f3 m\u00e1s intenso y la visibilidad del producto aument\u00f3 en el anaquel.<\/p>\n<p>La empresa ampli\u00f3 su red de distribuci\u00f3n para incluir dos importantes canales minoristas en el primer trimestre, lo que result\u00f3 en un aumento de la tasa de rotaci\u00f3n de aproximadamente un 27% despu\u00e9s del lanzamiento del nuevo producto.<\/p>\n<h2>Tus consejos de personalizaci\u00f3n<\/h2>\n<p>Su\u200b\u200d\u200b\u200c\u200d\u200b\u200d\u200c\u200b\u200d\u200b\u200c\u200d\u200b\u200d\u200c marca puede hacer uso de esta botella de agua de vidrio de varias maneras: diferentes vol\u00famenes y diferentes proporciones para que la botella represente las diferentes l\u00edneas de bebidas; una marca se puede mostrar m\u00e1s v\u00edvidamente por el cuerpo de la botella que se imprime con una pantalla, estampado en caliente o coloreado a todo color con una etiqueta; junto con eso, el producto puede diferenciarse m\u00e1s en el estante por una variedad de acabados de vidrio como transparente, esmerilado y \u00e1mbar; una funda distintiva para protecci\u00f3n adicional tambi\u00e9n es algo en lo que pensar \u200b\u200d\u200b\u200c\u200d\u200b\u200d\u200c\u200d\u200b\u200c\u200d\u200b\u200d\u200c\u200d\u200b\u200c.<\/p>","protected":false},"excerpt":{"rendered":"<p>Botellas de vidrio de agua dise\u00f1adas para bebidas. Estas buenas botellas de agua de vidrio est\u00e1n disponibles con accesorios como pajitas o fundas. Env\u00edo directo de f\u00e1brica.<\/p>","protected":false},"featured_media":3815,"template":"","meta":{"postBodyCss":"","postBodyMargin":[],"postBodyPadding":[],"postBodyBackground":{"backgroundType":"classic","gradient":""}},"product_brand":[],"product_cat":[15,16,60],"product_tag":[72],"class_list":{"0":"post-3814","1":"product","2":"type-product","3":"status-publish","4":"has-post-thumbnail","6":"product_cat-glass-containers","7":"product_cat-glass-bottles","8":"product_cat-water-bottles","9":"product_tag-juice-bottles","11":"first","12":"instock","13":"shipping-taxable","14":"product-type-simple"},"jetpack_sharing_enabled":true,"_links":{"self":[{"href":"https:\/\/minghanggroup.com\/es\/wp-json\/wp\/v2\/product\/3814","targetHints":{"allow":["GET"]}}],"collection":[{"href":"https:\/\/minghanggroup.com\/es\/wp-json\/wp\/v2\/product"}],"about":[{"href":"https:\/\/minghanggroup.com\/es\/wp-json\/wp\/v2\/types\/product"}],"wp:featuredmedia":[{"embeddable":true,"href":"https:\/\/minghanggroup.com\/es\/wp-json\/wp\/v2\/media\/3815"}],"wp:attachment":[{"href":"https:\/\/minghanggroup.com\/es\/wp-json\/wp\/v2\/media?parent=3814"}],"wp:term":[{"taxonomy":"product_brand","embeddable":true,"href":"https:\/\/minghanggroup.com\/es\/wp-json\/wp\/v2\/product_brand?post=3814"},{"taxonomy":"product_cat","embeddable":true,"href":"https:\/\/minghanggroup.com\/es\/wp-json\/wp\/v2\/product_cat?post=3814"},{"taxonomy":"product_tag","embeddable":true,"href":"https:\/\/minghanggroup.com\/es\/wp-json\/wp\/v2\/product_tag?post=3814"}],"curies":[{"name":"wp","href":"https:\/\/api.w.org\/{rel}","templated":true}]}}