{"id":3813,"date":"2025-12-04T10:05:31","date_gmt":"2025-12-04T02:05:31","guid":{"rendered":"https:\/\/minghanggroup.com\/?post_type=product&#038;p=3813"},"modified":"2026-01-20T13:50:59","modified_gmt":"2026-01-20T05:50:59","slug":"bulk-empty-small-glass-jars-with-airtight-lids","status":"publish","type":"product","link":"https:\/\/minghanggroup.com\/es\/producto\/bulk-empty-small-glass-jars-with-airtight-lids\/","title":{"rendered":"Frascos de vidrio peque\u00f1os vac\u00edos a granel con tapas herm\u00e9ticas de 80 ml, 100 ml y 150 ml"},"content":{"rendered":"<p>Estos peque\u00f1os frascos de vidrio con tapas herm\u00e9ticas y un dise\u00f1o elegante y compacto. Son de vidrio transparente, de forma cil\u00edndrica y con una tapa de metal pulido a presi\u00f3n, una soluci\u00f3n ideal para guardar objetos peque\u00f1os.<\/p>\n<h2>Caracter\u00edsticas del producto<\/h2>\n<ul>\n<li><strong>Forma cil\u00edndrica clara:<\/strong> El vidrio completamente transparente y la forma cil\u00edndrica b\u00e1sica hacen que el contenido del recipiente sea visible en todo momento y, al mismo tiempo, se hace m\u00e1s f\u00e1cil su colocaci\u00f3n compacta o apilado, ahorrando as\u00ed espacio de almacenamiento.<\/li>\n<li><strong>Dise\u00f1o de sellado a presi\u00f3n:<\/strong> La tapa met\u00e1lica a presi\u00f3n garantiza un sellado excelente, manteniendo el frasco libre de humedad y conservando su frescura. Ideal para abrir y cerrar f\u00e1cilmente, tambi\u00e9n sirve para guardar objetos peque\u00f1os.<\/li>\n<li><strong>Sencillo y adaptable a diversos escenarios:<\/strong> Como por ejemplo, los especieros de cocina o los organizadores de escritorio, que sirven como un componente tanto funcional como atractivo.<\/li>\n<\/ul>\n<h2 style=\"text-align: left;\">Especificaciones clave<\/h2>\n<table class=\"aligncenter\" style=\"border-collapse: collapse; width: 432.77pt;\" border=\"0\" width=\"577\" cellspacing=\"0\" cellpadding=\"0\">\n<tbody>\n<tr style=\"height: 13.50pt;\">\n<td style=\"height: 13.50pt; width: 92.25pt;\" width=\"123\" height=\"18\">Especificaci\u00f3n<\/td>\n<td style=\"width: 340.50pt;\" width=\"454\">Detalles<\/td>\n<\/tr>\n<tr style=\"height: 13.50pt;\">\n<td style=\"height: 13.50pt;\" height=\"18\">Capacidad<\/td>\n<td>80 ml \/ 100 ml \/ 150 ml<\/td>\n<\/tr>\n<tr style=\"height: 13.50pt;\">\n<td style=\"height: 13.50pt;\" height=\"18\">Dimensiones<\/td>\n<td>6,1 \u00d7 7,3 cm \/ 6,3 \u00d7 7,1 cm \/ 7,5 \u00d7 7,2 cm<\/td>\n<\/tr>\n<tr style=\"height: 13.50pt;\">\n<td style=\"height: 13.50pt;\" height=\"18\">Material<\/td>\n<td>Vidrio transparente<\/td>\n<\/tr>\n<tr style=\"height: 13.50pt;\">\n<td style=\"height: 13.50pt;\" height=\"18\">Tipo de tapa<\/td>\n<td>Tapa de abrazadera de metal con asa de alambre<\/td>\n<\/tr>\n<tr style=\"height: 13.50pt;\">\n<td style=\"height: 13.50pt;\" height=\"18\">Ideal para<\/td>\n<td>Frascos de vidrio para almacenar, frascos de vidrio con tapas herm\u00e9ticas.<\/td>\n<\/tr>\n<\/tbody>\n<\/table>\n<h2>Caso de \u00e9xito: Estudio de caso de un envase de muestra de una empresa de alimentos especializados<\/h2>\n<p>Una empresa de alimentaci\u00f3n de \u00e9lite opt\u00f3 por nuestros peque\u00f1os frascos de vidrio de 100 ml con tapa herm\u00e9tica para envasar su reci\u00e9n lanzada l\u00ednea de especias artesanales. La tapa herm\u00e9tica triplic\u00f3 el sabor y la frescura de las especias en comparaci\u00f3n con el envase anterior. Las especias envasadas estaban a la vista de los clientes a trav\u00e9s del vidrio transparente, lo que se tradujo en un aumento del 40 % en la tasa de conversi\u00f3n de las pruebas. Y lo m\u00e1s importante, el atractivo envase les permiti\u00f3 entrar con \u00e9xito en 200 nuevas tiendas especializadas. Realizaron un pedido de 300\u00a0000 frascos de vidrio para impulsar su expansi\u00f3n por todo el pa\u00eds a partir de entonces.<\/p>\n<h2>Opciones de personalizaci\u00f3n de frascos de vidrio para almacenamiento<\/h2>\n<ul>\n<li>Serigraf\u00eda de logotipos de marca: imprima logotipos e informaci\u00f3n de productos con tinta cer\u00e1mica duradera que dura<\/li>\n<li>Marcadores de capacidad en relieve: incluyen graduaciones en relieve para una medici\u00f3n precisa<\/li>\n<li>Opciones de vitrales: elija entre vidrio \u00e1mbar o azul cobalto para bloquear la luz de manera eficiente.<\/li>\n<li>Color del anillo de sellado de silicona: el color del anillo de sellado es el esquema de colores de su marca.<\/li>\n<\/ul>\n<p>\u00bfListo para proteger tus art\u00edculos peque\u00f1os? Cont\u00e1ctanos hoy mismo para obtener precios al por mayor en estos vers\u00e1tiles frascos de vidrio peque\u00f1os (con tapa herm\u00e9tica).<\/p>","protected":false},"excerpt":{"rendered":"<p>Mant\u00e9n tus alimentos frescos con nuestros peque\u00f1os frascos de vidrio con tapa herm\u00e9tica. Estos frascos de vidrio con tapa herm\u00e9tica son perfectos para especias y snacks, ahora con env\u00edo r\u00e1pido.<\/p>","protected":false},"featured_media":3820,"template":"","meta":{"postBodyCss":"","postBodyMargin":[],"postBodyPadding":[],"postBodyBackground":{"backgroundType":"classic","gradient":""}},"product_brand":[],"product_cat":[15,17,59],"product_tag":[66],"class_list":{"0":"post-3813","1":"product","2":"type-product","3":"status-publish","4":"has-post-thumbnail","6":"product_cat-glass-containers","7":"product_cat-glass-jars","8":"product_cat-glass-storage-jars","9":"product_tag-swing-top-jars","11":"first","12":"instock","13":"shipping-taxable","14":"product-type-simple"},"jetpack_sharing_enabled":true,"_links":{"self":[{"href":"https:\/\/minghanggroup.com\/es\/wp-json\/wp\/v2\/product\/3813","targetHints":{"allow":["GET"]}}],"collection":[{"href":"https:\/\/minghanggroup.com\/es\/wp-json\/wp\/v2\/product"}],"about":[{"href":"https:\/\/minghanggroup.com\/es\/wp-json\/wp\/v2\/types\/product"}],"wp:featuredmedia":[{"embeddable":true,"href":"https:\/\/minghanggroup.com\/es\/wp-json\/wp\/v2\/media\/3820"}],"wp:attachment":[{"href":"https:\/\/minghanggroup.com\/es\/wp-json\/wp\/v2\/media?parent=3813"}],"wp:term":[{"taxonomy":"product_brand","embeddable":true,"href":"https:\/\/minghanggroup.com\/es\/wp-json\/wp\/v2\/product_brand?post=3813"},{"taxonomy":"product_cat","embeddable":true,"href":"https:\/\/minghanggroup.com\/es\/wp-json\/wp\/v2\/product_cat?post=3813"},{"taxonomy":"product_tag","embeddable":true,"href":"https:\/\/minghanggroup.com\/es\/wp-json\/wp\/v2\/product_tag?post=3813"}],"curies":[{"name":"wp","href":"https:\/\/api.w.org\/{rel}","templated":true}]}}