{"id":3649,"date":"2025-11-24T16:44:28","date_gmt":"2025-11-24T08:44:28","guid":{"rendered":"https:\/\/minghanggroup.com\/?post_type=product&#038;p=3649"},"modified":"2025-12-03T15:44:06","modified_gmt":"2025-12-03T07:44:06","slug":"vintage-spice-jars-set-with-wooden-lids-bulk","status":"publish","type":"product","link":"https:\/\/minghanggroup.com\/es\/producto\/vintage-spice-jars-set-with-wooden-lids-bulk\/","title":{"rendered":"Juego de tarros de especias vintage de 410 ml con tapas de madera (a granel)"},"content":{"rendered":"<p>Tus especias merecen un recipiente a la altura de su sabor. Creamos frascos vintage de especias de primera calidad que transforman tu almacenamiento de especias en una soluci\u00f3n elegante y funcional, a la vez que las mantienen frescas. No son solo frascos: son el nuevo ingrediente secreto de tu marca para destacar.<\/p>\n<h2>Caracter\u00edsticas del producto<\/h2>\n<ol>\n<li><strong>Dise\u00f1o cl\u00e1sico de vidrio prensado:<\/strong>Con\u200b\u200d\u200b\u200c\u200d\u200b\u200d\u200c\u200b\u200d\u200b\u200c\u200d\u200b\u200d\u200c nuestro vidrio estampado, puede dejar que los colores vibrantes de sus especias sean visibles de un solo vistazo, lo que no solo es excelente para la conservaci\u00f3n del sabor sino tambi\u00e9n para el atractivo visual de su marca.<\/li>\n<li><strong>Tapa de sellado de madera:<\/strong>Una tapa de madera bellamente elaborada crea un sello herm\u00e9tico que mantiene el producto fresco y, al mismo tiempo, evita la entrada de humedad, por lo que la bolsa es ideal para encurtir y enlatar.<\/li>\n<li><strong>Base de madera resistente:<\/strong>La base de madera hecha de madera aut\u00e9ntica le da a sus antiguos frascos de especias la estabilidad y seguridad necesarias, por lo que ser\u00e1n perfectos no solo para la exhibici\u00f3n de su cocina sino tambi\u00e9n para el almacenamiento de sus frutas y verduras secas.<\/li>\n<li><strong>Almacenamiento vers\u00e1til de especias:<\/strong>Este juego de frascos de especias vintage funcionar\u00e1 perfectamente bien para acomodar diferentes tipos de especias, como chile en polvo, comino, etc., por lo tanto, ser\u00e1n una gran adici\u00f3n vers\u00e1til a cualquier cocina residencial o un negocio de empaquetado al por mayor.<\/li>\n<\/ol>\n<h2>Especificaciones clave<\/h2>\n<table style=\"border-collapse: collapse; width: 80%; margin-left: auto; margin-right: auto;\" border=\"0\" width=\"216\" cellspacing=\"0\" cellpadding=\"0\">\n<tbody>\n<tr style=\"height: 13.50pt;\">\n<td style=\"height: 13.5pt; width: 54pt; text-align: center;\" width=\"72\" height=\"18\">Capacidad<\/td>\n<td style=\"width: 54pt; text-align: center;\" width=\"72\">Tama\u00f1o (cm)<\/td>\n<td style=\"width: 54pt; text-align: center;\" width=\"72\">Accesorios<\/td>\n<\/tr>\n<tr style=\"height: 13.50pt;\">\n<td style=\"height: 13.5pt; text-align: center;\" height=\"18\">410 ml<\/td>\n<td style=\"text-align: center;\">8.6&#215;10.5<\/td>\n<td style=\"text-align: center;\">Cuchara de madera<\/td>\n<\/tr>\n<\/tbody>\n<\/table>\n<h2>Caso de \u00e9xito<\/h2>\n<p>Cuando una cadena local de tostadores de caf\u00e9 de Vancouver renov\u00f3 su exposici\u00f3n de condimentos, decidieron usar este cl\u00e1sico juego de frascos vintage para especias para exhibir cacao en polvo, canela y az\u00facar de ca\u00f1a sin refinar. Al equipo de la marca le gust\u00f3 la textura retro en relieve de los frascos de vidrio y el aspecto natural de las tapas de madera, ya que estos dos elementos encajaban a la perfecci\u00f3n con su imagen de marca de &#034;tostado artesanal&#034; y &#034;sabores naturales&#034;.<\/p>\n<p>Cuando tuvieron lista su nueva exhibici\u00f3n de condimentos, registraron un aumento del 27% en la interacci\u00f3n de los clientes dentro de la tienda en dos meses.<\/p>\n<h2>Tus consejos de personalizaci\u00f3n<\/h2>\n<p>Si bien es personalizable, la tapa y la bandeja se pueden elegir en varios colores, como nogal oscuro, madera natural o roble te\u00f1ido, para una transici\u00f3n fluida entre estilos naturales y frescos, y con un toque elegante. Adem\u00e1s, se puede ajustar la capacidad del frasco de vidrio, el material de la cuchara y el tama\u00f1o de la bandeja seg\u00fan el uso de la marca, lo que hace que este juego de frascos de especias vintage sea m\u00e1s adecuado para el espacio de la marca en t\u00e9rminos de exhibici\u00f3n y experiencia de usuario.<\/p>","protected":false},"excerpt":{"rendered":"<p>Juego de tarros de especias vintage, directamente de f\u00e1brica. Suministro a granel, inventario estable y juego de tarros de especias personalizable para l\u00edneas de menaje de cocina de marca.<\/p>","protected":false},"featured_media":3650,"template":"","meta":{"postBodyCss":"","postBodyMargin":[],"postBodyPadding":[],"postBodyBackground":{"backgroundType":"classic","gradient":""}},"product_brand":[],"product_cat":[15,17,53],"product_tag":[],"class_list":{"0":"post-3649","1":"product","2":"type-product","3":"status-publish","4":"has-post-thumbnail","6":"product_cat-glass-containers","7":"product_cat-glass-jars","8":"product_cat-spice-jars","10":"first","11":"instock","12":"shipping-taxable","13":"product-type-simple"},"jetpack_sharing_enabled":true,"_links":{"self":[{"href":"https:\/\/minghanggroup.com\/es\/wp-json\/wp\/v2\/product\/3649","targetHints":{"allow":["GET"]}}],"collection":[{"href":"https:\/\/minghanggroup.com\/es\/wp-json\/wp\/v2\/product"}],"about":[{"href":"https:\/\/minghanggroup.com\/es\/wp-json\/wp\/v2\/types\/product"}],"wp:featuredmedia":[{"embeddable":true,"href":"https:\/\/minghanggroup.com\/es\/wp-json\/wp\/v2\/media\/3650"}],"wp:attachment":[{"href":"https:\/\/minghanggroup.com\/es\/wp-json\/wp\/v2\/media?parent=3649"}],"wp:term":[{"taxonomy":"product_brand","embeddable":true,"href":"https:\/\/minghanggroup.com\/es\/wp-json\/wp\/v2\/product_brand?post=3649"},{"taxonomy":"product_cat","embeddable":true,"href":"https:\/\/minghanggroup.com\/es\/wp-json\/wp\/v2\/product_cat?post=3649"},{"taxonomy":"product_tag","embeddable":true,"href":"https:\/\/minghanggroup.com\/es\/wp-json\/wp\/v2\/product_tag?post=3649"}],"curies":[{"name":"wp","href":"https:\/\/api.w.org\/{rel}","templated":true}]}}