{"id":3648,"date":"2025-11-24T14:52:42","date_gmt":"2025-11-24T06:52:42","guid":{"rendered":"https:\/\/minghanggroup.com\/?post_type=product&#038;p=3648"},"modified":"2026-01-20T14:08:25","modified_gmt":"2026-01-20T06:08:25","slug":"bulk-clear-square-glass-bottles-with-swing-tops","status":"publish","type":"product","link":"https:\/\/minghanggroup.com\/es\/producto\/bulk-clear-square-glass-bottles-with-swing-tops\/","title":{"rendered":"Botellas de vidrio cuadradas transparentes a granel con tapas abatibles de 250 ml, 500 ml y 920 ml"},"content":{"rendered":"<p>Cada botella cuadrada de vidrio transparente con tap\u00f3n de rosca est\u00e1 equipada con tres perfiles cuadrados diferentes y est\u00e1 hecha de vidrio transparente. Adem\u00e1s, se cierran con clips met\u00e1licos que ofrecen seguridad y un aspecto elegante y atractivo.<\/p>\n<h2>Caracter\u00edsticas del producto<\/h2>\n<ul>\n<li><strong>Dise\u00f1o de prensado para sellar:<\/strong> Mediante un tap\u00f3n met\u00e1lico a presi\u00f3n, las botellas mantienen su capacidad de sellado, conservando as\u00ed el contenido fresco durante mucho tiempo y proporcionando adem\u00e1s un m\u00e9todo sencillo de apertura y cierre.<\/li>\n<li><strong>Dise\u00f1o cuadrado que ahorra espacio:<\/strong> En general, el cuerpo de la botella, que tiene forma cil\u00edndrica, es m\u00e1s eficiente en t\u00e9rminos de envasado, por lo que es capaz de ahorrar hasta un 25% del espacio en las estanter\u00edas que habitualmente ocupan las botellas redondas.<\/li>\n<li><strong>Mejor estabilidad:<\/strong> El fondo ancho y plano es un factor de estabilidad que har\u00e1 que la botella tenga menos probabilidades de volcarse, por lo que las botellas son m\u00e1s estables en el proceso de manipulaci\u00f3n y exhibici\u00f3n.<\/li>\n<\/ul>\n<h2 style=\"text-align: left;\">Especificaciones clave<\/h2>\n<table class=\"aligncenter\" width=\"884\">\n<tbody>\n<tr>\n<td width=\"122\">Caracter\u00edstica<\/td>\n<td width=\"762\">Detalles<\/td>\n<\/tr>\n<tr>\n<td>Tama\u00f1o<\/td>\n<td>250 ml: 5,7 \u00d7 5,7 \u00d7 18,6 cm \/ 500 ml: 6,6 \u00d7 6,6 \u00d7 26,1 cm \/ 920 ml: 7,6 \u00d7 7,6 \u00d7 30,5 cm<\/td>\n<\/tr>\n<tr>\n<td>Material<\/td>\n<td>Vidrio s\u00f3dico-c\u00e1lcico transparente<\/td>\n<\/tr>\n<tr>\n<td>Adecuado para<\/td>\n<td>Botellas con tapa abatible, botellas con tapa abatible<\/td>\n<\/tr>\n<\/tbody>\n<\/table>\n<h2>Historia de \u00e9xito: C\u00f3mo una empresa de bebidas especiales hizo crecer su negocio<\/h2>\n<p>Tras la decisi\u00f3n de la empresa de cerveza artesanal de usar nuestra botella cuadrada de vidrio transparente de 500 ml con tap\u00f3n de rosca, la empresa experiment\u00f3 un cambio profundo: pudo almacenar un 30 % m\u00e1s de producto en el mismo espacio de almac\u00e9n, lo que se tradujo en una reducci\u00f3n del 22 % en los costos de almacenamiento. El dise\u00f1o futurista se convirti\u00f3 en su producto estrella, y la tasa de interacci\u00f3n en redes sociales aument\u00f3 un 40 %. Con estos resultados como base, recientemente realiz\u00f3 un pedido al por mayor de m\u00e1s de 500\u00a0000 botellas para facilitar el lanzamiento a nivel nacional de la nueva l\u00ednea de productos.<\/p>\n<h2>Opciones de personalizaci\u00f3n de botellas con tapas abatibles<\/h2>\n<p>Convierta estas extraordinarias botellas con tapa de rosca en su identidad de marca personal:<\/p>\n<ul>\n<li>Acabado esmerilado: el acabado mate grabado con \u00e1cido le da al producto un tacto m\u00e1s elegante y suave.<\/li>\n<li>Color de gorra personalizado: la hebilla de metal o el borde blanco se pueden cambiar para que coincidan con los colores de su marca.<\/li>\n<li>Logotipo en relieve: el dise\u00f1o ligeramente elevado en el costado de la botella, que se puede sentir con la mano, sirve como identidad de marca.<\/li>\n<li>Botella de vidrio \u00e1mbar: la opci\u00f3n de botellas de vidrio \u00e1mbar con caracter\u00edsticas de bloqueo de luz es perfecta para productos delicados.<\/li>\n<\/ul>","protected":false},"excerpt":{"rendered":"<p>Explore las opciones de botellas de vidrio cuadradas transparentes con tapa abatible: botellas pr\u00e1cticas y elegantes con tapas abatibles, ideales para pedidos al por mayor con descuentos por mayor.<\/p>","protected":false},"featured_media":3652,"template":"","meta":{"postBodyCss":"","postBodyMargin":[],"postBodyPadding":[],"postBodyBackground":{"backgroundType":"classic","gradient":""}},"product_brand":[],"product_cat":[15,16,56],"product_tag":[79,72,78],"class_list":{"0":"post-3648","1":"product","2":"type-product","3":"status-publish","4":"has-post-thumbnail","6":"product_cat-glass-containers","7":"product_cat-glass-bottles","8":"product_cat-flip-top-bottles","9":"product_tag-beer-bottles","10":"product_tag-juice-bottles","11":"product_tag-water-bottles","13":"first","14":"instock","15":"shipping-taxable","16":"product-type-simple"},"jetpack_sharing_enabled":true,"_links":{"self":[{"href":"https:\/\/minghanggroup.com\/es\/wp-json\/wp\/v2\/product\/3648","targetHints":{"allow":["GET"]}}],"collection":[{"href":"https:\/\/minghanggroup.com\/es\/wp-json\/wp\/v2\/product"}],"about":[{"href":"https:\/\/minghanggroup.com\/es\/wp-json\/wp\/v2\/types\/product"}],"wp:featuredmedia":[{"embeddable":true,"href":"https:\/\/minghanggroup.com\/es\/wp-json\/wp\/v2\/media\/3652"}],"wp:attachment":[{"href":"https:\/\/minghanggroup.com\/es\/wp-json\/wp\/v2\/media?parent=3648"}],"wp:term":[{"taxonomy":"product_brand","embeddable":true,"href":"https:\/\/minghanggroup.com\/es\/wp-json\/wp\/v2\/product_brand?post=3648"},{"taxonomy":"product_cat","embeddable":true,"href":"https:\/\/minghanggroup.com\/es\/wp-json\/wp\/v2\/product_cat?post=3648"},{"taxonomy":"product_tag","embeddable":true,"href":"https:\/\/minghanggroup.com\/es\/wp-json\/wp\/v2\/product_tag?post=3648"}],"curies":[{"name":"wp","href":"https:\/\/api.w.org\/{rel}","templated":true}]}}