{"id":3643,"date":"2025-11-24T13:50:27","date_gmt":"2025-11-24T05:50:27","guid":{"rendered":"https:\/\/minghanggroup.com\/?post_type=product&#038;p=3643"},"modified":"2026-01-20T14:08:31","modified_gmt":"2026-01-20T06:08:31","slug":"bulk-clear-glass-round-resealable-bottles","status":"publish","type":"product","link":"https:\/\/minghanggroup.com\/es\/producto\/bulk-clear-glass-round-resealable-bottles\/","title":{"rendered":"Botellas redondas resellables de vidrio transparente a granel de 350 ml, 500 ml y 1040 ml"},"content":{"rendered":"<p>Estas botellas de vidrio transparentes y sellables est\u00e1n hechas de vidrio. Est\u00e1n disponibles en tres tama\u00f1os diferentes y cuentan con tapas met\u00e1licas a presi\u00f3n. Son f\u00e1ciles de usar y se pueden volver a sellar.<\/p>\n<h2>Caracter\u00edsticas del producto<\/h2>\n<ul>\n<li><strong>Dise\u00f1o resellable conveniente:<\/strong> Con una mano los clientes pueden abrir y cerrar f\u00e1cilmente estas botellas, por lo que son perfectas para productos que requieren un uso repetido.<\/li>\n<li><strong>Durabilidad de grado comercial:<\/strong> Fabricadas con vidrio pesado y equipadas con tapas met\u00e1licas a presi\u00f3n, estas botellas tienen la capacidad de soportar la naturaleza dura de un proceso de manipulaci\u00f3n y transporte.<\/li>\n<li><strong>Dise\u00f1o simple:<\/strong> Las botellas tienen un dise\u00f1o limpio y simple que es apropiado para diversos lugares, como hogares, restaurantes y pueden ser utilizadas de diferentes maneras por diferentes personas.<\/li>\n<\/ul>\n<h2 style=\"text-align: left;\">Especificaciones clave<\/h2>\n<table class=\"aligncenter\" style=\"border-collapse: collapse; width: 525.02pt;\" border=\"0\" width=\"700\" cellspacing=\"0\" cellpadding=\"0\">\n<tbody>\n<tr style=\"height: 13.50pt;\">\n<td style=\"height: 13.50pt; width: 91.50pt;\" width=\"122\" height=\"18\">Caracter\u00edstica<\/td>\n<td style=\"width: 433.50pt;\" width=\"578\">Detalles<\/td>\n<\/tr>\n<tr style=\"height: 13.50pt;\">\n<td style=\"height: 13.50pt;\" height=\"18\">Dimensiones<\/td>\n<td>350 ml: 6,8 \u00d7 18,9 cm \/ 500 ml: 7,5 \u00d7 21,5 cm \/ 1040 ml: 9 \u00d7 27 cm<\/td>\n<\/tr>\n<tr style=\"height: 13.50pt;\">\n<td style=\"height: 13.50pt;\" height=\"18\">Material<\/td>\n<td>Vidrio s\u00f3dico-c\u00e1lcico transparente<\/td>\n<\/tr>\n<tr style=\"height: 13.50pt;\">\n<td style=\"height: 13.50pt;\" height=\"18\">Adecuado para<\/td>\n<td>Botellas de vidrio sellables, botellas con tapa abatible<\/td>\n<\/tr>\n<\/tbody>\n<\/table>\n<h2>Soluciones de embalaje para una marca de alimentos<\/h2>\n<p>La empresa de alimentos especializados buscaba botellas resellables fiables para envasar su nueva gama de jarabes saborizados y l\u00edquidos para c\u00f3cteles, y por ello eligi\u00f3 nuestras botellas de vidrio resellables de 500 ml por su tama\u00f1o moderado y su excelente sellado. El sellado era fundamental: permit\u00eda que el producto se mantuviera seguro durante un 30 % m\u00e1s de tiempo y, al mismo tiempo, evitaba fugas durante el transporte. El vidrio transparente era perfecto para realzar los colores del producto, lo que se tradujo en un aumento del 25 % en las compras impulsivas. Conforme a estos resultados, la empresa nos realiz\u00f3 recientemente un pedido importante: pretenden comprar m\u00e1s de 400\u00a0000 botellas para sus pr\u00f3ximos proyectos.<\/p>\n<h2>Opciones de personalizaci\u00f3n de botellas resellables<\/h2>\n<ul>\n<li>Opci\u00f3n de vidrio \u00e1mbar: obtenga vidrio \u00e1mbar que bloquea la luz y es perfecto para productos sensibles a la luz.<\/li>\n<li>Logotipos de serigraf\u00eda: desarrolle logotipos de marca vibrantes y duraderos hechos con tintas cer\u00e1micas duraderas.<\/li>\n<li>Color de tapa personalizado: el color del cierre de metal se puede cambiar al esquema de colores de la marca para que sea uniforme.<\/li>\n<li>Acabado esmerilado: el proceso de grabado \u00e1cido ayuda a lograr un elegante aspecto mate.<\/li>\n<\/ul>","protected":false},"excerpt":{"rendered":"<p>Mantenga el contenido fresco con botellas de vidrio sellables dise\u00f1adas como botellas resellables vers\u00e1tiles, con tres tama\u00f1os y suministradas directamente de f\u00e1brica para obtener el m\u00e1ximo valor.<\/p>","protected":false},"featured_media":3645,"template":"","meta":{"postBodyCss":"","postBodyMargin":[],"postBodyPadding":[],"postBodyBackground":{"backgroundType":"classic","gradient":""}},"product_brand":[],"product_cat":[15,16,56],"product_tag":[79,72,78],"class_list":{"0":"post-3643","1":"product","2":"type-product","3":"status-publish","4":"has-post-thumbnail","6":"product_cat-glass-containers","7":"product_cat-glass-bottles","8":"product_cat-flip-top-bottles","9":"product_tag-beer-bottles","10":"product_tag-juice-bottles","11":"product_tag-water-bottles","13":"first","14":"instock","15":"shipping-taxable","16":"product-type-simple"},"jetpack_sharing_enabled":true,"_links":{"self":[{"href":"https:\/\/minghanggroup.com\/es\/wp-json\/wp\/v2\/product\/3643","targetHints":{"allow":["GET"]}}],"collection":[{"href":"https:\/\/minghanggroup.com\/es\/wp-json\/wp\/v2\/product"}],"about":[{"href":"https:\/\/minghanggroup.com\/es\/wp-json\/wp\/v2\/types\/product"}],"wp:featuredmedia":[{"embeddable":true,"href":"https:\/\/minghanggroup.com\/es\/wp-json\/wp\/v2\/media\/3645"}],"wp:attachment":[{"href":"https:\/\/minghanggroup.com\/es\/wp-json\/wp\/v2\/media?parent=3643"}],"wp:term":[{"taxonomy":"product_brand","embeddable":true,"href":"https:\/\/minghanggroup.com\/es\/wp-json\/wp\/v2\/product_brand?post=3643"},{"taxonomy":"product_cat","embeddable":true,"href":"https:\/\/minghanggroup.com\/es\/wp-json\/wp\/v2\/product_cat?post=3643"},{"taxonomy":"product_tag","embeddable":true,"href":"https:\/\/minghanggroup.com\/es\/wp-json\/wp\/v2\/product_tag?post=3643"}],"curies":[{"name":"wp","href":"https:\/\/api.w.org\/{rel}","templated":true}]}}