{"id":3638,"date":"2025-11-24T13:14:39","date_gmt":"2025-11-24T05:14:39","guid":{"rendered":"https:\/\/minghanggroup.com\/?post_type=product&#038;p=3638"},"modified":"2026-01-20T14:08:58","modified_gmt":"2026-01-20T06:08:58","slug":"bulk-resealable-glass-brown-flip-top-beer-bottles","status":"publish","type":"product","link":"https:\/\/minghanggroup.com\/es\/producto\/bulk-resealable-glass-brown-flip-top-beer-bottles\/","title":{"rendered":"Botellas de cerveza de vidrio marr\u00f3n con tapa abatible y resellables a granel, 11 oz, 16 oz y 25 oz"},"content":{"rendered":"<p>Estas botellas de cerveza con tapa abatible que se muestran aqu\u00ed son de vidrio marr\u00f3n oscuro con una bonita forma alargada y un tap\u00f3n met\u00e1lico a presi\u00f3n. Son botellas de vidrio resellables de alta calidad.<\/p>\n<h2>Caracter\u00edsticas del producto<\/h2>\n<ul>\n<li><strong>Material de vidrio marr\u00f3n:<\/strong> El vidrio marr\u00f3n absorbe la luz que es da\u00f1ina para el l\u00edquido que contiene (como la cerveza o la salsa) y al mismo tiempo le da un aspecto retro.<\/li>\n<li><strong>Dise\u00f1o de sellado a presi\u00f3n:<\/strong> Con la instalaci\u00f3n de un trozo de tap\u00f3n a presi\u00f3n de metal rojo y blanco, se obtiene un excelente sellado, por lo que se puede conservar la frescura durante mucho tiempo y abrir y cerrar sin esfuerzo.<\/li>\n<li><strong>Forma de botella de moda:<\/strong> Una botella alargada y elegante no solo es c\u00f3moda de sostener, sino que tambi\u00e9n se puede dejar sin problemas en el refrigerador o en un estante; es justo lo que se necesita para preparar cerveza casera, almacenar l\u00edquidos y una gran cantidad de otros prop\u00f3sitos.<\/li>\n<\/ul>\n<h2 style=\"text-align: left;\">Especificaciones clave<\/h2>\n<table class=\"aligncenter\" width=\"717\">\n<tbody>\n<tr>\n<td width=\"122\">Caracter\u00edstica<\/td>\n<td width=\"595\">Detalles<\/td>\n<\/tr>\n<tr>\n<td>Tama\u00f1o<\/td>\n<td>330 ml (11 oz): 6,25 \u00d7 22 cm \/ 500 ml (16 oz): 7,1 \u00d7 25,6 cm \/ 750 ml (25 oz): 7,8 \u00d7 30,5 cm<\/td>\n<\/tr>\n<tr>\n<td>Material<\/td>\n<td>Vidrio s\u00f3dico-c\u00e1lcico de color \u00e1mbar (marr\u00f3n)<\/td>\n<\/tr>\n<tr>\n<td>Adecuado para<\/td>\n<td>Botellas de cerveza con tapa abatible, botellas de vidrio resellables<\/td>\n<\/tr>\n<\/tbody>\n<\/table>\n<h2>Historia de \u00e9xito: La expansi\u00f3n de un peque\u00f1o negocio cervecero<\/h2>\n<p>La peque\u00f1a cervecer\u00eda en expansi\u00f3n necesitaba un plan de envasado que no solo conservara la calidad de su cerveza, sino que tambi\u00e9n la diferenciara de las dem\u00e1s en el lineal. Finalmente, decidieron utilizar nuestras botellas de vidrio resellables de 500 ml para su l\u00ednea de productos de lujo. Adem\u00e1s, el vidrio \u00e1mbar ofrece protecci\u00f3n UV completa, lo que evita que la bebida se estropee. El dise\u00f1o resellable fue muy apreciado por los clientes, cuyos comentarios indicaron que las botellas conservaban sus burbujas hasta 7 d\u00edas despu\u00e9s de abrirlas. En comparaci\u00f3n con envases anteriores, la durabilidad de la botella ha reducido en un 25 % las roturas durante el llenado. Gracias a este excelente rendimiento, recientemente realizaron un nuevo pedido de m\u00e1s de 100\u00a0000 botellas para distribuir sus productos a tres nuevos estados.<\/p>\n<h2>Opciones de personalizaci\u00f3n de botellas de cerveza con tapa abatible<\/h2>\n<ul>\n<li>Colores de vidrio personalizados: se pueden elegir varios tonos de vidrio, desde \u00e1mbar claro hasta marr\u00f3n oscuro, para satisfacer diferentes requisitos de protecci\u00f3n UV.<\/li>\n<li>Marcas grabadas con \u00e1cido: la marca grabada con \u00e1cido crea un logotipo de marca descolorido que nunca desaparecer\u00e1 incluso despu\u00e9s de limpiarlo o manipularlo.<\/li>\n<li>Marcas de volumen en relieve: introduzca graduaciones en relieve para medir con precisi\u00f3n el relleno y garantizar la consistencia de la receta.<\/li>\n<li>Estampado de cuello: lleve el sutil logotipo de su marca o el c\u00f3digo de lote del cuello al siguiente nivel junto con la imagen de su producto mediante el estampado de cuello.<\/li>\n<\/ul>\n<p>\u00bfQuieres llevar el empaque de tus bebidas al siguiente nivel? \u00a1Cont\u00e1ctanos ahora si quieres saber precios para compras al por mayor de estas botellas premium de cerveza con tapa abatible!<\/p>","protected":false},"excerpt":{"rendered":"<p>Prepare, almacene y disfrute su cerveza f\u00e1cilmente con botellas de cerveza con tapa abatible y vers\u00e1tiles botellas de vidrio resellables. Todos los tama\u00f1os est\u00e1n disponibles, en stock y con env\u00edo r\u00e1pido.<\/p>","protected":false},"featured_media":3642,"template":"","meta":{"postBodyCss":"","postBodyMargin":[],"postBodyPadding":[],"postBodyBackground":{"backgroundType":"classic","gradient":""}},"product_brand":[],"product_cat":[15,16,56],"product_tag":[79,72],"class_list":{"0":"post-3638","1":"product","2":"type-product","3":"status-publish","4":"has-post-thumbnail","6":"product_cat-glass-containers","7":"product_cat-glass-bottles","8":"product_cat-flip-top-bottles","9":"product_tag-beer-bottles","10":"product_tag-juice-bottles","12":"first","13":"instock","14":"shipping-taxable","15":"product-type-simple"},"jetpack_sharing_enabled":true,"_links":{"self":[{"href":"https:\/\/minghanggroup.com\/es\/wp-json\/wp\/v2\/product\/3638","targetHints":{"allow":["GET"]}}],"collection":[{"href":"https:\/\/minghanggroup.com\/es\/wp-json\/wp\/v2\/product"}],"about":[{"href":"https:\/\/minghanggroup.com\/es\/wp-json\/wp\/v2\/types\/product"}],"wp:featuredmedia":[{"embeddable":true,"href":"https:\/\/minghanggroup.com\/es\/wp-json\/wp\/v2\/media\/3642"}],"wp:attachment":[{"href":"https:\/\/minghanggroup.com\/es\/wp-json\/wp\/v2\/media?parent=3638"}],"wp:term":[{"taxonomy":"product_brand","embeddable":true,"href":"https:\/\/minghanggroup.com\/es\/wp-json\/wp\/v2\/product_brand?post=3638"},{"taxonomy":"product_cat","embeddable":true,"href":"https:\/\/minghanggroup.com\/es\/wp-json\/wp\/v2\/product_cat?post=3638"},{"taxonomy":"product_tag","embeddable":true,"href":"https:\/\/minghanggroup.com\/es\/wp-json\/wp\/v2\/product_tag?post=3638"}],"curies":[{"name":"wp","href":"https:\/\/api.w.org\/{rel}","templated":true}]}}