{"id":3632,"date":"2025-11-24T11:57:38","date_gmt":"2025-11-24T03:57:38","guid":{"rendered":"https:\/\/minghanggroup.com\/?post_type=product&#038;p=3632"},"modified":"2026-01-20T13:58:45","modified_gmt":"2026-01-20T05:58:45","slug":"vintage-pickle-jar-for-packaging-bulk","status":"publish","type":"product","link":"https:\/\/minghanggroup.com\/es\/producto\/vintage-pickle-jar-for-packaging-bulk\/","title":{"rendered":"Tarro vintage para encurtidos a granel (50 ml - 380 ml)"},"content":{"rendered":"<p>El frasco vintage para encurtidos que contiene tus cebollas encurtidas debe ser tan sabroso como ellas. Creamos frascos de vidrio retro de alta gama que no solo convierten tu envase en un accesorio elegante y pr\u00e1ctico para la encimera, sino que tambi\u00e9n prolongan la frescura de tus verduras encurtidas. Dejan de ser simples recipientes para convertirse en la nueva arma secreta de tu marca para atraer clientes.<\/p>\n<h2>Caracter\u00edsticas del producto<\/h2>\n<ol>\n<li><strong>Dise\u00f1o vintage atemporal: <\/strong>Con solo agregar una tapa de metal con rayas rojas y blancas a nuestra ic\u00f3nica forma circular, su marca obtiene un aspecto vintage instant\u00e1neo, muy atractivo para los clientes que buscan envases de vidrio reutilizables.<\/li>\n<li><strong>Claridad cristalina: <\/strong>El uso de vidrio blanco de alta calidad permite que cualquiera pueda ver inmediatamente las verduras frescas y coloridas en el frasco. Por lo tanto, los frascos de cebolla encurtida se convierten no solo en la mejor soluci\u00f3n para almacenar alimentos, sino tambi\u00e9n en un excelente expositor para tiendas.<\/li>\n<li><strong>Sello herm\u00e9tico seguro: <\/strong>La tapa de metal con acabados de rosca continua es lo que hace el sellado perfecto del frasco, as\u00ed la frescura y el sabor son los que se quedan en el frasco, y la salmuera se mantiene perfecta para tus encurtidos de pepino y eneldo.<\/li>\n<li><strong>Capacidad vers\u00e1til: <\/strong>Los diferentes tama\u00f1os (50 ml-380 ml) son suficientes para satisfacer todas sus necesidades de encurtido y enlatado, ya sean peque\u00f1as muestras o pedidos grandes y mayoristas de negocios de alimentos.<\/li>\n<\/ol>\n<h2>Especificaciones clave<\/h2>\n<table style=\"border-collapse: collapse; width: 80%; margin-left: auto; margin-right: auto;\" border=\"0\" width=\"288\" cellspacing=\"0\" cellpadding=\"0\">\n<tbody>\n<tr style=\"height: 13.50pt;\">\n<td style=\"height: 13.5pt; width: 54pt; text-align: center;\" width=\"72\" height=\"18\">Capacidad (ml)<\/td>\n<td style=\"width: 54pt; text-align: center;\" width=\"72\">Tama\u00f1o (cm)<\/td>\n<td style=\"width: 54pt; text-align: center;\" width=\"72\">Uso<\/td>\n<td style=\"width: 54pt; text-align: center;\" width=\"72\">Tapas<\/td>\n<\/tr>\n<tr style=\"height: 13.50pt;\">\n<td style=\"height: 13.5pt; text-align: center;\" align=\"right\" height=\"18\">50<\/td>\n<td style=\"text-align: center;\">4.4 * 5.5<\/td>\n<td class=\"et2\" style=\"text-align: center;\" rowspan=\"6\">Mermelada, encurtidos, miel<\/td>\n<td class=\"et2\" style=\"text-align: center;\" rowspan=\"6\">cubierta de hojalata<\/td>\n<\/tr>\n<tr style=\"height: 13.50pt;\">\n<td style=\"height: 13.5pt; text-align: center;\" align=\"right\" height=\"18\">100<\/td>\n<td style=\"text-align: center;\">5.9 * 6.4<\/td>\n<\/tr>\n<tr style=\"height: 13.50pt;\">\n<td style=\"height: 13.5pt; text-align: center;\" align=\"right\" height=\"18\">150<\/td>\n<td style=\"text-align: center;\">6.5 * 6.8<\/td>\n<\/tr>\n<tr style=\"height: 13.50pt;\">\n<td style=\"height: 13.5pt; text-align: center;\" align=\"right\" height=\"18\">200<\/td>\n<td style=\"text-align: center;\">6.5\u00a0 8 .5<\/td>\n<\/tr>\n<tr style=\"height: 13.50pt;\">\n<td style=\"height: 13.5pt; text-align: center;\" align=\"right\" height=\"18\">250<\/td>\n<td style=\"text-align: center;\">7.5 * 9.7<\/td>\n<\/tr>\n<tr style=\"height: 13.50pt;\">\n<td style=\"height: 13.5pt; text-align: center;\" align=\"right\" height=\"18\">380<\/td>\n<td style=\"text-align: center;\">8.4 * 11.5<\/td>\n<\/tr>\n<\/tbody>\n<\/table>\n<h2>Caso de \u00e9xito<\/h2>\n<p>Cuando una peque\u00f1a marca de encurtidos del norte de Inglaterra necesitaba un envase que realzara sus sabores tradicionales, se decidieron por nuestro tarro vintage. El cliente quer\u00eda estrenar una l\u00ednea de cebollas encurtidas con un estilo retro, por lo que era necesario encontrar un tarro con una forma que fuera a la vez nost\u00e1lgica y rellenable industrialmente. Combinamos el tarro con un tarro redondo de fondo grueso y creamos una tapa personalizada a cuadros rojos y blancos para que el producto fuera m\u00e1s reconocible visualmente para los clientes en el lineal.<\/p>\n<p>Nos informaron que sus ventas de la l\u00ednea de cebolla encurtida han subido un 30% en las cadenas de supermercados locales despu\u00e9s del lanzamiento.<\/p>\n<h2>Consejos para personalizar frascos de pepinillos vintage<\/h2>\n<p>Supongamos que desea personalizar este frasco de pepinillos cl\u00e1sico; en primer lugar, es recomendable contar con un estilo general que se ajuste mejor a la historia de su marca. Por ejemplo, puede a\u00f1adir un estampado exclusivo en relieve a la tapa a cuadros rojos y blancos para que el envase destaque y refuerce su aire retro. Adem\u00e1s, puede modificar la capacidad del frasco y el grosor del vidrio para adaptarlo a las texturas y al m\u00e9todo de llenado de los diferentes productos encurtidos. Adem\u00e1s, puede asegurar una identidad visual estable e inolvidable no solo para los frascos de cebollas encurtidas y otras l\u00edneas de encurtidos, sino tambi\u00e9n en general, a\u00f1adiendo un logotipo en relieve o personalizando el tama\u00f1o de la etiqueta.<\/p>","protected":false},"excerpt":{"rendered":"<p>Descubra nuestra serie vintage de frascos para encurtidos, ideales para almacenar cebollas encurtidas a granel. Vidrio resistente, tapas herm\u00e9ticas, muestra gratuita y env\u00edo directo de f\u00e1brica.<\/p>","protected":false},"featured_media":3633,"template":"","meta":{"postBodyCss":"","postBodyMargin":[],"postBodyPadding":[],"postBodyBackground":{"backgroundType":"classic","gradient":""}},"product_brand":[],"product_cat":[15,17,55],"product_tag":[65,71],"class_list":{"0":"post-3632","1":"product","2":"type-product","3":"status-publish","4":"has-post-thumbnail","6":"product_cat-glass-containers","7":"product_cat-glass-jars","8":"product_cat-pickle-jars","9":"product_tag-glass-jam-jars","10":"product_tag-honey-jars","12":"first","13":"instock","14":"shipping-taxable","15":"product-type-simple"},"jetpack_sharing_enabled":true,"_links":{"self":[{"href":"https:\/\/minghanggroup.com\/es\/wp-json\/wp\/v2\/product\/3632","targetHints":{"allow":["GET"]}}],"collection":[{"href":"https:\/\/minghanggroup.com\/es\/wp-json\/wp\/v2\/product"}],"about":[{"href":"https:\/\/minghanggroup.com\/es\/wp-json\/wp\/v2\/types\/product"}],"wp:featuredmedia":[{"embeddable":true,"href":"https:\/\/minghanggroup.com\/es\/wp-json\/wp\/v2\/media\/3633"}],"wp:attachment":[{"href":"https:\/\/minghanggroup.com\/es\/wp-json\/wp\/v2\/media?parent=3632"}],"wp:term":[{"taxonomy":"product_brand","embeddable":true,"href":"https:\/\/minghanggroup.com\/es\/wp-json\/wp\/v2\/product_brand?post=3632"},{"taxonomy":"product_cat","embeddable":true,"href":"https:\/\/minghanggroup.com\/es\/wp-json\/wp\/v2\/product_cat?post=3632"},{"taxonomy":"product_tag","embeddable":true,"href":"https:\/\/minghanggroup.com\/es\/wp-json\/wp\/v2\/product_tag?post=3632"}],"curies":[{"name":"wp","href":"https:\/\/api.w.org\/{rel}","templated":true}]}}