{"id":3627,"date":"2025-11-21T15:49:28","date_gmt":"2025-11-21T07:49:28","guid":{"rendered":"https:\/\/minghanggroup.com\/?post_type=product&#038;p=3627"},"modified":"2026-01-20T14:09:26","modified_gmt":"2026-01-20T06:09:26","slug":"bulk-clear-16-oz-flip-top-bottles-for-fermentation","status":"publish","type":"product","link":"https:\/\/minghanggroup.com\/es\/producto\/bulk-clear-16-oz-flip-top-bottles-for-fermentation\/","title":{"rendered":"Botellas a granel con tapa abatible de 11 oz y 16 oz para fermentaci\u00f3n"},"content":{"rendered":"<p>Con estas botellas de 473 ml con tapa abatible, podr\u00e1s realizar tus proyectos de fermentaci\u00f3n con total confianza. Est\u00e1n hechas de vidrio brillante y tienen una tapa met\u00e1lica a presi\u00f3n. Adem\u00e1s, puedes revisar f\u00e1cilmente el contenido sin abrir el envase.<\/p>\n<h2>Caracter\u00edsticas del producto<\/h2>\n<ul>\n<li><strong>El bloqueo de carbonataci\u00f3n m\u00e1s herm\u00e9tico:<\/strong> Gracias a las gruesas juntas de goma que ofrecen un sellado muy herm\u00e9tico, se mantiene la carbonataci\u00f3n de la bebida, por lo que siempre puede tener una textura ligera y aireada.<\/li>\n<li><strong>Durable y reciclable:<\/strong> Las botellas son de vidrio resistente con tapa abatible resistente a la oxidaci\u00f3n, por lo que son duraderas y pueden usarse repetidamente para ciclos de fermentaci\u00f3n.<\/li>\n<li><strong>S\u00f3lo dos tama\u00f1os:<\/strong> Los dos tama\u00f1os de estas botellas pueden satisfacer diversas necesidades de almacenamiento y se pueden utilizar para bebidas, salsas y una amplia gama de otras \u200b\u200d\u200b\u200c\u200d\u200b\u200d\u200c\u200b\u200d\u200b\u200c\u200d\u200b\u200d\u200ccosas.<\/li>\n<\/ul>\n<h2 style=\"text-align: left;\">Especificaciones clave<\/h2>\n<table class=\"aligncenter\" style=\"border-collapse: collapse; width: 474.02pt;\" border=\"0\" width=\"632\" cellspacing=\"0\" cellpadding=\"0\">\n<tbody>\n<tr style=\"height: 13.50pt;\">\n<td style=\"height: 13.50pt; width: 93.75pt;\" width=\"125\" height=\"18\">Caracter\u00edstica<\/td>\n<td style=\"width: 380.25pt;\" width=\"507\">Detalles<\/td>\n<\/tr>\n<tr style=\"height: 13.50pt;\">\n<td style=\"height: 13.50pt;\" height=\"18\">Dimensiones<\/td>\n<td>330 ml (11 oz): 6,35 cm \u00d7 22 cm \/ 500 ml (16 oz): 7,1 cm \u00d7 25,6 cm<\/td>\n<\/tr>\n<tr style=\"height: 13.50pt;\">\n<td style=\"height: 13.50pt;\" height=\"18\">Material<\/td>\n<td>Vidrio s\u00f3dico-c\u00e1lcico transparente<\/td>\n<\/tr>\n<tr style=\"height: 13.50pt;\">\n<td style=\"height: 13.50pt;\" height=\"18\">Adecuado para<\/td>\n<td>Botella para fermentaci\u00f3n, botellas con tapa abatible<\/td>\n<\/tr>\n<\/tbody>\n<\/table>\n<h2>Historia de \u00e9xito: El comienzo y el crecimiento de un fabricante artesanal de refrescos<\/h2>\n<p>Uno de los problemas que enfrent\u00f3 una empresa emergente de refrescos artesanales fue que las tapas no aguantaban la carbonataci\u00f3n natural del producto. Posteriormente, decidieron usar nuestra botella flip-top de 16 oz \u00fanicamente para la fermentaci\u00f3n y el envasado. Los resultados fueron fant\u00e1sticos. Una de las principales razones fue el sellado perfecto que mantuvo el producto carbonatado durante m\u00e1s de medio a\u00f1o, lo que redujo la tasa de devoluci\u00f3n a casi cero. Adem\u00e1s, gracias a la reutilizaci\u00f3n de la botella, la fidelidad de los clientes aument\u00f3 considerablemente, lo que result\u00f3 en un aumento del 40 % en las compras recurrentes. Gracias a su excelente rendimiento, realizaron un pedido de m\u00e1s de 250\u00a0000 botellas para el lanzamiento de su nueva l\u00ednea de productos en todo el pa\u00eds.<\/p>\n<h2>Soluciones cerveceras personalizadas<\/h2>\n<ul>\n<li><strong>Protecci\u00f3n de vidrio \u00e1mbar:<\/strong> El prop\u00f3sito del vidrio \u00e1mbar es proteger la cerveza, y en general, las bebidas sensibles a la luz, de los da\u00f1inos rayos UV.<\/li>\n<li><strong>Marcas de volumen elevado:<\/strong> Para preparar caf\u00e9 con medidas precisas, se instalan marcas de volumen elevadas y permanentes.<\/li>\n<li><strong>Acabado mate:<\/strong> Toda la botella de vidrio est\u00e1 cubierta con un revestimiento mate que le da una textura lujosa y antideslizante.<\/li>\n<li><strong>Estampado en el cuello de la botella:<\/strong> El cuello de la botella est\u00e1 sutilmente grabado con un patr\u00f3n que proporciona una identidad de marca t\u00e1ctil y \u00fanica.<\/li>\n<\/ul>","protected":false},"excerpt":{"rendered":"<p>Descubra la botella perfecta para la fermentaci\u00f3n con nuestras resistentes botellas de 473 ml con tapa abatible, que ofrecen un cierre herm\u00e9tico para la elaboraci\u00f3n de cerveza. Ahora con env\u00edo r\u00e1pido.<\/p>","protected":false},"featured_media":3629,"template":"","meta":{"postBodyCss":"","postBodyMargin":[],"postBodyPadding":[],"postBodyBackground":{"backgroundType":"classic","gradient":""}},"product_brand":[],"product_cat":[15,16,56],"product_tag":[79,72,78],"class_list":{"0":"post-3627","1":"product","2":"type-product","3":"status-publish","4":"has-post-thumbnail","6":"product_cat-glass-containers","7":"product_cat-glass-bottles","8":"product_cat-flip-top-bottles","9":"product_tag-beer-bottles","10":"product_tag-juice-bottles","11":"product_tag-water-bottles","13":"first","14":"instock","15":"shipping-taxable","16":"product-type-simple"},"jetpack_sharing_enabled":true,"_links":{"self":[{"href":"https:\/\/minghanggroup.com\/es\/wp-json\/wp\/v2\/product\/3627","targetHints":{"allow":["GET"]}}],"collection":[{"href":"https:\/\/minghanggroup.com\/es\/wp-json\/wp\/v2\/product"}],"about":[{"href":"https:\/\/minghanggroup.com\/es\/wp-json\/wp\/v2\/types\/product"}],"wp:featuredmedia":[{"embeddable":true,"href":"https:\/\/minghanggroup.com\/es\/wp-json\/wp\/v2\/media\/3629"}],"wp:attachment":[{"href":"https:\/\/minghanggroup.com\/es\/wp-json\/wp\/v2\/media?parent=3627"}],"wp:term":[{"taxonomy":"product_brand","embeddable":true,"href":"https:\/\/minghanggroup.com\/es\/wp-json\/wp\/v2\/product_brand?post=3627"},{"taxonomy":"product_cat","embeddable":true,"href":"https:\/\/minghanggroup.com\/es\/wp-json\/wp\/v2\/product_cat?post=3627"},{"taxonomy":"product_tag","embeddable":true,"href":"https:\/\/minghanggroup.com\/es\/wp-json\/wp\/v2\/product_tag?post=3627"}],"curies":[{"name":"wp","href":"https:\/\/api.w.org\/{rel}","templated":true}]}}