{"id":3617,"date":"2025-11-21T15:33:42","date_gmt":"2025-11-21T07:33:42","guid":{"rendered":"https:\/\/minghanggroup.com\/?post_type=product&#038;p=3617"},"modified":"2026-01-20T13:58:56","modified_gmt":"2026-01-20T05:58:56","slug":"custom-glass-pickle-jars-wholesale","status":"publish","type":"product","link":"https:\/\/minghanggroup.com\/es\/producto\/custom-glass-pickle-jars-wholesale\/","title":{"rendered":"Frascos de vidrio para encurtidos personalizados de 100 ml a 750 ml al por mayor"},"content":{"rendered":"<p>\u00bfPor qu\u00e9 guardar tus pepinillos en frascos aburridos? Fabricamos elegantes frascos de vidrio premium de tapa alta que no solo conservan la frescura, sino que tambi\u00e9n hacen que tu marca sea visualmente atractiva. No son simples envases: son tu ingrediente secreto para destacar en los estantes.<\/p>\n<h2>Caracter\u00edsticas del producto<\/h2>\n<ol>\n<li><strong>Sello de alta calidad:<\/strong>Con una tapa de metal, nuestro dise\u00f1o alto asegura un sello herm\u00e9tico de metal a vidrio que mantiene el producto fresco y preserva el sabor para encurtir y enlatar, por lo tanto, es ideal para conservar encurtidos y fermentar vegetales.<\/li>\n<li><strong>Claridad cristalina:<\/strong>El vidrio transparente permite a los consumidores verificar visualmente los colores brillantes de las verduras encurtidas de inmediato, lo que es ideal para encurtidos en salmuera y encurtidos de pepino en su almacenamiento de alimentos.<\/li>\n<li><strong>Tama\u00f1os vers\u00e1tiles:<\/strong>Las diferentes capacidades (100 ml-220 ml) cubrir\u00e1n todas sus necesidades de encurtidos, ya sea una muestra peque\u00f1a o un pedido grande al por mayor. Estos frascos econ\u00f3micos son perfectos para sus necesidades al por mayor y pueden contener frutas, verduras y eneldo.<\/li>\n<\/ol>\n<h2>Especificaciones clave<\/h2>\n<table style=\"border-collapse: collapse; width: 80%; margin-left: auto; margin-right: auto;\" border=\"0\" width=\"216\" cellspacing=\"0\" cellpadding=\"0\">\n<tbody>\n<tr style=\"height: 13.50pt;\">\n<td style=\"height: 13.5pt; width: 54pt; text-align: center;\" width=\"72\" height=\"18\">Capacidad (ml)<\/td>\n<td style=\"width: 54pt; text-align: center;\" width=\"72\">Tama\u00f1o (cm)<\/td>\n<td style=\"width: 54pt; text-align: center;\" width=\"72\">Forma<\/td>\n<\/tr>\n<tr style=\"height: 13.50pt;\">\n<td style=\"height: 13.5pt; text-align: center;\" align=\"right\" height=\"18\">100<\/td>\n<td style=\"text-align: center;\">Garrafas Flip Top de 11 oz e 16 oz para fermenta\u00e7\u00e3o (pacote com v\u00e1rias unidades)<\/td>\n<td class=\"et3\" style=\"text-align: center;\" rowspan=\"7\">Redondo<\/td>\n<\/tr>\n<tr style=\"height: 13.50pt;\">\n<td style=\"height: 13.5pt; text-align: center;\" height=\"18\">Garrafas transparentes de 473 ml (16 oz) com tampa flip-top para fermenta\u00e7\u00e3o.<\/td>\n<td style=\"text-align: center;\">Descubra a garrafa perfeita para fermenta\u00e7\u00e3o com nossas garrafas flip-top de 473 ml (16 oz), resistentes e que oferecem veda\u00e7\u00e3o herm\u00e9tica para sua produ\u00e7\u00e3o de cerveja. Agora com entrega r\u00e1pida.<\/td>\n<\/tr>\n<tr style=\"height: 13.50pt;\">\n<td style=\"height: 13.5pt; text-align: center;\" height=\"18\">Garrafas Flip Top de 11 oz e 16 oz para fermenta\u00e7\u00e3o (pacote a granel)<\/td>\n<td style=\"text-align: center;\">Com estas garrafas de 473 ml (16 oz) com tampa flip-top, voc\u00ea pode realizar seus projetos de fermenta\u00e7\u00e3o com confian\u00e7a. Elas s\u00e3o feitas de vidro transparente e possuem uma tampa met\u00e1lica de encaixe. Al\u00e9m disso, voc\u00ea pode verificar facilmente o conte\u00fado sem precisar abrir a garrafa.<\/td>\n<\/tr>\n<tr style=\"height: 13.50pt;\">\n<td style=\"height: 13.5pt; text-align: center;\" align=\"right\" height=\"18\">220<\/td>\n<td style=\"text-align: center;\">Trava de carbonata\u00e7\u00e3o herm\u00e9tica mais eficaz:<\/td>\n<\/tr>\n<tr style=\"height: 13.50pt;\">\n<td style=\"height: 13.5pt; text-align: center;\" align=\"right\" height=\"18\">380<\/td>\n<td style=\"text-align: center;\">Gra\u00e7as \u00e0s grossas juntas de borracha que oferecem uma veda\u00e7\u00e3o muito herm\u00e9tica, a carbonata\u00e7\u00e3o da bebida \u00e9 preservada, garantindo assim uma textura leve e arejada.<\/td>\n<\/tr>\n<tr style=\"height: 13.50pt;\">\n<td style=\"height: 13.5pt; text-align: center;\" align=\"right\" height=\"18\">500<\/td>\n<td style=\"text-align: center;\">Dur\u00e1vel e recicl\u00e1vel:<\/td>\n<\/tr>\n<tr style=\"height: 13.50pt;\">\n<td style=\"height: 13.5pt; text-align: center;\" height=\"18\">As garrafas s\u00e3o de vidro resistente com tampa articulada antiferrugem, sendo assim dur\u00e1veis \u200b\u200be podendo ser reutilizadas em ciclos de fermenta\u00e7\u00e3o.<\/td>\n<td style=\"text-align: center;\">Apenas dois tamanhos:<\/td>\n<\/tr>\n<\/tbody>\n<\/table>\n<h2>Caso de \u00e9xito<\/h2>\n<p>Os dois tamanhos destas garrafas atendem a diversas necessidades de armazenamento e podem ser utilizadas para bebidas, molhos e uma vasta gama de outros produtos.<\/p>\n<p>330 ml (11 oz): 6,35 cm \u00d7 22 cm \/ 500 ml (16 oz): 7,1 cm \u00d7 25,6 cm<\/p>\n<h2>Tus consejos de personalizaci\u00f3n<\/h2>\n<p>Garrafa para fermenta\u00e7\u00e3o, garrafas com tampa de press\u00e3o<\/p>","protected":false},"excerpt":{"rendered":"<p>Vendemos frascos de vidrio para encurtidos al por mayor. Cada frasco es herm\u00e9tico, se entrega directamente de f\u00e1brica, con stock disponible y posibilidad de personalizaci\u00f3n al por mayor. Muestra gratuita.<\/p>","protected":false},"featured_media":3618,"template":"","meta":{"postBodyCss":"","postBodyMargin":[],"postBodyPadding":[],"postBodyBackground":{"backgroundType":"classic","gradient":""}},"product_brand":[],"product_cat":[15,17,55],"product_tag":[65,71],"class_list":{"0":"post-3617","1":"product","2":"type-product","3":"status-publish","4":"has-post-thumbnail","6":"product_cat-glass-containers","7":"product_cat-glass-jars","8":"product_cat-pickle-jars","9":"product_tag-glass-jam-jars","10":"product_tag-honey-jars","12":"first","13":"instock","14":"shipping-taxable","15":"product-type-simple"},"jetpack_sharing_enabled":true,"_links":{"self":[{"href":"https:\/\/minghanggroup.com\/es\/wp-json\/wp\/v2\/product\/3617","targetHints":{"allow":["GET"]}}],"collection":[{"href":"https:\/\/minghanggroup.com\/es\/wp-json\/wp\/v2\/product"}],"about":[{"href":"https:\/\/minghanggroup.com\/es\/wp-json\/wp\/v2\/types\/product"}],"wp:featuredmedia":[{"embeddable":true,"href":"https:\/\/minghanggroup.com\/es\/wp-json\/wp\/v2\/media\/3618"}],"wp:attachment":[{"href":"https:\/\/minghanggroup.com\/es\/wp-json\/wp\/v2\/media?parent=3617"}],"wp:term":[{"taxonomy":"product_brand","embeddable":true,"href":"https:\/\/minghanggroup.com\/es\/wp-json\/wp\/v2\/product_brand?post=3617"},{"taxonomy":"product_cat","embeddable":true,"href":"https:\/\/minghanggroup.com\/es\/wp-json\/wp\/v2\/product_cat?post=3617"},{"taxonomy":"product_tag","embeddable":true,"href":"https:\/\/minghanggroup.com\/es\/wp-json\/wp\/v2\/product_tag?post=3617"}],"curies":[{"name":"wp","href":"https:\/\/api.w.org\/{rel}","templated":true}]}}