{"id":3616,"date":"2025-11-21T14:17:57","date_gmt":"2025-11-21T06:17:57","guid":{"rendered":"https:\/\/minghanggroup.com\/?post_type=product&#038;p=3616"},"modified":"2026-01-20T14:09:46","modified_gmt":"2026-01-20T06:09:46","slug":"bulk-empty-fermentation-bottles-with-flip-top-lids","status":"publish","type":"product","link":"https:\/\/minghanggroup.com\/es\/producto\/bulk-empty-fermentation-bottles-with-flip-top-lids\/","title":{"rendered":"Botellas de fermentaci\u00f3n vac\u00edas a granel con tapa abatible de 250 ml, 500 ml, 750 ml y 960 ml"},"content":{"rendered":"<p>Estas botellas de fermentaci\u00f3n cuentan con un cuerpo de vidrio transparente y tapas met\u00e1licas a presi\u00f3n. Su dise\u00f1o abatible no solo facilita un sellado herm\u00e9tico, sino que tambi\u00e9n permite una r\u00e1pida revisi\u00f3n del interior.<\/p>\n<h2>Caracter\u00edsticas del producto<\/h2>\n<ul>\n<li><strong>Sello de fermentaci\u00f3n resistente a la presi\u00f3n:<\/strong> Los elementos que sellan de forma herm\u00e9tica y segura entre s\u00ed para garantizar una fermentaci\u00f3n secundaria controlada y exitosa son las juntas de goma gruesas y los cierres de seguridad.<\/li>\n<li><strong>Vidrio transparente:<\/strong> Con su transparencia extremadamente alta, la botella muestra muy bien el color, la claridad e incluso las burbujas m\u00e1s peque\u00f1as de la bebida, por lo que es perfecta para crear una imagen de marca lujosa.<\/li>\n<li><strong>Opciones de capacidad variadas:<\/strong> Ya sea que se trate de experimentos en lotes peque\u00f1os o de producci\u00f3n a gran escala, desde los moderados 250 ml hasta los generosos 960 ml, puede tener la botella del tama\u00f1o adecuado para sus \u200b\u200d\u200b\u200c\u200d\u200b\u200d\u200c\u200b\u200d\u200b\u200c\u200d\u200b\u200d\u200cnecesidades.<\/li>\n<\/ul>\n<h2 style=\"text-align: left;\">Especificaciones clave<\/h2>\n<table class=\"aligncenter\" style=\"border-collapse: collapse; width: 673.52pt;\" border=\"0\" width=\"898\" cellspacing=\"0\" cellpadding=\"0\">\n<tbody>\n<tr style=\"height: 13.50pt;\">\n<td style=\"height: 13.50pt; width: 93.75pt;\" width=\"125\" height=\"18\">Caracter\u00edstica<\/td>\n<td style=\"width: 579.75pt;\" width=\"773\">Detalles<\/td>\n<\/tr>\n<tr style=\"height: 13.50pt;\">\n<td style=\"height: 13.50pt;\" height=\"18\">Dimensiones<\/td>\n<td>250 ml: 5,9 cm \u00d7 18,4 cm \/ 500 ml: 7 cm \u00d7 25,4 cm \/ 750 ml: 7,8 cm \u00d7 28,2 cm \/ 960 ml: 8,4 cm \u00d7 30,8 cm<\/td>\n<\/tr>\n<tr style=\"height: 13.50pt;\">\n<td style=\"height: 13.50pt;\" height=\"18\">Material<\/td>\n<td>Vidrio s\u00f3dico-c\u00e1lcico transparente<\/td>\n<\/tr>\n<tr style=\"height: 13.50pt;\">\n<td style=\"height: 13.50pt;\" height=\"18\">Adecuado para<\/td>\n<td>Botella para fermentaci\u00f3n, botellas con tapa abatible<\/td>\n<\/tr>\n<\/tbody>\n<\/table>\n<h2>Historia de \u00e9xito: C\u00f3mo una marca de kombucha logr\u00f3 escalabilidad<\/h2>\n<p>Una empresa de kombucha, en constante evoluci\u00f3n, se vio obligada a resolver dos problemas principales: la carbonataci\u00f3n inestable durante la fermentaci\u00f3n secundaria y la alta tasa de roturas durante el transporte. Decidieron reemplazar toda la l\u00ednea de producci\u00f3n con nuestras botellas de 960 ml con tapa abatible, y el resultado fue inmediato. Su excelente sellado es la principal raz\u00f3n para una carbonataci\u00f3n estable del 98 %, por lo que la posibilidad de burbujas de aire en el producto es pr\u00e1cticamente nula. La robusta botella de vidrio es de larga duraci\u00f3n, lo que reduce las roturas durante el transporte en un 40 %, lo que permite a la empresa obtener un ahorro considerable. Por ello, han realizado un nuevo pedido de m\u00e1s de 600.000 botellas para impulsar la expansi\u00f3n de su negocio a gran escala.<\/p>\n<h2>Personaliza tus botellas de fermentaci\u00f3n con tapa abatible<\/h2>\n<ul>\n<li><strong>Vidrio \u00e1mbar:<\/strong> Si desea proteger las bebidas fermentadas sensibles a la luz, como la cerveza, de los da\u00f1os causados \u200b\u200bpor los rayos UV, utilice vidrio \u00e1mbar.<\/li>\n<li><strong>Marcado de volumen:<\/strong> Adem\u00e1s de la botella, se deben agregar marcas de volumen permanentes y en relieve para un llenado preciso y para garantizar la consistencia de la receta.<\/li>\n<li><strong>Logotipo grabado al \u00e1cido:<\/strong> Cree un logotipo de botella de vidrio con efecto esmerilado para lograr un estilo de identidad de marca permanente y sofisticado.<\/li>\n<li><strong>Acabado mate:<\/strong> Puedes agregar un acabado mate completo a la botella de vidrio, as\u00ed la botella tendr\u00e1 una apariencia \u00fanica, un tacto suave y menos reflejos.<\/li>\n<\/ul>","protected":false},"excerpt":{"rendered":"<p>Botellas de fermentaci\u00f3n premium, disponibles en varios tama\u00f1os. Estas botellas con tapa abatible son perfectas para bebidas. Incluyen muestras gratuitas con pedidos al por mayor.<\/p>","protected":false},"featured_media":3620,"template":"","meta":{"postBodyCss":"","postBodyMargin":[],"postBodyPadding":[],"postBodyBackground":{"backgroundType":"classic","gradient":""}},"product_brand":[],"product_cat":[15,16,56],"product_tag":[79,72,78],"class_list":{"0":"post-3616","1":"product","2":"type-product","3":"status-publish","4":"has-post-thumbnail","6":"product_cat-glass-containers","7":"product_cat-glass-bottles","8":"product_cat-flip-top-bottles","9":"product_tag-beer-bottles","10":"product_tag-juice-bottles","11":"product_tag-water-bottles","13":"first","14":"instock","15":"shipping-taxable","16":"product-type-simple"},"jetpack_sharing_enabled":true,"_links":{"self":[{"href":"https:\/\/minghanggroup.com\/es\/wp-json\/wp\/v2\/product\/3616","targetHints":{"allow":["GET"]}}],"collection":[{"href":"https:\/\/minghanggroup.com\/es\/wp-json\/wp\/v2\/product"}],"about":[{"href":"https:\/\/minghanggroup.com\/es\/wp-json\/wp\/v2\/types\/product"}],"wp:featuredmedia":[{"embeddable":true,"href":"https:\/\/minghanggroup.com\/es\/wp-json\/wp\/v2\/media\/3620"}],"wp:attachment":[{"href":"https:\/\/minghanggroup.com\/es\/wp-json\/wp\/v2\/media?parent=3616"}],"wp:term":[{"taxonomy":"product_brand","embeddable":true,"href":"https:\/\/minghanggroup.com\/es\/wp-json\/wp\/v2\/product_brand?post=3616"},{"taxonomy":"product_cat","embeddable":true,"href":"https:\/\/minghanggroup.com\/es\/wp-json\/wp\/v2\/product_cat?post=3616"},{"taxonomy":"product_tag","embeddable":true,"href":"https:\/\/minghanggroup.com\/es\/wp-json\/wp\/v2\/product_tag?post=3616"}],"curies":[{"name":"wp","href":"https:\/\/api.w.org\/{rel}","templated":true}]}}