{"id":3611,"date":"2025-11-21T13:47:48","date_gmt":"2025-11-21T05:47:48","guid":{"rendered":"https:\/\/minghanggroup.com\/?post_type=product&#038;p=3611"},"modified":"2026-01-20T14:10:06","modified_gmt":"2026-01-20T06:10:06","slug":"transparent-small-flip-top-bottles-bulk","status":"publish","type":"product","link":"https:\/\/minghanggroup.com\/es\/producto\/transparent-small-flip-top-bottles-bulk\/","title":{"rendered":"Botellas peque\u00f1as transparentes con tapa abatible de 50 ml y 150 ml a granel"},"content":{"rendered":"<p>Con un concepto simple y elegante, estas peque\u00f1as botellas con tapa abatible de vidrio transparente vienen con un cierre a presi\u00f3n de metal, lo que las hace perfectas para almacenar peque\u00f1as cantidades de salsas para alimentos, mini bebidas o muestras.<\/p>\n<h2>Caracter\u00edsticas del producto<\/h2>\n<ul>\n<li><strong>Material de vidrio transparente:<\/strong> El recipiente de vidrio transparente permite ver muy f\u00e1cilmente el color as\u00ed como el volumen del l\u00edquido naranja, simplificando as\u00ed la tarea de identificaci\u00f3n y seguimiento.<\/li>\n<li><strong>Dise\u00f1o de sellado a presi\u00f3n:<\/strong> La botella est\u00e1 equipada con un tap\u00f3n a presi\u00f3n de metal rojo y blanco que no solo proporciona un muy buen rendimiento de sellado, sino que tambi\u00e9n es la raz\u00f3n principal por la que se mantiene de manera efectiva la frescura del l\u00edquido y se facilita la apertura y el cierre.<\/li>\n<li><strong>Tama\u00f1o compacto:<\/strong> El dise\u00f1o compacto y elegante de la botella satisface la necesidad de una soluci\u00f3n de almacenamiento de peque\u00f1a capacidad y se puede utilizar para dispensar condimentos, probar bebidas, etc.<\/li>\n<\/ul>\n<h2 style=\"text-align: left;\">Especificaciones clave<\/h2>\n<table class=\"aligncenter\" style=\"border-collapse: collapse; width: 430.52pt;\" border=\"0\" width=\"574\" cellspacing=\"0\" cellpadding=\"0\">\n<tbody>\n<tr style=\"height: 13.50pt;\">\n<td style=\"height: 13.50pt; width: 105.75pt;\" width=\"141\" height=\"18\">Caracter\u00edstica<\/td>\n<td style=\"width: 324.75pt;\" width=\"433\">Detalles<\/td>\n<\/tr>\n<tr style=\"height: 13.50pt;\">\n<td style=\"height: 13.50pt;\" height=\"18\">Dimensiones<\/td>\n<td>50 ml: 4,6 cm \u00d7 10,1 cm \/ 150 ml: 5,3 cm \u00d7 16 cm<\/td>\n<\/tr>\n<tr style=\"height: 13.50pt;\">\n<td style=\"height: 13.50pt;\" height=\"18\">Material<\/td>\n<td>Vidrio s\u00f3dico-c\u00e1lcico transparente<\/td>\n<\/tr>\n<tr style=\"height: 13.50pt;\">\n<td style=\"height: 13.50pt;\" height=\"18\">Adecuado para<\/td>\n<td>Muestras de botellas con tapa abatible, botellas peque\u00f1as con tapa abatible<\/td>\n<\/tr>\n<\/tbody>\n<\/table>\n<h2>Historia de \u00e9xito: La historia de \u00e9xito de un fabricante de alimentos especializados<\/h2>\n<p>Una empresa de alimentaci\u00f3n de lujo necesitaba un envase premium para probar su nuevo aceite de oliva y vinagre. Finalmente, eligieron nuestras botellas peque\u00f1as con tapa abatible de 150 ml como envases de prueba. El buen sellado result\u00f3 en un aumento del 60 % en la vida \u00fatil del producto. Adem\u00e1s, el tama\u00f1o uniforme de la botella hizo que el proceso de llenado fuera m\u00e1s eficiente, lo que increment\u00f3 la velocidad de la l\u00ednea de envasado en un 20 %. Quedaron tan satisfechos con el rendimiento del producto y la respuesta positiva de los clientes que acaban de realizar un nuevo pedido de 300\u00a0000 botellas para lanzar un programa de prueba a nivel nacional.<\/p>\n<h2>Haz que tus botellas con tapa abatible al por mayor sean individualmente diferentes<\/h2>\n<ul>\n<li><strong>Color del vidrio:<\/strong> Para una gama limitada de productos sensibles a la luz (por ejemplo, aceites esenciales), el vidrio debe ser \u00e1mbar o azul cobalto.<\/li>\n<li><strong>Logotipo por serigraf\u00eda:<\/strong> Brillante, duradera y muy detallada puede ser la impresi\u00f3n de los \u200b\u200d\u200b\u200c\u200d\u200b\u200d\u200c\u200b\u200d\u200b\u200c\u200d\u200b\u200d\u200clogotipos.<\/li>\n<li><strong>Color de gorra personalizado:<\/strong> Cambie el color de su manija de metal o tap\u00f3n de cer\u00e1mica para que sea coherente con la imagen de su marca.<\/li>\n<li><strong>Grabado en vidrio:<\/strong> Utilice el grabado de vidrio para convertir los dise\u00f1os o logotipos intrincados en un acabado esmerilado elegante y duradero.<\/li>\n<\/ul>","protected":false},"excerpt":{"rendered":"<p>Botellas peque\u00f1as de alta calidad con tapa abatible para bebidas, fermentaci\u00f3n o jugos. Disponibles a granel con opciones de personalizaci\u00f3n y env\u00edo r\u00e1pido.<\/p>","protected":false},"featured_media":3613,"template":"","meta":{"postBodyCss":"","postBodyMargin":[],"postBodyPadding":[],"postBodyBackground":{"backgroundType":"classic","gradient":""}},"product_brand":[],"product_cat":[15,16,56],"product_tag":[79,72,78],"class_list":{"0":"post-3611","1":"product","2":"type-product","3":"status-publish","4":"has-post-thumbnail","6":"product_cat-glass-containers","7":"product_cat-glass-bottles","8":"product_cat-flip-top-bottles","9":"product_tag-beer-bottles","10":"product_tag-juice-bottles","11":"product_tag-water-bottles","13":"first","14":"instock","15":"shipping-taxable","16":"product-type-simple"},"jetpack_sharing_enabled":true,"_links":{"self":[{"href":"https:\/\/minghanggroup.com\/es\/wp-json\/wp\/v2\/product\/3611","targetHints":{"allow":["GET"]}}],"collection":[{"href":"https:\/\/minghanggroup.com\/es\/wp-json\/wp\/v2\/product"}],"about":[{"href":"https:\/\/minghanggroup.com\/es\/wp-json\/wp\/v2\/types\/product"}],"wp:featuredmedia":[{"embeddable":true,"href":"https:\/\/minghanggroup.com\/es\/wp-json\/wp\/v2\/media\/3613"}],"wp:attachment":[{"href":"https:\/\/minghanggroup.com\/es\/wp-json\/wp\/v2\/media?parent=3611"}],"wp:term":[{"taxonomy":"product_brand","embeddable":true,"href":"https:\/\/minghanggroup.com\/es\/wp-json\/wp\/v2\/product_brand?post=3611"},{"taxonomy":"product_cat","embeddable":true,"href":"https:\/\/minghanggroup.com\/es\/wp-json\/wp\/v2\/product_cat?post=3611"},{"taxonomy":"product_tag","embeddable":true,"href":"https:\/\/minghanggroup.com\/es\/wp-json\/wp\/v2\/product_tag?post=3611"}],"curies":[{"name":"wp","href":"https:\/\/api.w.org\/{rel}","templated":true}]}}