{"id":3603,"date":"2025-11-21T11:13:46","date_gmt":"2025-11-21T03:13:46","guid":{"rendered":"https:\/\/minghanggroup.com\/?post_type=product&#038;p=3603"},"modified":"2026-01-20T14:10:29","modified_gmt":"2026-01-20T06:10:29","slug":"bulk-clear-glass-flip-top-bottles-for-kombucha","status":"publish","type":"product","link":"https:\/\/minghanggroup.com\/es\/producto\/bulk-clear-glass-flip-top-bottles-for-kombucha\/","title":{"rendered":"Botellas de vidrio transparente con tapa abatible para kombucha (350 ml - 1000 ml)"},"content":{"rendered":"<p>Estas botellas de vidrio con tapa abatible est\u00e1n hechas de vidrio transparente y tienen una tapa met\u00e1lica a presi\u00f3n. Gracias a su cierre herm\u00e9tico y su versatilidad, son perfectas para kombucha o cualquier otra bebida fermentada, tanto para prepararla como para almacenarla y exhibirla.<\/p>\n<h2>Caracter\u00edsticas del producto<\/h2>\n<ul>\n<li><strong>Dise\u00f1o de sellado a presi\u00f3n:<\/strong> El tap\u00f3n met\u00e1lico rojo y blanco a presi\u00f3n que incorporan estas botellas garantiza un sellado excelente. De esta manera, se conserva la frescura y la efervescencia del l\u00edquido. Adem\u00e1s, son muy pr\u00e1cticas, ya que son f\u00e1ciles de abrir y cerrar.<\/li>\n<li><strong>Diferentes tama\u00f1os:<\/strong> Estas botellas est\u00e1n disponibles en cuatro tama\u00f1os diferentes para satisfacer diversas necesidades de almacenamiento. Sirven para contener agua con gas, bebidas y otros l\u00edquidos.<\/li>\n<li><strong>Perfecto para bebidas carbonatadas:<\/strong> El estilo de botella se realiza teniendo en cuenta las bebidas carbonatadas, por lo que la efervescencia del l\u00edquido se mantiene intacta durante mucho tiempo, lo que lo hace perfecto para el almacenamiento de bebidas espumosas.<\/li>\n<\/ul>\n<h2 style=\"text-align: left;\">Especificaciones clave<\/h2>\n<table class=\"aligncenter\" style=\"border-collapse: collapse; width: 667.52pt;\" border=\"0\" width=\"890\" cellspacing=\"0\" cellpadding=\"0\">\n<tbody>\n<tr style=\"height: 13.50pt;\">\n<td style=\"height: 13.50pt; width: 105.75pt;\" width=\"141\" height=\"18\">Caracter\u00edstica<\/td>\n<td style=\"width: 561.75pt;\" width=\"749\">Detalles<\/td>\n<\/tr>\n<tr style=\"height: 13.50pt;\">\n<td style=\"height: 13.50pt;\" height=\"18\">Dimensiones<\/td>\n<td>350 ml (12 oz): 7,3 \u00d7 20,3 cm\/500 ml (16 oz): 8,25 \u00d7 21,5 cm\/750 ml (25 oz): 9,3 \u00d7 24,8 cm\/1000 ml (32 oz): 10 \u00d7 27,9 cm<\/td>\n<\/tr>\n<tr style=\"height: 13.50pt;\">\n<td style=\"height: 13.50pt;\" height=\"18\">Material<\/td>\n<td>Vidrio s\u00f3dico-c\u00e1lcico transparente<\/td>\n<\/tr>\n<tr style=\"height: 13.50pt;\">\n<td style=\"height: 13.50pt;\" height=\"18\">Adecuado para<\/td>\n<td>Botella de vidrio con tapa abatible, botellas con tapa abatible para kombucha<\/td>\n<\/tr>\n<\/tbody>\n<\/table>\n<h2>Historia de \u00e9xito: Mejorando la imagen de marca de Kombucha<\/h2>\n<p>Al cambiar a nuestras botellas de vidrio con tapa abatible de 500 ml para kombucha, con el fin de mejorar la frescura y el atractivo visual del producto, una marca emergente de kombucha, uno de nuestros clientes, dio un gran paso. La tasa de \u00e9xito de la fermentaci\u00f3n secundaria aument\u00f3 un 30 % gracias al sellado herm\u00e9tico, lo que redujo considerablemente el n\u00famero de fallos de fermentaci\u00f3n. Al ser de vidrio transparente, los clientes pueden apreciar visualmente la calidad del producto por su vibrante color y las burbujas de kombucha, lo que constituye una excelente herramienta de marketing en los lineales, lo que ha permitido que las ventas minoristas aumentaran un 22 %. La marca qued\u00f3 muy satisfecha y decidi\u00f3 adquirir m\u00e1s de 400\u00a0000 botellas para su siguiente fase de distribuci\u00f3n.<\/p>\n<h2>Opciones personalizadas de botellas con tapa abatible<\/h2>\n<ul>\n<li>Te\u00f1ido de vidrio: proteja sus bebidas que reaccionan negativamente a la luz, como la cerveza o el kombucha, coloc\u00e1ndolas en un vaso de color \u00e1mbar o verde.<\/li>\n<li>Acabado mate: la superficie de la botella est\u00e1 cubierta con un acabado mate esmerilado que la hace atractiva y lujosa al mismo tiempo.<\/li>\n<li>Junta de silicona mejorada: si una persona desea mayor durabilidad y una limpieza m\u00e1s sencilla, se pueden utilizar juntas de silicona de primera calidad.<\/li>\n<li>Marca en el cuello: agregar un anillo con el logotipo de la marca al cuello es una forma sutil pero efectiva de publicidad.<\/li>\n<\/ul>","protected":false},"excerpt":{"rendered":"<p>Opciones de botellas de vidrio con tapa abatible dise\u00f1adas para la fermentaci\u00f3n. Nuestras botellas para kombucha ofrecen hermeticidad, durabilidad y env\u00edo r\u00e1pido.<\/p>","protected":false},"featured_media":3608,"template":"","meta":{"postBodyCss":"","postBodyMargin":[],"postBodyPadding":[],"postBodyBackground":{"backgroundType":"classic","gradient":""}},"product_brand":[],"product_cat":[15,16,56],"product_tag":[79,72,78],"class_list":{"0":"post-3603","1":"product","2":"type-product","3":"status-publish","4":"has-post-thumbnail","6":"product_cat-glass-containers","7":"product_cat-glass-bottles","8":"product_cat-flip-top-bottles","9":"product_tag-beer-bottles","10":"product_tag-juice-bottles","11":"product_tag-water-bottles","13":"first","14":"instock","15":"shipping-taxable","16":"product-type-simple"},"jetpack_sharing_enabled":true,"_links":{"self":[{"href":"https:\/\/minghanggroup.com\/es\/wp-json\/wp\/v2\/product\/3603","targetHints":{"allow":["GET"]}}],"collection":[{"href":"https:\/\/minghanggroup.com\/es\/wp-json\/wp\/v2\/product"}],"about":[{"href":"https:\/\/minghanggroup.com\/es\/wp-json\/wp\/v2\/types\/product"}],"wp:featuredmedia":[{"embeddable":true,"href":"https:\/\/minghanggroup.com\/es\/wp-json\/wp\/v2\/media\/3608"}],"wp:attachment":[{"href":"https:\/\/minghanggroup.com\/es\/wp-json\/wp\/v2\/media?parent=3603"}],"wp:term":[{"taxonomy":"product_brand","embeddable":true,"href":"https:\/\/minghanggroup.com\/es\/wp-json\/wp\/v2\/product_brand?post=3603"},{"taxonomy":"product_cat","embeddable":true,"href":"https:\/\/minghanggroup.com\/es\/wp-json\/wp\/v2\/product_cat?post=3603"},{"taxonomy":"product_tag","embeddable":true,"href":"https:\/\/minghanggroup.com\/es\/wp-json\/wp\/v2\/product_tag?post=3603"}],"curies":[{"name":"wp","href":"https:\/\/api.w.org\/{rel}","templated":true}]}}