{"id":3594,"date":"2025-11-21T11:59:12","date_gmt":"2025-11-21T03:59:12","guid":{"rendered":"https:\/\/minghanggroup.com\/?post_type=product&#038;p=3594"},"modified":"2026-01-20T13:59:06","modified_gmt":"2026-01-20T05:59:06","slug":"custom-pickle-jar-storage-bulk-supply","status":"publish","type":"product","link":"https:\/\/minghanggroup.com\/es\/producto\/custom-pickle-jar-storage-bulk-supply\/","title":{"rendered":"Almacenamiento de encurtidos personalizados a granel (280 ml - 630 ml)"},"content":{"rendered":"<p>Deja de conformarte con frascos aburridos que hacen que tu marca parezca barata. Fabricamos frascos de vidrio premium de doble asa para encurtidos que transforman tu envase en una soluci\u00f3n elegante y funcional, a la vez que mantienen tus verduras encurtidas frescas. No son solo frascos: son la nueva arma secreta de tu marca para almacenar encurtidos.<\/p>\n<h2>Caracter\u00edsticas del producto<\/h2>\n<ol>\n<li><strong>Dise\u00f1o cl\u00e1sico de doble asa:<\/strong>El dise\u00f1o familiar de doble manija de nuestra marca mantiene la mano del usuario c\u00f3moda, mientras que el aspecto de estilo retro aumenta el atractivo de la marca, satisfaciendo as\u00ed sus requisitos de almacenamiento de frascos para encurtidos.<\/li>\n<li><strong>Tapa de cuello roscada de alta precisi\u00f3n:<\/strong>De este modo, la tapa de cuello roscada de alta precisi\u00f3n se puede convertir f\u00e1cilmente de una tapa de metal a una de pl\u00e1stico o viceversa, y se puede elegir una junta a prueba de fugas seg\u00fan la preferencia del cliente.<\/li>\n<li><strong>Parte inferior antideslizante:<\/strong>La parte inferior con patr\u00f3n antideslizante ayuda al usuario a sujetar el producto firmemente durante el proceso de limpieza y llenado, por lo tanto, es m\u00e1s apropiado para operaciones de f\u00e1brica a gran escala.<\/li>\n<\/ol>\n<h2>Especificaciones clave<\/h2>\n<table style=\"border-collapse: collapse; width: 80%; margin-left: auto; margin-right: auto;\" border=\"0\" width=\"216\" cellspacing=\"0\" cellpadding=\"0\">\n<tbody>\n<tr style=\"height: 13.50pt;\">\n<td style=\"height: 13.5pt; width: 54pt; text-align: center;\" width=\"72\" height=\"18\">Capacidad (ml)<\/td>\n<td style=\"width: 54pt; text-align: center;\" width=\"72\">Tama\u00f1o (cm)<\/td>\n<td style=\"width: 54pt; text-align: center;\" width=\"72\">Opciones de personalizaci\u00f3n<\/td>\n<\/tr>\n<tr style=\"height: 13.50pt;\">\n<td style=\"height: 13.5pt; text-align: center;\" align=\"right\" height=\"18\">280<\/td>\n<td style=\"text-align: center;\">7.8 * 8.8<\/td>\n<td class=\"et2\" style=\"text-align: center;\" rowspan=\"4\">Logotipo, tapas, color, etiqueta, tama\u00f1o.<\/td>\n<\/tr>\n<tr style=\"height: 13.50pt;\">\n<td style=\"height: 13.5pt; text-align: center;\" align=\"right\" height=\"18\">350<\/td>\n<td style=\"text-align: center;\">8.8 * 9.5<\/td>\n<\/tr>\n<tr style=\"height: 13.50pt;\">\n<td style=\"height: 13.5pt; text-align: center;\" align=\"right\" height=\"18\">500<\/td>\n<td style=\"text-align: center;\">9.9 * 10.0<\/td>\n<\/tr>\n<tr style=\"height: 13.50pt;\">\n<td style=\"height: 13.5pt; text-align: center;\" align=\"right\" height=\"18\">630<\/td>\n<td style=\"text-align: center;\">10.4 * 10.7<\/td>\n<\/tr>\n<\/tbody>\n<\/table>\n<h2>Caso de \u00e9xito<\/h2>\n<p>Cuando una marca de encurtidos del oeste de Canad\u00e1 estaba a punto de lanzar una l\u00ednea premium, decidi\u00f3 modernizar su envase con nuestros frascos de vidrio para encurtidos. Gracias a un vidrio m\u00e1s fino y transparente, sus pimientos y encurtidos lucen m\u00e1s frescos y atractivos para los clientes en el lineal. Adem\u00e1s, modificamos la rosca de los cuellos de las botellas para que fuera compatible con su l\u00ednea de llenado automatizada, lo que permiti\u00f3 evitar pr\u00e1cticamente cualquier atasco durante la producci\u00f3n a alta velocidad.<\/p>\n<p>Despu\u00e9s del lanzamiento de la marca, \u00e9sta obtuvo una posici\u00f3n m\u00e1s visible en los estantes de los supermercados y las ventas del nuevo producto aumentaron aproximadamente un 28% en el primer trimestre.<\/p>\n<h2>Tus consejos de personalizaci\u00f3n<\/h2>\n<p>Si lo desea, puede personalizar un frasco de vidrio para encurtidos con una marca espec\u00edfica eligiendo una opci\u00f3n de personalizaci\u00f3n m\u00e1s reconocible. Por ejemplo, puede cambiar la transmitancia de luz del vidrio al color de los encurtidos para que el contenido se vea m\u00e1s brillante. Tambi\u00e9n puede cambiar la tapa con varios materiales y colores, desde un metal resistente a la corrosi\u00f3n hasta un pl\u00e1stico mate suave, y luego mezclarlo con una estructura de junta de sellado que se puede usar con l\u00edneas de llenado automatizadas, haciendo as\u00ed que el empaque no solo sea visualmente atractivo, sino que tambi\u00e9n la producci\u00f3n sea m\u00e1s eficiente.<\/p>","protected":false},"excerpt":{"rendered":"<p>Almacenamiento en frascos para encurtidos dise\u00f1ado para alimentos en conserva. Disponibles a granel con precios directos de f\u00e1brica, entrega r\u00e1pida y opciones de personalizaci\u00f3n flexibles.<\/p>","protected":false},"featured_media":3595,"template":"","meta":{"postBodyCss":"","postBodyMargin":[],"postBodyPadding":[],"postBodyBackground":{"backgroundType":"classic","gradient":""}},"product_brand":[],"product_cat":[15,17,55],"product_tag":[65,71],"class_list":{"0":"post-3594","1":"product","2":"type-product","3":"status-publish","4":"has-post-thumbnail","6":"product_cat-glass-containers","7":"product_cat-glass-jars","8":"product_cat-pickle-jars","9":"product_tag-glass-jam-jars","10":"product_tag-honey-jars","12":"first","13":"instock","14":"shipping-taxable","15":"product-type-simple"},"jetpack_sharing_enabled":true,"_links":{"self":[{"href":"https:\/\/minghanggroup.com\/es\/wp-json\/wp\/v2\/product\/3594","targetHints":{"allow":["GET"]}}],"collection":[{"href":"https:\/\/minghanggroup.com\/es\/wp-json\/wp\/v2\/product"}],"about":[{"href":"https:\/\/minghanggroup.com\/es\/wp-json\/wp\/v2\/types\/product"}],"wp:featuredmedia":[{"embeddable":true,"href":"https:\/\/minghanggroup.com\/es\/wp-json\/wp\/v2\/media\/3595"}],"wp:attachment":[{"href":"https:\/\/minghanggroup.com\/es\/wp-json\/wp\/v2\/media?parent=3594"}],"wp:term":[{"taxonomy":"product_brand","embeddable":true,"href":"https:\/\/minghanggroup.com\/es\/wp-json\/wp\/v2\/product_brand?post=3594"},{"taxonomy":"product_cat","embeddable":true,"href":"https:\/\/minghanggroup.com\/es\/wp-json\/wp\/v2\/product_cat?post=3594"},{"taxonomy":"product_tag","embeddable":true,"href":"https:\/\/minghanggroup.com\/es\/wp-json\/wp\/v2\/product_tag?post=3594"}],"curies":[{"name":"wp","href":"https:\/\/api.w.org\/{rel}","templated":true}]}}