{"id":3592,"date":"2025-11-21T09:57:58","date_gmt":"2025-11-21T01:57:58","guid":{"rendered":"https:\/\/minghanggroup.com\/?post_type=product&#038;p=3592"},"modified":"2026-01-20T14:03:49","modified_gmt":"2026-01-20T06:03:49","slug":"empty-brown-swing-top-bottles-wholesale","status":"publish","type":"product","link":"https:\/\/minghanggroup.com\/es\/producto\/empty-brown-swing-top-bottles-wholesale\/","title":{"rendered":"Botellas vac\u00edas marrones con tapa abatible de 485 ml al por mayor"},"content":{"rendered":"<p>Las botellas con tapa abatible de color marr\u00f3n\u200b\u200d\u200b\u200c\u200d\u200b\u200d\u200c\u200b\u200d\u200b\u200c\u200d\u200b\u200d\u200c hechas de vidrio marr\u00f3n oscuro tienen una forma delgada y alargada y una tapa a presi\u00f3n de metal, lo que las convierte en la mejor opci\u00f3n para almacenar cerveza artesanal, cerveza casera o cualquier otro tipo de bebida especial.<\/p>\n<h2>Caracter\u00edsticas del producto<\/h2>\n<ul>\n<li><strong>Material de vidrio marr\u00f3n:<\/strong> Una de las funciones m\u00e1s importantes del vidrio marr\u00f3n es brindar protecci\u00f3n total al producto que contiene (como cerveza o salsas) del efecto da\u00f1ino de la luz y con ello, al mismo tiempo, le da al producto un aspecto antiguo.<\/li>\n<li><strong>Forma de botella alargada:<\/strong> Su dise\u00f1o atractivo y delgado lo hace muy c\u00f3modo de transportar y almacenar, la elecci\u00f3n perfecta para preparar cerveza casera y almacenar bebidas.<\/li>\n<li><strong>Dise\u00f1o de sellado a presi\u00f3n:<\/strong> Equipado con un tap\u00f3n a presi\u00f3n de metal rojo y blanco, ofrece un gran sellado, mantiene el contenido fresco durante mucho tiempo y es muy f\u00e1cil de operar con la mano.<\/li>\n<\/ul>\n<h2 style=\"text-align: left;\">Especificaciones clave<\/h2>\n<table class=\"aligncenter\" style=\"border-collapse: collapse; width: 426.02pt;\" border=\"0\" width=\"568\" cellspacing=\"0\" cellpadding=\"0\">\n<tbody>\n<tr style=\"height: 13.50pt;\">\n<td style=\"height: 13.50pt; width: 105.75pt;\" width=\"141\" height=\"18\">Caracter\u00edstica<\/td>\n<td style=\"width: 320.25pt;\" width=\"427\">Detalles<\/td>\n<\/tr>\n<tr style=\"height: 13.50pt;\">\n<td style=\"height: 13.50pt;\" height=\"18\">Capacidad<\/td>\n<td>485 ml (16,4 onzas)<\/td>\n<\/tr>\n<tr style=\"height: 13.50pt;\">\n<td style=\"height: 13.50pt;\" height=\"18\">Dimensiones<\/td>\n<td>7,75 cm de di\u00e1metro \u00d7 22,3 cm de altura<\/td>\n<\/tr>\n<tr style=\"height: 13.50pt;\">\n<td style=\"height: 13.50pt;\" height=\"18\">Material<\/td>\n<td>Vidrio s\u00f3dico-c\u00e1lcico de color \u00e1mbar (marr\u00f3n)<\/td>\n<\/tr>\n<tr style=\"height: 13.50pt;\">\n<td style=\"height: 13.50pt;\" height=\"18\">Adecuado para<\/td>\n<td>Botellas con tapa abatible al por mayor, botella de vidrio con tapa abatible<\/td>\n<\/tr>\n<\/tbody>\n<\/table>\n<h2>Historia de \u00e9xito: Una soluci\u00f3n para una cervecer\u00eda artesanal<\/h2>\n<p>Una cervecer\u00eda artesanal buscaba una botella que les ayudara a evitar que su cerveza IPA oliera mal al exhibirse en la tienda. Finalmente, eligieron las botellas marrones de 485 ml con tapa abatible de nuestra empresa. El elemento de protecci\u00f3n UV fue un \u00e9xito inmediato entre los clientes, por lo que no hubo quejas sobre el olor. La hermeticidad lograda prolong\u00f3 la vida \u00fatil del producto en un 25 %. Adem\u00e1s, un aumento del 12 % en las compras no planificadas se debi\u00f3 a la apariencia \u00fanica y premium del producto. Por lo tanto, la cervecer\u00eda realiz\u00f3 un pedido adicional de m\u00e1s de 500\u00a0000 botellas para cubrir toda su l\u00ednea principal de productos, bas\u00e1ndose en este importante efecto positivo.<\/p>\n<h2>Decora botellas con tap\u00f3n de rosca para representar tu marca<\/h2>\n<ul>\n<li><strong>Colores personalizados:<\/strong> El tono del cristal marr\u00f3n se puede personalizar, desde \u00e1mbar claro hasta marr\u00f3n oscuro.<\/li>\n<li><strong>Logotipo de la marca mediante grabado \u00e1cido:<\/strong> Personalice su marca con un logotipo esmerilado permanente y elegante en el vidrio que est\u00e1 muy de moda y brinda una sensaci\u00f3n premium.<\/li>\n<li><strong>Serigraf\u00eda cer\u00e1mica:<\/strong> Produce logotipos resistentes y codificados por colores que resisten el lavado y el uso continuo, lo que es ideal para crear dise\u00f1os brillantes.<\/li>\n<li><strong>Opciones de color del corcho:<\/strong> Disponibles en una variedad de colores (por ejemplo, negro o tostado) para corchos de cer\u00e1mica que publicitan suavemente su marca.<\/li>\n<\/ul>\n<p>Si necesita botellas con tapa abatible al por mayor, no dude en ponerse en contacto con nosotros con respecto a esta botella con tapa abatible de 485 ml para obtener el mejor precio.<\/p>","protected":false},"excerpt":{"rendered":"<p>Botellas resistentes con tapa abatible al por mayor, de color marr\u00f3n, ideales para bebidas, salsas y fermentaci\u00f3n. Disfrute de ofertas exclusivas al por mayor en pedidos al por mayor.<\/p>","protected":false},"featured_media":3597,"template":"","meta":{"postBodyCss":"","postBodyMargin":[],"postBodyPadding":[],"postBodyBackground":{"backgroundType":"classic","gradient":""}},"product_brand":[],"product_cat":[15,16,56],"product_tag":[79,72,78],"class_list":{"0":"post-3592","1":"product","2":"type-product","3":"status-publish","4":"has-post-thumbnail","6":"product_cat-glass-containers","7":"product_cat-glass-bottles","8":"product_cat-flip-top-bottles","9":"product_tag-beer-bottles","10":"product_tag-juice-bottles","11":"product_tag-water-bottles","13":"first","14":"instock","15":"shipping-taxable","16":"product-type-simple"},"jetpack_sharing_enabled":true,"_links":{"self":[{"href":"https:\/\/minghanggroup.com\/es\/wp-json\/wp\/v2\/product\/3592","targetHints":{"allow":["GET"]}}],"collection":[{"href":"https:\/\/minghanggroup.com\/es\/wp-json\/wp\/v2\/product"}],"about":[{"href":"https:\/\/minghanggroup.com\/es\/wp-json\/wp\/v2\/types\/product"}],"wp:featuredmedia":[{"embeddable":true,"href":"https:\/\/minghanggroup.com\/es\/wp-json\/wp\/v2\/media\/3597"}],"wp:attachment":[{"href":"https:\/\/minghanggroup.com\/es\/wp-json\/wp\/v2\/media?parent=3592"}],"wp:term":[{"taxonomy":"product_brand","embeddable":true,"href":"https:\/\/minghanggroup.com\/es\/wp-json\/wp\/v2\/product_brand?post=3592"},{"taxonomy":"product_cat","embeddable":true,"href":"https:\/\/minghanggroup.com\/es\/wp-json\/wp\/v2\/product_cat?post=3592"},{"taxonomy":"product_tag","embeddable":true,"href":"https:\/\/minghanggroup.com\/es\/wp-json\/wp\/v2\/product_tag?post=3592"}],"curies":[{"name":"wp","href":"https:\/\/api.w.org\/{rel}","templated":true}]}}