{"id":3581,"date":"2025-11-20T16:42:54","date_gmt":"2025-11-20T08:42:54","guid":{"rendered":"https:\/\/minghanggroup.com\/?post_type=product&#038;p=3581"},"modified":"2026-01-20T14:04:03","modified_gmt":"2026-01-20T06:04:03","slug":"bulk-vertical-stripes-empty-fermentation-bottles","status":"publish","type":"product","link":"https:\/\/minghanggroup.com\/es\/producto\/bulk-vertical-stripes-empty-fermentation-bottles\/","title":{"rendered":"Botellas de fermentaci\u00f3n vac\u00edas de rayas verticales de 16 oz y 32 oz a granel"},"content":{"rendered":"<p>Estas botellas de fermentaci\u00f3n presentan un elegante dise\u00f1o de rayas verticales, est\u00e1n hechas de vidrio transparente y tienen tapas naranjas con cierres met\u00e1licos. Adem\u00e1s, est\u00e1n disponibles en dos tama\u00f1os diferentes.<\/p>\n<h2>Caracter\u00edsticas del producto<\/h2>\n<ul>\n<li><strong>Dise\u00f1o de rayas verticales:<\/strong> El dise\u00f1o de rayas verticales no solo embellece la marca del producto y el reconocimiento, sino que tambi\u00e9n aumenta el agarre del producto.<\/li>\n<li><strong>Dise\u00f1o de sellado a presi\u00f3n:<\/strong> El tap\u00f3n a presi\u00f3n de color naranja de la botella est\u00e1 asegurado con broches de metal que brindan el mejor rendimiento de sellado, conservando as\u00ed la frescura del l\u00edquido en el interior de manera eficiente, y la botella tambi\u00e9n es f\u00e1cil de abrir y cerrar.<\/li>\n<li><strong>Dos tama\u00f1os disponibles:<\/strong> Hay dos tama\u00f1os disponibles para satisfacer diversos requisitos de almacenamiento y son adecuados para contener diferentes tipos de l\u00edquidos, como jugos y bebidas.<\/li>\n<\/ul>\n<h2 style=\"text-align: left;\">Especificaciones clave<\/h2>\n<table class=\"aligncenter\" style=\"border-collapse: collapse; width: 528.77pt;\" border=\"0\" width=\"705\" cellspacing=\"0\" cellpadding=\"0\">\n<tbody>\n<tr style=\"height: 13.50pt;\">\n<td style=\"height: 13.50pt; width: 168.00pt;\" width=\"224\" height=\"18\">Caracter\u00edstica<\/td>\n<td style=\"width: 360.75pt;\" width=\"481\">Detalles<\/td>\n<\/tr>\n<tr style=\"height: 13.50pt;\">\n<td style=\"height: 13.50pt;\" height=\"18\">Capacidad y dimensiones<\/td>\n<td>500 ml (16 oz) 7 cm \u00d7 26,6 cm\/1000 ml (34 oz) 8,5 cm \u00d7 31,5 cm<\/td>\n<\/tr>\n<tr style=\"height: 13.50pt;\">\n<td style=\"height: 13.50pt;\" height=\"18\">Tipo de vidrio<\/td>\n<td>Vidrio s\u00f3dico-c\u00e1lcico transparente con textura de nervaduras verticales<\/td>\n<\/tr>\n<tr style=\"height: 13.50pt;\">\n<td style=\"height: 13.50pt;\" height=\"18\">Ideal para<\/td>\n<td>Botellas de fermentaci\u00f3n, botellas con tapa abatible<\/td>\n<\/tr>\n<\/tbody>\n<\/table>\n<h2>Tampas<\/h2>\n<p>En poco tiempo, un productor de kombucha natural del mes necesitaba urgentemente botellas de fermentaci\u00f3n confiables, por lo que decidi\u00f3 usar nuestras botellas con tap\u00f3n de rosca de 1000 ml para fermentaciones primarias y secundarias. El aspecto m\u00e1s significativo, sin duda, es su sello resistente a la presi\u00f3n, que reduce en un 20 % el deterioro del lote causado por fallas del sello, garantizando as\u00ed la seguridad del producto sellado. El dise\u00f1o de rayas verticales reduce los accidentes en la l\u00ednea de producci\u00f3n en un 15 % porque es m\u00e1s f\u00e1cil de agarrar para los empleados. El cliente est\u00e1 extremadamente satisfecho con el producto y recientemente realiz\u00f3 un pedido adicional de 300 000 botellas para apoyar su lanzamiento en sus principales canales minoristas.<\/p>\n<h2>Creando\u200b\u200d\u200b\u200c\u200d\u200b\u200d\u200c\u200b\u200d\u200b\u200c\u200d\u200b\u200d\u200c\u200b\u200d\u200b\u200c\u200d\u200b\u200d\u200c\u200b\u200d\u200b\u200c\u200d\u200b\u200c\u200d\u200b\u200c Su Botella de Fermentaci\u00f3n Personalizada<\/h2>\n<ul>\n<li><strong>Color del vidrio:<\/strong> En caso de que vayas a fermentar productos sensibles a la luz (cerveza o vino) y quieras protegerlos de los rayos UV, opta por el vidrio \u00e1mbar.<\/li>\n<li><strong>Marcado con grabado \u00e1cido:<\/strong> Cree una impresi\u00f3n moderna, duradera y de alta gama grabando con \u00e1cido el vidrio con un \u00e1rea esmerilada antideslizante permanente.<\/li>\n<li><strong>Impresi\u00f3n en el cuello:<\/strong> Estampe n\u00fameros de lotes peque\u00f1os o marcas de capacidad en el cuello para darle un estilo profesional y utilitario.<\/li>\n<li><strong>Acabado mate:<\/strong> Aplicar un acabado mate en todo el vidrio da como resultado una textura distintiva y suave que es diferente del resto.<\/li>\n<\/ul>","protected":false},"excerpt":{"rendered":"<p>Botellas de fermentaci\u00f3n de alta calidad, con dise\u00f1o de rayas verticales en vidrio y tapas de cierre seguro. Disponibles ahora con env\u00edo r\u00e1pido a todo el mundo.<\/p>","protected":false},"featured_media":3584,"template":"","meta":{"postBodyCss":"","postBodyMargin":[],"postBodyPadding":[],"postBodyBackground":{"backgroundType":"classic","gradient":""}},"product_brand":[],"product_cat":[15,16,56],"product_tag":[72,78],"class_list":{"0":"post-3581","1":"product","2":"type-product","3":"status-publish","4":"has-post-thumbnail","6":"product_cat-glass-containers","7":"product_cat-glass-bottles","8":"product_cat-flip-top-bottles","9":"product_tag-juice-bottles","10":"product_tag-water-bottles","12":"first","13":"instock","14":"shipping-taxable","15":"product-type-simple"},"jetpack_sharing_enabled":true,"_links":{"self":[{"href":"https:\/\/minghanggroup.com\/es\/wp-json\/wp\/v2\/product\/3581","targetHints":{"allow":["GET"]}}],"collection":[{"href":"https:\/\/minghanggroup.com\/es\/wp-json\/wp\/v2\/product"}],"about":[{"href":"https:\/\/minghanggroup.com\/es\/wp-json\/wp\/v2\/types\/product"}],"wp:featuredmedia":[{"embeddable":true,"href":"https:\/\/minghanggroup.com\/es\/wp-json\/wp\/v2\/media\/3584"}],"wp:attachment":[{"href":"https:\/\/minghanggroup.com\/es\/wp-json\/wp\/v2\/media?parent=3581"}],"wp:term":[{"taxonomy":"product_brand","embeddable":true,"href":"https:\/\/minghanggroup.com\/es\/wp-json\/wp\/v2\/product_brand?post=3581"},{"taxonomy":"product_cat","embeddable":true,"href":"https:\/\/minghanggroup.com\/es\/wp-json\/wp\/v2\/product_cat?post=3581"},{"taxonomy":"product_tag","embeddable":true,"href":"https:\/\/minghanggroup.com\/es\/wp-json\/wp\/v2\/product_tag?post=3581"}],"curies":[{"name":"wp","href":"https:\/\/api.w.org\/{rel}","templated":true}]}}