{"id":3575,"date":"2025-11-20T16:53:06","date_gmt":"2025-11-20T08:53:06","guid":{"rendered":"https:\/\/minghanggroup.com\/?post_type=product&#038;p=3575"},"modified":"2025-11-20T16:53:06","modified_gmt":"2025-11-20T08:53:06","slug":"wide-mouth-storage-jar-for-pickles-bulk","status":"publish","type":"product","link":"https:\/\/minghanggroup.com\/es\/producto\/wide-mouth-storage-jar-for-pickles-bulk\/","title":{"rendered":"Frasco de boca ancha de 80 ml a 200 ml para encurtidos a granel"},"content":{"rendered":"<p>No siga desperdiciando dinero en envases aburridos que reducen el valor de su marca. Nuestros elegantes y funcionales frascos de vidrio de doble asa para encurtidos est\u00e1n hechos con frascos de vidrio premium de doble asa que no solo mantienen sus pepinos encurtidos frescos, sino que tambi\u00e9n mejoran su almacenamiento de alimentos. Estos no son simples frascos; son la nueva herramienta confidencial de su marca para el envasado de alimentos.<\/p>\n<h2>Caracter\u00edsticas del producto<\/h2>\n<ol>\n<li><strong>Dise\u00f1o cl\u00e1sico de doble oreja:<\/strong>Nuestro dise\u00f1o t\u00edpico de doble oreja presenta el manejo m\u00e1s normal del frasco y una apariencia cl\u00e1sica, lo que ayudar\u00e1 a que su marca sea m\u00e1s atractiva.<\/li>\n<li><strong>Claridad cristalina:<\/strong>El vidrio transparente es un recipiente ideal para verduras encurtidas, ya que su color vivo se puede apreciar desde el exterior a simple vista.<\/li>\n<li><strong>Tapa met\u00e1lica segura:<\/strong>La tapa de metal rojo brillante con sellado herm\u00e9tico mantiene los encurtidos reci\u00e9n hechos frescos y sabrosos, para que puedas enlatarlos y encurtirlos sin preocupaciones.<\/li>\n<\/ol>\n<h2>Especificaciones clave<\/h2>\n<table style=\"border-collapse: collapse; width: 80%; margin-left: auto; margin-right: auto;\" border=\"0\" width=\"216\" cellspacing=\"0\" cellpadding=\"0\">\n<tbody>\n<tr style=\"height: 13.50pt;\">\n<td style=\"height: 13.5pt; width: 54pt; text-align: center;\" width=\"72\" height=\"18\">Capacidad (ml)<\/td>\n<td style=\"width: 54pt; text-align: center;\" width=\"72\">Tama\u00f1o (cm)<\/td>\n<td style=\"width: 54pt; text-align: center;\" width=\"72\">Forma<\/td>\n<\/tr>\n<tr style=\"height: 13.50pt;\">\n<td style=\"height: 13.5pt; text-align: center;\" align=\"right\" height=\"18\">80<\/td>\n<td style=\"text-align: center;\">6,9 x 4,4<\/td>\n<td class=\"et2\" style=\"text-align: center;\" rowspan=\"4\">Redondo<\/td>\n<\/tr>\n<tr style=\"height: 13.50pt;\">\n<td style=\"height: 13.5pt; text-align: center;\" align=\"right\" height=\"18\">100<\/td>\n<td style=\"text-align: center;\">7,6 x 4,6<\/td>\n<\/tr>\n<tr style=\"height: 13.50pt;\">\n<td style=\"height: 13.5pt; text-align: center;\" align=\"right\" height=\"18\">150<\/td>\n<td style=\"text-align: center;\">8,0 x 5,4<\/td>\n<\/tr>\n<tr style=\"height: 13.50pt;\">\n<td style=\"height: 13.5pt; text-align: center;\" align=\"right\" height=\"18\">200<\/td>\n<td style=\"text-align: center;\">8,9 x 5,5<\/td>\n<\/tr>\n<\/tbody>\n<\/table>\n<h2>Caso de \u00e9xito<\/h2>\n<p>Una popular marca de alimentos en Argentina envasaba sus productos en pl\u00e1sticos bastante simples y sin sellos adecuados, lo que causaba una baja tasa de recompra. Nos solicitaron ayuda para crear este frasco de vidrio engrosado para encurtidos. El frasco transparente es una excelente manera de presentar el producto, por ejemplo, chiles y jud\u00edas verdes. La misma tapa roja resistente al calor y el dise\u00f1o de la marca en relieve hacen que el producto sea a\u00fan m\u00e1s atractivo en el estante.<\/p>\n<p>Despu\u00e9s de 3 meses del lanzamiento, las ventas de sus productos encurtidos han crecido un \u200b\u200d\u200b\u200c\u200d\u200b\u200d\u200c\u200b\u200d\u200b\u200c\u200d\u200b\u200d\u200c28%.<\/p>\n<h2>Tus consejos de personalizaci\u00f3n<\/h2>\n<p>En caso de que este frasco de pepinillos sea algo que desee llevar al posicionamiento de su marca al siguiente nivel, puede concentrarse en la capacidad, el grosor de la botella y la transparencia del frasco. Se puede seleccionar una versi\u00f3n de vidrio brillante o atenuada seg\u00fan el color del producto, y para realzar el material, se puede utilizar un metal personalizado o una tapa galvanizada. Tambi\u00e9n puede hacer que el frasco de vidrio para pepinillos destaque m\u00e1s en el estante agregando patrones especiales en relieve en el hombro o la parte inferior de la botella. Adem\u00e1s de eso, se pueden personalizar etiquetas de colores, juntas a prueba de explosiones o empaques combinados para una apariencia general m\u00e1s cohesiva si ese es el caso de los canales de comercio electr\u00f3nico o cajas de regalo.<\/p>","protected":false},"excerpt":{"rendered":"<p>El frasco para encurtidos est\u00e1 hecho de vidrio grueso de grado alimenticio. Este frasco admite pedidos al por mayor, suministro directo de f\u00e1brica y tapas y marca personalizables.<\/p>","protected":false},"featured_media":3576,"template":"","meta":{"postBodyCss":"","postBodyMargin":[],"postBodyPadding":[],"postBodyBackground":{"backgroundType":"classic","gradient":""}},"product_brand":[],"product_cat":[15,17,55],"product_tag":[],"class_list":{"0":"post-3575","1":"product","2":"type-product","3":"status-publish","4":"has-post-thumbnail","6":"product_cat-glass-containers","7":"product_cat-glass-jars","8":"product_cat-pickle-jars","10":"first","11":"instock","12":"shipping-taxable","13":"product-type-simple"},"jetpack_sharing_enabled":true,"_links":{"self":[{"href":"https:\/\/minghanggroup.com\/es\/wp-json\/wp\/v2\/product\/3575","targetHints":{"allow":["GET"]}}],"collection":[{"href":"https:\/\/minghanggroup.com\/es\/wp-json\/wp\/v2\/product"}],"about":[{"href":"https:\/\/minghanggroup.com\/es\/wp-json\/wp\/v2\/types\/product"}],"wp:featuredmedia":[{"embeddable":true,"href":"https:\/\/minghanggroup.com\/es\/wp-json\/wp\/v2\/media\/3576"}],"wp:attachment":[{"href":"https:\/\/minghanggroup.com\/es\/wp-json\/wp\/v2\/media?parent=3575"}],"wp:term":[{"taxonomy":"product_brand","embeddable":true,"href":"https:\/\/minghanggroup.com\/es\/wp-json\/wp\/v2\/product_brand?post=3575"},{"taxonomy":"product_cat","embeddable":true,"href":"https:\/\/minghanggroup.com\/es\/wp-json\/wp\/v2\/product_cat?post=3575"},{"taxonomy":"product_tag","embeddable":true,"href":"https:\/\/minghanggroup.com\/es\/wp-json\/wp\/v2\/product_tag?post=3575"}],"curies":[{"name":"wp","href":"https:\/\/api.w.org\/{rel}","templated":true}]}}