{"id":3574,"date":"2025-11-20T15:21:08","date_gmt":"2025-11-20T07:21:08","guid":{"rendered":"https:\/\/minghanggroup.com\/?post_type=product&#038;p=3574"},"modified":"2026-01-20T14:04:58","modified_gmt":"2026-01-20T06:04:58","slug":"bulk-clear-grolsch-beer-bottle-with-flip-top","status":"publish","type":"product","link":"https:\/\/minghanggroup.com\/es\/producto\/bulk-clear-grolsch-beer-bottle-with-flip-top\/","title":{"rendered":"Botella de cerveza Grolsch transparente de 500 ml con tapa abatible"},"content":{"rendered":"<p>Esta botella de cerveza grolsch, hecha de vidrio transparente y decorada con un t\u00edpico tap\u00f3n met\u00e1lico a presi\u00f3n, es un regalo perfecto para cualquier entusiasta de la cerveza artesanal, un productor de bebidas caseras o un amante de los utensilios de cocina.<\/p>\n<h2>Caracter\u00edsticas del producto<\/h2>\n<ul>\n<li><strong>Material de vidrio transparente:<\/strong> El vidrio visualmente transparente proporciona una visi\u00f3n directa del color y el nivel del contenido y, por lo tanto, facilita el proceso de reconocimiento y control del l\u00edquido.<\/li>\n<li><strong>Dise\u00f1o de sellado a presi\u00f3n:<\/strong> El sistema de cierre y tapa de metal es muy sencillo de entender y fiable: siempre es posible volver a cerrarlo sin necesidad de herramientas.<\/li>\n<li><strong>Anillo de sellado de silicona de primera calidad:<\/strong> El anillo de sellado grueso mantiene la presi\u00f3n durante la fermentaci\u00f3n, es reciclable y a\u00fan se mantiene suave.<\/li>\n<\/ul>\n<h2 style=\"text-align: left;\">Especificaciones clave<\/h2>\n<table class=\"aligncenter\" style=\"border-collapse: collapse; width: 436.52pt;\" border=\"0\" width=\"582\" cellspacing=\"0\" cellpadding=\"0\">\n<tbody>\n<tr style=\"height: 13.50pt;\">\n<td style=\"height: 13.50pt; width: 142.50pt;\" width=\"190\" height=\"18\">Caracter\u00edstica<\/td>\n<td style=\"width: 294.00pt;\" width=\"392\">Detalles<\/td>\n<\/tr>\n<tr style=\"height: 13.50pt;\">\n<td style=\"height: 13.50pt;\" height=\"18\">Capacidad y dimensiones<\/td>\n<td>500 ml (16 oz) 8,1 cm \u00d7 22,3 cm<\/td>\n<\/tr>\n<tr style=\"height: 13.50pt;\">\n<td style=\"height: 13.50pt;\" height=\"18\">Tipo de vidrio<\/td>\n<td>Vidrio s\u00f3dico-c\u00e1lcico transparente<\/td>\n<\/tr>\n<tr style=\"height: 13.50pt;\">\n<td style=\"height: 13.50pt;\" height=\"18\">Acabado del m\u00e1stil<\/td>\n<td>Compatible con el est\u00e1ndar Grolsch<\/td>\n<\/tr>\n<tr style=\"height: 13.50pt;\">\n<td style=\"height: 13.50pt;\" height=\"18\">Ideal para<\/td>\n<td>Botella de cerveza Grolsch, botellas de vidrio con tapa abatible<\/td>\n<\/tr>\n<\/tbody>\n<\/table>\n<h2>Historia de \u00e9xito: Una marca de refresco artesanal dio un giro<\/h2>\n<p>El peque\u00f1o negocio de refrescos sufri\u00f3 el duro golpe de una carbonataci\u00f3n inconsistente y un empaque opaco. Tras cambiar a nuestra botella grolsch de 500 ml, todo cambi\u00f3. Un cierre perfectamente herm\u00e9tico solucion\u00f3 por completo su problema de falta de efervescencia. Su botella de vidrio con tap\u00f3n de rosca se ve\u00eda tan bien que la marca pudo subir su precio un 15 % sin perder clientes. Informaron que las roturas causadas por su proceso de embotellado se redujeron en un 40 % gracias a la resistencia de la botella. Al usar su dise\u00f1o de forma creativa, tambi\u00e9n lograron aumentar sus seguidores en redes sociales en m\u00e1s de un 30 %. Esto se debe a que los clientes estaban encantados de compartir fotos de las botellas. Tras esta incre\u00edble haza\u00f1a, decidieron realizar un pedido mayor de 500 000 botellas para presentar una nueva l\u00ednea de productos.<\/p>\n<h2>Sugerencias de personalizaci\u00f3n<\/h2>\n<p>Al\u00e9jate de lo habitual y crea botellas \u00fanicas que reflejen tu personalidad. Puedes personalizar tus botellas de las siguientes maneras:<\/p>\n<ul>\n<li><strong>Tintado de vidrios:<\/strong> En caso de que la bebida sea una fuente de luz, por ejemplo, cerveza o kombucha, utilice vidrio \u00e1mbar o verde para protegerla.<\/li>\n<li><strong>Grabado \u00e1cido:<\/strong> Coloque la identidad de su marca en el vidrio con pasta \u00e1cida para lograr un aspecto permanente, lujoso y esmerilado.<\/li>\n<li><strong>Etiqueta del cuello:<\/strong> Los orificios perforados en el molde del cuello son perfectos para colocar etiquetas colgantes personalizadas para informaci\u00f3n del lote o marca.<\/li>\n<\/ul>","protected":false},"excerpt":{"rendered":"<p>Botella de cerveza grolsch cl\u00e1sica con tapa abatible y botella grolsch fabricada en vidrio transparente, ideal para elaborar cerveza y envasar, directa de f\u00e1brica a mejores precios.<\/p>","protected":false},"featured_media":3578,"template":"","meta":{"postBodyCss":"","postBodyMargin":[],"postBodyPadding":[],"postBodyBackground":{"backgroundType":"classic","gradient":""}},"product_brand":[],"product_cat":[15,16,56],"product_tag":[72,78],"class_list":{"0":"post-3574","1":"product","2":"type-product","3":"status-publish","4":"has-post-thumbnail","6":"product_cat-glass-containers","7":"product_cat-glass-bottles","8":"product_cat-flip-top-bottles","9":"product_tag-juice-bottles","10":"product_tag-water-bottles","12":"first","13":"instock","14":"shipping-taxable","15":"product-type-simple"},"jetpack_sharing_enabled":true,"_links":{"self":[{"href":"https:\/\/minghanggroup.com\/es\/wp-json\/wp\/v2\/product\/3574","targetHints":{"allow":["GET"]}}],"collection":[{"href":"https:\/\/minghanggroup.com\/es\/wp-json\/wp\/v2\/product"}],"about":[{"href":"https:\/\/minghanggroup.com\/es\/wp-json\/wp\/v2\/types\/product"}],"wp:featuredmedia":[{"embeddable":true,"href":"https:\/\/minghanggroup.com\/es\/wp-json\/wp\/v2\/media\/3578"}],"wp:attachment":[{"href":"https:\/\/minghanggroup.com\/es\/wp-json\/wp\/v2\/media?parent=3574"}],"wp:term":[{"taxonomy":"product_brand","embeddable":true,"href":"https:\/\/minghanggroup.com\/es\/wp-json\/wp\/v2\/product_brand?post=3574"},{"taxonomy":"product_cat","embeddable":true,"href":"https:\/\/minghanggroup.com\/es\/wp-json\/wp\/v2\/product_cat?post=3574"},{"taxonomy":"product_tag","embeddable":true,"href":"https:\/\/minghanggroup.com\/es\/wp-json\/wp\/v2\/product_tag?post=3574"}],"curies":[{"name":"wp","href":"https:\/\/api.w.org\/{rel}","templated":true}]}}