{"id":3566,"date":"2025-11-20T14:44:56","date_gmt":"2025-11-20T06:44:56","guid":{"rendered":"https:\/\/minghanggroup.com\/?post_type=product&#038;p=3566"},"modified":"2026-01-20T14:04:52","modified_gmt":"2026-01-20T06:04:52","slug":"wholesale-glass-flip-top-water-bottles-with-handle","status":"publish","type":"product","link":"https:\/\/minghanggroup.com\/es\/producto\/wholesale-glass-flip-top-water-bottles-with-handle\/","title":{"rendered":"Botellas de agua de vidrio con tapa abatible y asa, 250 ml, 350 ml y 500 ml, venta al por mayor"},"content":{"rendered":"<p>Estas botellas de agua con tapa abatible est\u00e1n hechas de vidrio transparente y cuentan con un pr\u00e1ctico asa para llevarlas en la mano. La tapa se cierra con un cierre met\u00e1lico. Son ideales para contener bebidas carbonatadas, agua con infusiones de frutas o para la hidrataci\u00f3n regular.<\/p>\n<h2>Caracter\u00edsticas del producto<\/h2>\n<ul>\n<li><strong>Material de vidrio transparente:<\/strong> La botella est\u00e1 hecha de vidrio transparente, lo que hace que sea m\u00e1s f\u00e1cil ver visualmente el color, la cantidad de l\u00edquido y si tiene gas o no.<\/li>\n<li><strong>Manejar idea:<\/strong> La botella cuenta con un asa que facilita su sujeci\u00f3n y facilita su transporte. Adem\u00e1s, se ha ampliado la superficie del producto, que suele utilizarse para fines comerciales.<\/li>\n<li><strong>Gama de los tres tama\u00f1os:<\/strong> Con tama\u00f1os peque\u00f1os, medianos y grandes, se pueden satisfacer diferentes necesidades de almacenamiento de, por ejemplo, agua con gas, bebidas y otros l\u00edquidos.<\/li>\n<\/ul>\n<h2 style=\"text-align: left;\">Especificaciones clave<\/h2>\n<table class=\"aligncenter\" style=\"border-collapse: collapse; width: 724.52pt;\" border=\"0\" width=\"966\" cellspacing=\"0\" cellpadding=\"0\">\n<tbody>\n<tr style=\"height: 13.50pt;\">\n<td style=\"height: 13.50pt; width: 142.50pt;\" width=\"190\" height=\"18\">Caracter\u00edstica<\/td>\n<td style=\"width: 582.00pt;\" width=\"776\">Detalles<\/td>\n<\/tr>\n<tr style=\"height: 13.50pt;\">\n<td style=\"height: 13.50pt;\" height=\"18\">Capacidad y dimensiones<\/td>\n<td>250 ml (8,5 oz) 6,7 \u00d7 17,2 cm\/350 ml (12 oz) 7,6 \u00d7 20 cm\/500 ml (17 oz) 8,7 \u00d7 21,8 cm<\/td>\n<\/tr>\n<tr style=\"height: 13.50pt;\">\n<td style=\"height: 13.50pt;\" height=\"18\">Material<\/td>\n<td>Vidrio s\u00f3dico-c\u00e1lcico transparente con asa lateral moldeada<\/td>\n<\/tr>\n<tr style=\"height: 13.50pt;\">\n<td style=\"height: 13.50pt;\" height=\"18\">Ideal para<\/td>\n<td>Botella de vidrio con tapa abatible, botellas de agua con tapa oscilante<\/td>\n<\/tr>\n<\/tbody>\n<\/table>\n<h2>Historia de \u00e9xito<\/h2>\n<p>Una marca de vinagre esencial y suplementos nutricionales cuyo empaque deb\u00eda ser pr\u00e1ctico y atractivo para regalar, decidi\u00f3 elegir nuestras botellas de agua de 350 ml con tapa abatible y asa. El dise\u00f1o del asa es un atractivo principal, ya que permite una elegante caja de regalo sin necesidad de un sobre adicional. Sus pruebas de control de calidad demostraron que, tras seis meses en el mercado, los sellos conservaban el 96 % de la integridad del producto. Gracias a su pr\u00e1ctico tama\u00f1o, el volumen de compras por unidad aument\u00f3 un 30 %. Adem\u00e1s, han detectado una disminuci\u00f3n del 20 % en las quejas de los clientes por fugas durante el env\u00edo. Como est\u00e1n muy satisfechos con el rendimiento del producto, recientemente han realizado un nuevo pedido de 200\u00a0000 botellas.<\/p>\n<h2>Sugerencias para el manejo de botellas de vidrio con tapa abatible<\/h2>\n<ul>\n<li><strong>Color del mango:<\/strong> Ajuste el color del mango de metal recubierto de pl\u00e1stico seg\u00fan sus requisitos de marca.<\/li>\n<li><strong>Tintado de vidrios:<\/strong> Si el contenido es sensible a la luz o su producto busca una apariencia visual \u00fanica, puede optar por vidrio \u00e1mbar o azul cobalto.<\/li>\n<li><strong>Logotipo impreso:<\/strong> Coloque su logotipo en la parte inferior o en el hombro de la botella.<\/li>\n<li><strong>Panel de etiquetas:<\/strong> Ya se inserta un panel de etiqueta plano en el molde de la botella para una aplicaci\u00f3n de etiquetas f\u00e1cil y ordenada.<\/li>\n<\/ul>","protected":false},"excerpt":{"rendered":"<p>Estas botellas de vidrio con tapa abatible y asa ofrecen cierres met\u00e1licos seguros y est\u00e1n disponibles en tres tama\u00f1os. Ideales para agua con tapa abatible y env\u00edo r\u00e1pido para pedidos al por mayor.<\/p>","protected":false},"featured_media":3567,"template":"","meta":{"postBodyCss":"","postBodyMargin":[],"postBodyPadding":[],"postBodyBackground":{"backgroundType":"classic","gradient":""}},"product_brand":[],"product_cat":[15,16,56],"product_tag":[72,78],"class_list":{"0":"post-3566","1":"product","2":"type-product","3":"status-publish","4":"has-post-thumbnail","6":"product_cat-glass-containers","7":"product_cat-glass-bottles","8":"product_cat-flip-top-bottles","9":"product_tag-juice-bottles","10":"product_tag-water-bottles","12":"first","13":"instock","14":"shipping-taxable","15":"product-type-simple"},"jetpack_sharing_enabled":true,"_links":{"self":[{"href":"https:\/\/minghanggroup.com\/es\/wp-json\/wp\/v2\/product\/3566","targetHints":{"allow":["GET"]}}],"collection":[{"href":"https:\/\/minghanggroup.com\/es\/wp-json\/wp\/v2\/product"}],"about":[{"href":"https:\/\/minghanggroup.com\/es\/wp-json\/wp\/v2\/types\/product"}],"wp:featuredmedia":[{"embeddable":true,"href":"https:\/\/minghanggroup.com\/es\/wp-json\/wp\/v2\/media\/3567"}],"wp:attachment":[{"href":"https:\/\/minghanggroup.com\/es\/wp-json\/wp\/v2\/media?parent=3566"}],"wp:term":[{"taxonomy":"product_brand","embeddable":true,"href":"https:\/\/minghanggroup.com\/es\/wp-json\/wp\/v2\/product_brand?post=3566"},{"taxonomy":"product_cat","embeddable":true,"href":"https:\/\/minghanggroup.com\/es\/wp-json\/wp\/v2\/product_cat?post=3566"},{"taxonomy":"product_tag","embeddable":true,"href":"https:\/\/minghanggroup.com\/es\/wp-json\/wp\/v2\/product_tag?post=3566"}],"curies":[{"name":"wp","href":"https:\/\/api.w.org\/{rel}","templated":true}]}}