{"id":3561,"date":"2025-11-20T13:24:42","date_gmt":"2025-11-20T05:24:42","guid":{"rendered":"https:\/\/minghanggroup.com\/?post_type=product&#038;p=3561"},"modified":"2026-01-20T14:04:43","modified_gmt":"2026-01-20T06:04:43","slug":"custom-32-oz-swing-top-bottle-with-handle","status":"publish","type":"product","link":"https:\/\/minghanggroup.com\/es\/producto\/custom-32-oz-swing-top-bottle-with-handle\/","title":{"rendered":"Botella de vidrio con tapa abatible personalizada de 16 oz y 32 oz con asa"},"content":{"rendered":"<p>Estas botellas de vidrio transparente con tapa abatible cuentan con clips met\u00e1licos para sujetar la tapa. No solo tienen un aspecto moderno y elegante, sino que tambi\u00e9n garantizan un cierre herm\u00e9tico, y el vidrio transparente permite ver el contenido sin ninguna duda.<\/p>\n<h2>Caracter\u00edsticas del producto<\/h2>\n<ul>\n<li><strong>Material de vidrio transparente:<\/strong> El vidrio transparente permite ver f\u00e1cilmente el color y la cantidad del contenido, lo que tambi\u00e9n resulta \u00fatil para fines de identificaci\u00f3n e inspecci\u00f3n.<\/li>\n<li><strong>Mecanismo de sellado f\u00e1cil de usar:<\/strong> Con clips de metal, estas botellas proporcionan un buen rendimiento de sellado, por lo que la frescura del contenido se puede mantener de manera efectiva y la operaci\u00f3n se puede realizar sin ninguna dificultad.<\/li>\n<li><strong>Opciones de color de la tapa:<\/strong> Hay dos opciones de color disponibles para las gorras, es decir, negro y verde, por lo que los usuarios pueden decidir seg\u00fan sus preferencias o prop\u00f3sitos, y esto tambi\u00e9n ser\u00e1 \u00fatil para la actualizaci\u00f3n de la gama de productos.<\/li>\n<\/ul>\n<h2 style=\"text-align: left;\">Especificaciones clave<\/h2>\n<table class=\"aligncenter\" style=\"border-collapse: collapse; width: 392.27pt;\" border=\"0\" width=\"523\" cellspacing=\"0\" cellpadding=\"0\">\n<tbody>\n<tr style=\"height: 13.50pt;\">\n<td style=\"height: 13.50pt; width: 87.75pt;\" width=\"117\" height=\"18\">Caracter\u00edstica<\/td>\n<td style=\"width: 304.50pt;\" width=\"406\">Detalles<\/td>\n<\/tr>\n<tr style=\"height: 13.50pt;\">\n<td style=\"height: 13.50pt;\" height=\"18\">Dimensiones<\/td>\n<td>500 ml (16 oz) 8 cm \u00d7 23 cm \/ 1000 ml (32 oz) 10 cm \u00d7 29 cm<\/td>\n<\/tr>\n<tr style=\"height: 13.50pt;\">\n<td style=\"height: 13.50pt;\" height=\"18\">Tipo de vidrio<\/td>\n<td>Vidrio s\u00f3dico-c\u00e1lcico transparente<\/td>\n<\/tr>\n<tr style=\"height: 13.50pt;\">\n<td style=\"height: 13.50pt;\" height=\"18\">Ideal para<\/td>\n<td>Elaboraci\u00f3n de cerveza, kombucha, refrescos y vino.<\/td>\n<\/tr>\n<\/tbody>\n<\/table>\n<h2>Historia de \u00e9xito de Craft Soda<\/h2>\n<p>Una startup de refrescos artesanales naturales necesitaba un envase que no solo conservara la carbonataci\u00f3n, sino que tambi\u00e9n hiciera que su producto fuera atractivo en el lineal. Eligieron nuestras botellas de 945 ml con tapa abatible y asa. Los resultados fueron excelentes: las pruebas de estabilidad revelaron un nivel de carbonataci\u00f3n del 97% despu\u00e9s de 120 d\u00edas, muy por encima de los est\u00e1ndares de la industria. El innovador dise\u00f1o del asa result\u00f3 en un aumento del 40% en las tasas de conversi\u00f3n de ventas en comparaci\u00f3n con el envase anterior. Adem\u00e1s, mencionaron que la tasa de roturas durante el env\u00edo se hab\u00eda reducido en un 25% gracias al uso de botellas de vidrio resistentes. El \u00e9xito fue tan rotundo que recientemente realizaron otro pedido de 350.000 botellas para facilitar su expansi\u00f3n nacional.<\/p>\n<h2>Personaliza tus botellas con tap\u00f3n de rosca<\/h2>\n<ul>\n<li><strong>Color de la gorra:<\/strong> Elija una tapa de metal, como negra, dorada o plateada, que combine bien con el esquema de colores de su marca.<\/li>\n<li><strong>Color de la botella:<\/strong> Utilice botellas de vidrio \u00e1mbar o verde, que son mejores para la cerveza, ya que bloquean la luz que puede hacer que la cerveza pierda su sabor y su frescura.<\/li>\n<li><strong>Layout de e-mail comercial<\/strong> Haga que su producto parezca un estilo Grolsch vintage con la etiqueta de cer\u00e1mica, que es un m\u00e9todo extremadamente duradero para disparar directamente la etiqueta sobre la botella de vidrio.<\/li>\n<\/ul>\n<p>\u00bfListo para hacer un pedido al por mayor de botellas con tapa abatible? Cont\u00e1ctanos para conocer los precios al por mayor de botellas con tapa abatible de 16 oz y 32 oz y las opciones de personalizaci\u00f3n.<\/p>","protected":false},"excerpt":{"rendered":"<p>Nuestras botellas con tapa abatible de 16 oz y 32 oz cuentan con un cuerpo de vidrio transparente, dise\u00f1o de asa y cerradura de metal, lo que ofrece una soluci\u00f3n de botella con tapa abatible de primera calidad con env\u00edo r\u00e1pido.<\/p>","protected":false},"featured_media":3563,"template":"","meta":{"postBodyCss":"","postBodyMargin":[],"postBodyPadding":[],"postBodyBackground":{"backgroundType":"classic","gradient":""}},"product_brand":[],"product_cat":[15,16,56],"product_tag":[72],"class_list":{"0":"post-3561","1":"product","2":"type-product","3":"status-publish","4":"has-post-thumbnail","6":"product_cat-glass-containers","7":"product_cat-glass-bottles","8":"product_cat-flip-top-bottles","9":"product_tag-juice-bottles","11":"first","12":"instock","13":"shipping-taxable","14":"product-type-simple"},"jetpack_sharing_enabled":true,"_links":{"self":[{"href":"https:\/\/minghanggroup.com\/es\/wp-json\/wp\/v2\/product\/3561","targetHints":{"allow":["GET"]}}],"collection":[{"href":"https:\/\/minghanggroup.com\/es\/wp-json\/wp\/v2\/product"}],"about":[{"href":"https:\/\/minghanggroup.com\/es\/wp-json\/wp\/v2\/types\/product"}],"wp:featuredmedia":[{"embeddable":true,"href":"https:\/\/minghanggroup.com\/es\/wp-json\/wp\/v2\/media\/3563"}],"wp:attachment":[{"href":"https:\/\/minghanggroup.com\/es\/wp-json\/wp\/v2\/media?parent=3561"}],"wp:term":[{"taxonomy":"product_brand","embeddable":true,"href":"https:\/\/minghanggroup.com\/es\/wp-json\/wp\/v2\/product_brand?post=3561"},{"taxonomy":"product_cat","embeddable":true,"href":"https:\/\/minghanggroup.com\/es\/wp-json\/wp\/v2\/product_cat?post=3561"},{"taxonomy":"product_tag","embeddable":true,"href":"https:\/\/minghanggroup.com\/es\/wp-json\/wp\/v2\/product_tag?post=3561"}],"curies":[{"name":"wp","href":"https:\/\/api.w.org\/{rel}","templated":true}]}}