{"id":3556,"date":"2025-11-20T13:05:58","date_gmt":"2025-11-20T05:05:58","guid":{"rendered":"https:\/\/minghanggroup.com\/?post_type=product&#038;p=3556"},"modified":"2026-01-20T14:04:11","modified_gmt":"2026-01-20T06:04:11","slug":"bulk-empty-clear-glass-bottle-with-flip-tops","status":"publish","type":"product","link":"https:\/\/minghanggroup.com\/es\/producto\/bulk-empty-clear-glass-bottle-with-flip-tops\/","title":{"rendered":"Botella de vidrio transparente vac\u00eda de 465 ml con tapa abatible"},"content":{"rendered":"<p>La botella de vidrio transparente viene con tapa abatible, cuerpo empotrado y una tapa met\u00e1lica a presi\u00f3n. Adem\u00e1s de un buen sellado, cuenta con el atractivo de un envase moderno.<\/p>\n<h2>Caracter\u00edsticas del producto<\/h2>\n<ul>\n<li><strong>Material de vidrio transparente:<\/strong> El cuerpo de vidrio transparente permite ver f\u00e1cilmente el color del l\u00edquido y el volumen restante, lo que ayuda tanto a la identificaci\u00f3n como a la inspecci\u00f3n.<\/li>\n<li><strong>Dise\u00f1o de cuerpo empotrado:<\/strong> El dise\u00f1o empotrado no solo embellece el producto y lo hace m\u00e1s visible sino que tambi\u00e9n proporciona un mejor agarre.<\/li>\n<li><strong>Dise\u00f1o de sellado a presi\u00f3n:<\/strong> Con tapa met\u00e1lica a presi\u00f3n, asegura un gran rendimiento de sellado y una f\u00e1cil apertura y cierre.<\/li>\n<\/ul>\n<h2 style=\"text-align: left;\">Especificaciones clave<\/h2>\n<table class=\"aligncenter\" style=\"border-collapse: collapse; width: 370.52pt;\" border=\"0\" width=\"494\" cellspacing=\"0\" cellpadding=\"0\">\n<tbody>\n<tr style=\"height: 13.50pt;\">\n<td style=\"height: 13.50pt; width: 105.75pt;\" width=\"141\" height=\"18\">Especificaci\u00f3n<\/td>\n<td style=\"width: 264.75pt;\" width=\"353\">Detalle<\/td>\n<\/tr>\n<tr style=\"height: 13.50pt;\">\n<td style=\"height: 13.50pt;\" height=\"18\">Capacidad<\/td>\n<td>465 ml<\/td>\n<\/tr>\n<tr style=\"height: 13.50pt;\">\n<td style=\"height: 13.50pt;\" height=\"18\">Dimensiones<\/td>\n<td>22,3 cm \u00d7 7,75 cm<\/td>\n<\/tr>\n<tr style=\"height: 13.50pt;\">\n<td style=\"height: 13.50pt;\" height=\"18\">Tipo de vidrio<\/td>\n<td>Vidrio s\u00f3dico-c\u00e1lcico transparente de alta claridad<\/td>\n<\/tr>\n<tr style=\"height: 13.50pt;\">\n<td style=\"height: 13.50pt;\" height=\"18\">Ideal para<\/td>\n<td>Botellas con tapa abatible, botellas con tapa oscilante<\/td>\n<\/tr>\n<\/tbody>\n<\/table>\n<h2>Historia de \u00e9xito<\/h2>\n<p>Era una peque\u00f1a cervecer\u00eda que produc\u00eda principalmente cervezas de estilo belga y quer\u00eda envasar su cerveza de forma que demostrara su alta gama. Decidieron optar por estas botellas de 465 ml con tapa abatible. Tras 120 d\u00edas, el cierre abatible sigue siendo muy eficaz y solo se ha perdido el 2 % de la carbonataci\u00f3n. El personal de la l\u00ednea de embotellado logr\u00f3 reducir la cantidad de accidentes en un 25 % gracias al dise\u00f1o de cuerpo empotrado. Adem\u00e1s, descubrieron que la diferente apariencia de las botellas hab\u00eda resultado en un aumento del 15 % en las ventas minoristas en comparaci\u00f3n con las botellas convencionales. Su exitoso lanzamiento les hizo decidir realizar otro pedido de 300.000 botellas para facilitar su expansi\u00f3n en nuevos mercados.<\/p>\n<h2>Sugerencias de personalizaci\u00f3n<\/h2>\n<ul>\n<li><strong>Color del anillo de sellado:<\/strong> Adem\u00e1s del rojo habitual, tambi\u00e9n hay otras opciones de color para el anillo de sellado de silicona.<\/li>\n<li><strong>Color del vidrio:<\/strong> Para productos sensibles a la luz, como la cerveza, est\u00e1 disponible vidrio en color \u00e1mbar o verde.<\/li>\n<li><strong>Serigraf\u00eda:<\/strong> Los gr\u00e1ficos a todo color y de larga durabilidad se imprimen directamente sobre la superficie del vidrio.<\/li>\n<li><strong>Efecto escarchado:<\/strong> Se puede realizar un efecto mate o esmerilado en todo o en parte del vidrio.<\/li>\n<\/ul>","protected":false},"excerpt":{"rendered":"<p>Mant\u00e9n tus bebidas frescas con esta elegante botella de vidrio transparente, con tapas abatibles y un cierre met\u00e1lico seguro. Disponible para env\u00edos r\u00e1pidos y pedidos al por mayor.<\/p>","protected":false},"featured_media":3559,"template":"","meta":{"postBodyCss":"","postBodyMargin":[],"postBodyPadding":[],"postBodyBackground":{"backgroundType":"classic","gradient":""}},"product_brand":[],"product_cat":[15,16,56],"product_tag":[72,78],"class_list":{"0":"post-3556","1":"product","2":"type-product","3":"status-publish","4":"has-post-thumbnail","6":"product_cat-glass-containers","7":"product_cat-glass-bottles","8":"product_cat-flip-top-bottles","9":"product_tag-juice-bottles","10":"product_tag-water-bottles","12":"first","13":"instock","14":"shipping-taxable","15":"product-type-simple"},"jetpack_sharing_enabled":true,"_links":{"self":[{"href":"https:\/\/minghanggroup.com\/es\/wp-json\/wp\/v2\/product\/3556","targetHints":{"allow":["GET"]}}],"collection":[{"href":"https:\/\/minghanggroup.com\/es\/wp-json\/wp\/v2\/product"}],"about":[{"href":"https:\/\/minghanggroup.com\/es\/wp-json\/wp\/v2\/types\/product"}],"wp:featuredmedia":[{"embeddable":true,"href":"https:\/\/minghanggroup.com\/es\/wp-json\/wp\/v2\/media\/3559"}],"wp:attachment":[{"href":"https:\/\/minghanggroup.com\/es\/wp-json\/wp\/v2\/media?parent=3556"}],"wp:term":[{"taxonomy":"product_brand","embeddable":true,"href":"https:\/\/minghanggroup.com\/es\/wp-json\/wp\/v2\/product_brand?post=3556"},{"taxonomy":"product_cat","embeddable":true,"href":"https:\/\/minghanggroup.com\/es\/wp-json\/wp\/v2\/product_cat?post=3556"},{"taxonomy":"product_tag","embeddable":true,"href":"https:\/\/minghanggroup.com\/es\/wp-json\/wp\/v2\/product_tag?post=3556"}],"curies":[{"name":"wp","href":"https:\/\/api.w.org\/{rel}","templated":true}]}}