{"id":3551,"date":"2025-11-20T08:58:25","date_gmt":"2025-11-20T00:58:25","guid":{"rendered":"https:\/\/minghanggroup.com\/?post_type=product&#038;p=3551"},"modified":"2026-01-20T14:04:17","modified_gmt":"2026-01-20T06:04:17","slug":"wholesale-glass-flip-top-water-bottles-with-metal-handle","status":"publish","type":"product","link":"https:\/\/minghanggroup.com\/es\/producto\/wholesale-glass-flip-top-water-bottles-with-metal-handle\/","title":{"rendered":"Botellas de agua de vidrio con tapa abatible y asa de metal, 600 ml y 1000 ml, venta al por mayor"},"content":{"rendered":"<p>Esta botella de agua con tapa abatible es de vidrio transparente y tiene un cuerpo delgado, elegante y cil\u00edndrico. Est\u00e1 decorada con un tap\u00f3n met\u00e1lico a presi\u00f3n y una pr\u00e1ctica asa tambi\u00e9n de metal.<\/p>\n<h2>Caracter\u00edsticas del producto<\/h2>\n<ul>\n<li><strong>Dise\u00f1o de sellado instant\u00e1neo:<\/strong> El tap\u00f3n de metal a presi\u00f3n con el que est\u00e1 equipado lo hace sobresaliente en rendimiento de sellado, por lo que la frescura del l\u00edquido almacenado se mantiene durante mucho tiempo.<\/li>\n<li><strong>Mango de metal:<\/strong> La parte met\u00e1lica de la botella sirve para transportarla f\u00e1cilmente y usarla c\u00f3modamente cuando est\u00e1s fuera de casa.<\/li>\n<li><strong>Cuerpo esbelto y redondo:<\/strong> Su cuerpo esbelto, redondeado y de l\u00edneas limpias permite un agarre perfecto, permiti\u00e9ndole guardarse de forma f\u00e1cil y pr\u00e1ctica, por lo que es adecuado tanto para llevar como para usar en casa.<\/li>\n<\/ul>\n<h2 style=\"text-align: left;\">Especificaciones clave<\/h2>\n<table class=\"aligncenter\" width=\"632\">\n<tbody>\n<tr>\n<td width=\"141\">Especificaci\u00f3n<\/td>\n<td width=\"491\">Detalle<\/td>\n<\/tr>\n<tr>\n<td>Dimensiones<\/td>\n<td>600 ml (20 oz): 23,7 cm \u00d7 7,4 cm \/ 1000 ml (32 oz): 28,9 cm \u00d7 8,1 cm<\/td>\n<\/tr>\n<tr>\n<td>Tipo de vidrio<\/td>\n<td>Vidrio s\u00f3dico-c\u00e1lcico transparente de alta claridad<\/td>\n<\/tr>\n<tr>\n<td>Ideal para<\/td>\n<td>Botellas de vidrio con tapa abatible, botellas de agua con tapa abatible<\/td>\n<\/tr>\n<\/tbody>\n<\/table>\n<h2>Historia de \u00e9xito<\/h2>\n<p>Una empresa especializada en refrescos artesanales y t\u00e9 helado solicit\u00f3 un producto que satisficiera las necesidades funcionales de las bebidas carbonatadas. Finalmente, eligieron nuestra botella de agua de vidrio transparente con tapa abatible y asa. Gracias a su cierre perfecto, logr\u00f3 conservar el 95 % de la carbonataci\u00f3n despu\u00e9s de 90 d\u00edas. Adem\u00e1s, han reportado un aumento del 30 % en las tasas de recompra. Gracias a la ayuda de los clientes, la tasa de compartici\u00f3n en redes sociales se ha incrementado en un 40 % gracias al dise\u00f1o del asa. Gracias al rendimiento del producto, han tenido una excelente acogida y recientemente han realizado un nuevo pedido de 500\u00a0000 botellas m\u00e1s.<\/p>\n<h2>Botellas de vidrio personalizadas con tapa abatible<\/h2>\n<ul>\n<li><strong>Acabado del mango:<\/strong> El mango puede tener un acabado met\u00e1lico de diferentes formas, como plata pulida, negro mate o dorado.<\/li>\n<li><strong>Color de ajuste:<\/strong> El color del broche de metal con tapa abatible se puede personalizar para que sea el mismo que el del logotipo de su marca.<\/li>\n<li><strong>Tintado de vidrios:<\/strong> Utilice vidrio \u00e1mbar o verde para brindar la protecci\u00f3n UV adecuada a su bebida sensible a la luz, por ejemplo, la cerveza.<\/li>\n<li><strong>Serigraf\u00eda:<\/strong> Imprimir su atractivo dise\u00f1o directamente sobre el vidrio le da una imagen de marca contempor\u00e1nea y audaz.<\/li>\n<\/ul>\n<p>\u00bfDesea deleitar a sus clientes con la experiencia de compra m\u00e1s conveniente? Cont\u00e1ctenos hoy mismo para obtener precios al por mayor de esta botella multifuncional con tapa abatible y asa.<\/p>","protected":false},"excerpt":{"rendered":"<p>Disfruta de una hidrataci\u00f3n c\u00f3moda con nuestras botellas de vidrio con tapa abatible. Estas botellas cuentan con asas met\u00e1licas y tapas herm\u00e9ticas, listas para env\u00edo r\u00e1pido.<\/p>","protected":false},"featured_media":3554,"template":"","meta":{"postBodyCss":"","postBodyMargin":[],"postBodyPadding":[],"postBodyBackground":{"backgroundType":"classic","gradient":""}},"product_brand":[],"product_cat":[15,16,56],"product_tag":[72,78],"class_list":{"0":"post-3551","1":"product","2":"type-product","3":"status-publish","4":"has-post-thumbnail","6":"product_cat-glass-containers","7":"product_cat-glass-bottles","8":"product_cat-flip-top-bottles","9":"product_tag-juice-bottles","10":"product_tag-water-bottles","12":"first","13":"instock","14":"shipping-taxable","15":"product-type-simple"},"jetpack_sharing_enabled":true,"_links":{"self":[{"href":"https:\/\/minghanggroup.com\/es\/wp-json\/wp\/v2\/product\/3551","targetHints":{"allow":["GET"]}}],"collection":[{"href":"https:\/\/minghanggroup.com\/es\/wp-json\/wp\/v2\/product"}],"about":[{"href":"https:\/\/minghanggroup.com\/es\/wp-json\/wp\/v2\/types\/product"}],"wp:featuredmedia":[{"embeddable":true,"href":"https:\/\/minghanggroup.com\/es\/wp-json\/wp\/v2\/media\/3554"}],"wp:attachment":[{"href":"https:\/\/minghanggroup.com\/es\/wp-json\/wp\/v2\/media?parent=3551"}],"wp:term":[{"taxonomy":"product_brand","embeddable":true,"href":"https:\/\/minghanggroup.com\/es\/wp-json\/wp\/v2\/product_brand?post=3551"},{"taxonomy":"product_cat","embeddable":true,"href":"https:\/\/minghanggroup.com\/es\/wp-json\/wp\/v2\/product_cat?post=3551"},{"taxonomy":"product_tag","embeddable":true,"href":"https:\/\/minghanggroup.com\/es\/wp-json\/wp\/v2\/product_tag?post=3551"}],"curies":[{"name":"wp","href":"https:\/\/api.w.org\/{rel}","templated":true}]}}