{"id":3482,"date":"2025-11-19T16:38:15","date_gmt":"2025-11-19T08:38:15","guid":{"rendered":"https:\/\/minghanggroup.com\/?post_type=product&#038;p=3482"},"modified":"2026-01-20T14:05:10","modified_gmt":"2026-01-20T06:05:10","slug":"wholesale-empty-clear-32-oz-flip-top-bottles","status":"publish","type":"product","link":"https:\/\/minghanggroup.com\/es\/producto\/wholesale-empty-clear-32-oz-flip-top-bottles\/","title":{"rendered":"Botellas vac\u00edas transparentes de 32 oz con tapa abatible al por mayor"},"content":{"rendered":"<p>El dise\u00f1o de la botella con tapa abatible est\u00e1 hecho de vidrio transparente con un dise\u00f1o refinado y estilizado. Tiene capacidad para 947 ml y viene con un tap\u00f3n met\u00e1lico a presi\u00f3n, lo que la convierte en una combinaci\u00f3n perfecta de estilo minimalista y funcional.<\/p>\n<h2>Caracter\u00edsticas del producto<\/h2>\n<ul>\n<li><strong>Material de vidrio transparente:<\/strong> La botella de vidrio hecha de material transparente muestra hermosamente el l\u00edquido en su interior, mientras que la tapa abatible mantiene el producto fresco.<\/li>\n<li><strong>Dise\u00f1o de sellado a presi\u00f3n:<\/strong> Gracias a un tap\u00f3n met\u00e1lico a presi\u00f3n, queda muy bien sellado y, por tanto, la frescura de la bebida en su interior se mantiene perfectamente.<\/li>\n<li><strong>Respetuoso con el medio ambiente:<\/strong> La reutilizaci\u00f3n de vidrio grueso, que adem\u00e1s es resistente al calor y f\u00e1cil de limpiar, es definitivamente una buena idea.<\/li>\n<\/ul>\n<h2 style=\"text-align: left;\">Especificaciones clave<\/h2>\n<table class=\"aligncenter\" style=\"border-collapse: collapse; width: 375.02pt;\" border=\"0\" width=\"500\" cellspacing=\"0\" cellpadding=\"0\">\n<tbody>\n<tr style=\"height: 13.50pt;\">\n<td style=\"height: 13.50pt; width: 93.75pt;\" width=\"125\" height=\"18\">Especificaci\u00f3n<\/td>\n<td style=\"width: 281.25pt;\" width=\"375\">Detalle<\/td>\n<\/tr>\n<tr style=\"height: 13.50pt;\">\n<td style=\"height: 13.50pt;\" height=\"18\">Capacidad<\/td>\n<td>1000 ml (32 onzas)<\/td>\n<\/tr>\n<tr style=\"height: 13.50pt;\">\n<td style=\"height: 13.50pt;\" height=\"18\">Dimensiones<\/td>\n<td>29,6 cm \u00d7 8,7 cm<\/td>\n<\/tr>\n<tr style=\"height: 13.50pt;\">\n<td style=\"height: 13.50pt;\" height=\"18\">Tipo de vidrio<\/td>\n<td>Vidrio s\u00f3dico-c\u00e1lcico transparente de alta claridad<\/td>\n<\/tr>\n<tr style=\"height: 13.50pt;\">\n<td style=\"height: 13.50pt;\" height=\"18\">Ideal para<\/td>\n<td>Botellas con tapa abatible, contenedores de botellas de vidrio<\/td>\n<\/tr>\n<\/tbody>\n<\/table>\n<h2>Actualizaci\u00f3n del empaque de Kombucha Company: una historia de \u00e9xito<\/h2>\n<p>El empaque de una marca de kombucha en r\u00e1pido crecimiento, que necesitaba modernizarse a medida que la l\u00ednea de productos se expand\u00eda a minoristas de todo el pa\u00eds, fue la principal preocupaci\u00f3n de la empresa. Eligieron nuestras botellas de 940 ml con tapa abatible para el lanzamiento de su l\u00ednea de productos. Las compras de los consumidores aumentaron un 38 % gracias a la atractiva presentaci\u00f3n de la botella de vidrio transparente, y la vida \u00fatil se extendi\u00f3 un 42 % gracias al cierre herm\u00e9tico. Tras evaluar estos logros, la empresa realiz\u00f3 un pedido posterior de 550\u00a0000 botellas para impulsar su crecimiento.<\/p>\n<h2>Ideas de personalizaci\u00f3n para Flip-Top<\/h2>\n<ul>\n<li><strong>Logotipo en relieve de la botella:<\/strong> Para mejorar la imagen de marca, se podr\u00eda a\u00f1adir un peque\u00f1o logotipo en relieve en el hombro de la botella.<\/li>\n<li><strong>Espacio de promoci\u00f3n de marca de banda para el cuello:<\/strong> El \u00e1rea debajo del aterrizaje del cuello se puede utilizar para promocionar la marca.<\/li>\n<li><strong>Dise\u00f1o de fondo de botella personalizado:<\/strong> Dise\u00f1e un fondo de botella que no solo sea \u00fanico en apariencia sino que tambi\u00e9n sea m\u00e1s estable y mejor para aumentar el conocimiento de la marca.<\/li>\n<li><strong>Textura antideslizante:<\/strong> Texturizar para mejorar el agarre en una superficie de vidrio lisa.<\/li>\n<\/ul>","protected":false},"excerpt":{"rendered":"<p>Resistentes, elegantes y seguras: nuestras botellas de 947 ml con tapa abatible ofrecen un almacenamiento confiable. Elija este dise\u00f1o transparente con tapa abatible y precio directo de f\u00e1brica.<\/p>","protected":false},"featured_media":3491,"template":"","meta":{"postBodyCss":"","postBodyMargin":[],"postBodyPadding":[],"postBodyBackground":{"backgroundType":"classic","gradient":""}},"product_brand":[],"product_cat":[15,16,56],"product_tag":[72,78],"class_list":{"0":"post-3482","1":"product","2":"type-product","3":"status-publish","4":"has-post-thumbnail","6":"product_cat-glass-containers","7":"product_cat-glass-bottles","8":"product_cat-flip-top-bottles","9":"product_tag-juice-bottles","10":"product_tag-water-bottles","12":"first","13":"instock","14":"shipping-taxable","15":"product-type-simple"},"jetpack_sharing_enabled":true,"_links":{"self":[{"href":"https:\/\/minghanggroup.com\/es\/wp-json\/wp\/v2\/product\/3482","targetHints":{"allow":["GET"]}}],"collection":[{"href":"https:\/\/minghanggroup.com\/es\/wp-json\/wp\/v2\/product"}],"about":[{"href":"https:\/\/minghanggroup.com\/es\/wp-json\/wp\/v2\/types\/product"}],"wp:featuredmedia":[{"embeddable":true,"href":"https:\/\/minghanggroup.com\/es\/wp-json\/wp\/v2\/media\/3491"}],"wp:attachment":[{"href":"https:\/\/minghanggroup.com\/es\/wp-json\/wp\/v2\/media?parent=3482"}],"wp:term":[{"taxonomy":"product_brand","embeddable":true,"href":"https:\/\/minghanggroup.com\/es\/wp-json\/wp\/v2\/product_brand?post=3482"},{"taxonomy":"product_cat","embeddable":true,"href":"https:\/\/minghanggroup.com\/es\/wp-json\/wp\/v2\/product_cat?post=3482"},{"taxonomy":"product_tag","embeddable":true,"href":"https:\/\/minghanggroup.com\/es\/wp-json\/wp\/v2\/product_tag?post=3482"}],"curies":[{"name":"wp","href":"https:\/\/api.w.org\/{rel}","templated":true}]}}