{"id":3452,"date":"2025-11-19T15:19:52","date_gmt":"2025-11-19T07:19:52","guid":{"rendered":"https:\/\/minghanggroup.com\/?post_type=product&#038;p=3452"},"modified":"2026-01-20T14:07:14","modified_gmt":"2026-01-20T06:07:14","slug":"wholesale-amber-swing-top-glass-bottles","status":"publish","type":"product","link":"https:\/\/minghanggroup.com\/es\/producto\/wholesale-amber-swing-top-glass-bottles\/","title":{"rendered":"Botellas de vidrio \u00e1mbar con tapa abatible de 32 oz al por mayor"},"content":{"rendered":"<p>Estas botellas de vidrio \u00e1mbar con tapa abatible tienen una forma alargada, sencilla y elegante. Cuentan con tapas met\u00e1licas a presi\u00f3n con detalles en rojo y blanco. De hecho, son una muestra perfecta del encanto eterno de las botellas de vidrio con tapa de rosca.<\/p>\n<h2>Caracter\u00edsticas del producto<\/h2>\n<ul>\n<li><strong>Material de vidrio marr\u00f3n:<\/strong> Fabricado en vidrio marr\u00f3n, bloquea eficazmente los rayos de luz que pueden deteriorar l\u00edquidos como la cerveza y las salsas, conservando as\u00ed su calidad. A la vez, le aporta un toque vintage.<\/li>\n<li><strong>Cuerpo delgado:<\/strong> La botella delgada con sus superficies curvas no solo ofrece un buen agarre sino que tambi\u00e9n es una opci\u00f3n de almacenamiento eficiente para diferentes situaciones de almacenamiento.<\/li>\n<li><strong>Dise\u00f1o de sellado a presi\u00f3n:<\/strong> El tap\u00f3n de presi\u00f3n de metal junto con los detalles en rojo y blanco sirve muy bien como cierre, por lo que se proporciona el mejor rendimiento de sellado, la frescura del producto se mantiene durante mucho tiempo y es muy c\u00f3modo de abrir y cerrar.<\/li>\n<\/ul>\n<h2 style=\"text-align: left;\">Especificaciones clave<\/h2>\n<table class=\"aligncenter\" style=\"border-collapse: collapse; width: 402.77pt;\" border=\"0\" width=\"537\" cellspacing=\"0\" cellpadding=\"0\">\n<tbody>\n<tr style=\"height: 13.50pt;\">\n<td style=\"height: 13.50pt; width: 93.75pt;\" width=\"125\" height=\"18\">Especificaci\u00f3n<\/td>\n<td style=\"width: 309.00pt;\" width=\"412\">Detalle<\/td>\n<\/tr>\n<tr style=\"height: 13.50pt;\">\n<td style=\"height: 13.50pt;\" height=\"18\">Capacidad<\/td>\n<td>32 onzas (1000 ml)<\/td>\n<\/tr>\n<tr style=\"height: 13.50pt;\">\n<td style=\"height: 13.50pt;\" height=\"18\">Dimensiones<\/td>\n<td>29,6 cm \u00d7 8,6 cm<\/td>\n<\/tr>\n<tr style=\"height: 13.50pt;\">\n<td style=\"height: 13.50pt;\" height=\"18\">Tipo de vidrio<\/td>\n<td>Vidrio s\u00f3dico-c\u00e1lcico \u00e1mbar con protecci\u00f3n UV<\/td>\n<\/tr>\n<tr style=\"height: 13.50pt;\">\n<td style=\"height: 13.50pt;\" height=\"18\">Ideal para<\/td>\n<td>Botellas de vidrio con tapa abatible, botellas de vidrio \u00e1mbar con tapa oscilante<\/td>\n<\/tr>\n<\/tbody>\n<\/table>\n<h2>Historia de \u00e9xito: C\u00f3mo ayudar a una empresa de refrescos artesanales a transformarse<\/h2>\n<p>Un fabricante de refrescos artesanales premium se enfrentaba constantemente al problema de la consistencia del sabor de sus bebidas embotelladas en vidrio transparente. Su sabor mejor\u00f3 dr\u00e1sticamente tras cambiar a nuestras botellas de vidrio \u00e1mbar con tapa abatible. Pruebas de laboratorio demostraron que las botellas de vidrio \u00e1mbar bloquean el 99,7 % de la radiaci\u00f3n UV, mientras que la tapa de seguridad reduce los da\u00f1os durante el env\u00edo en un 65 %. Ante esta evidencia, la empresa decidi\u00f3 realizarnos otro pedido de 450\u00a0000 botellas con tapa abatible.<\/p>\n<h2>Sugerencias de personalizaci\u00f3n de botellas de vidrio con tapa abatible<\/h2>\n<ul>\n<li><strong>Marcado de capacidad en relieve:<\/strong> Coloque una peque\u00f1a marca en relieve \u201c1000ml\u201d o \u201c1L\u201d en la parte inferior de la botella.<\/li>\n<li><strong>Marca de la banda del cuello:<\/strong> Coloque un poco m\u00e1s de marca aqu\u00ed debajo de la tapa.<\/li>\n<li><strong>Dise\u00f1o de fondo personalizado:<\/strong> Tiene un patr\u00f3n impresionante en la parte inferior de la botella no solo para estabilidad sino tambi\u00e9n para estilo.<\/li>\n<li><strong>Acabado esmerilado:<\/strong> Elija un acabado esmerilado selectivo para mejorar el agarre y brindar una mejor sensaci\u00f3n general.<\/li>\n<\/ul>","protected":false},"excerpt":{"rendered":"<p>Botellas de vidrio \u00e1mbar con tapa abatible, tapas doradas y abrazaderas met\u00e1licas. Estas botellas de vidrio con tapa abatible ofrecen un sellado seguro, listas para pedidos al por mayor.<\/p>","protected":false},"featured_media":3468,"template":"","meta":{"postBodyCss":"","postBodyMargin":[],"postBodyPadding":[],"postBodyBackground":{"backgroundType":"classic","gradient":""}},"product_brand":[],"product_cat":[15,16,56],"product_tag":[79],"class_list":{"0":"post-3452","1":"product","2":"type-product","3":"status-publish","4":"has-post-thumbnail","6":"product_cat-glass-containers","7":"product_cat-glass-bottles","8":"product_cat-flip-top-bottles","9":"product_tag-beer-bottles","11":"first","12":"instock","13":"shipping-taxable","14":"product-type-simple"},"jetpack_sharing_enabled":true,"_links":{"self":[{"href":"https:\/\/minghanggroup.com\/es\/wp-json\/wp\/v2\/product\/3452","targetHints":{"allow":["GET"]}}],"collection":[{"href":"https:\/\/minghanggroup.com\/es\/wp-json\/wp\/v2\/product"}],"about":[{"href":"https:\/\/minghanggroup.com\/es\/wp-json\/wp\/v2\/types\/product"}],"wp:featuredmedia":[{"embeddable":true,"href":"https:\/\/minghanggroup.com\/es\/wp-json\/wp\/v2\/media\/3468"}],"wp:attachment":[{"href":"https:\/\/minghanggroup.com\/es\/wp-json\/wp\/v2\/media?parent=3452"}],"wp:term":[{"taxonomy":"product_brand","embeddable":true,"href":"https:\/\/minghanggroup.com\/es\/wp-json\/wp\/v2\/product_brand?post=3452"},{"taxonomy":"product_cat","embeddable":true,"href":"https:\/\/minghanggroup.com\/es\/wp-json\/wp\/v2\/product_cat?post=3452"},{"taxonomy":"product_tag","embeddable":true,"href":"https:\/\/minghanggroup.com\/es\/wp-json\/wp\/v2\/product_tag?post=3452"}],"curies":[{"name":"wp","href":"https:\/\/api.w.org\/{rel}","templated":true}]}}