{"id":3431,"date":"2025-11-19T17:03:33","date_gmt":"2025-11-19T09:03:33","guid":{"rendered":"https:\/\/minghanggroup.com\/?post_type=product&#038;p=3431"},"modified":"2026-01-20T14:00:34","modified_gmt":"2026-01-20T06:00:34","slug":"bulk-airtight-clear-glass-jar-for-pickle-with-clamp-lid","status":"publish","type":"product","link":"https:\/\/minghanggroup.com\/es\/producto\/bulk-airtight-clear-glass-jar-for-pickle-with-clamp-lid\/","title":{"rendered":"Frasco de vidrio transparente herm\u00e9tico a granel para encurtidos con tapa de abrazadera de 100 oz"},"content":{"rendered":"<p>Deja de gastar dinero en envases fr\u00e1giles que arruinan la frescura de tus encurtidos. Fabricamos frascos de vidrio premium para encurtidos que transforman tu almacenamiento de alimentos en una soluci\u00f3n elegante y funcional, a la vez que conservan el sabor de tus encurtidos. No son simples frascos: son la nueva arma secreta de tu marca para el envasado de alimentos.<\/p>\n<h2>Caracter\u00edsticas del producto<\/h2>\n<ol>\n<li><strong>Cristal\u200b\u200d\u200b\u200c\u200d\u200b\u200d\u200c\u200b\u200d\u200b\u200c\u200d\u200b\u200d\u200c Claridad:<\/strong>El vidrio transparente le permite ver los colores brillantes de sus vegetales encurtidos de inmediato, sin tener que adivinar cu\u00e1ndo es el momento de rellenar sus frascos de vidrio para encurtirlos.<\/li>\n<li><strong>Gran capacidad:<\/strong>Su capacidad de 3000 ml es suficiente para todas sus necesidades de encurtidos y conservas, ya sean lotes familiares o pedidos al por mayor. Ideal para conservar pepinillos, pepinos y otras verduras.<\/li>\n<li><strong>Sello de abrazadera seguro:<\/strong>La tapa met\u00e1lica con cierre herm\u00e9tico conserva el sabor y la frescura que necesita para encurtir y conservar alimentos. El acabado de rosca continua garantiza la mejor compatibilidad con sus necesidades de almacenamiento de alimentos.<\/li>\n<\/ol>\n<h2>Especificaciones clave<\/h2>\n<table style=\"border-collapse: collapse; width: 80%; margin-left: auto; margin-right: auto;\" border=\"0\" width=\"144\" cellspacing=\"0\" cellpadding=\"0\">\n<tbody>\n<tr style=\"height: 13.50pt;\">\n<td style=\"height: 13.5pt; width: 54pt; text-align: center;\" width=\"72\" height=\"18\">Caracter\u00edstica<\/td>\n<td style=\"width: 54pt; text-align: center;\" width=\"72\">Detalles<\/td>\n<\/tr>\n<tr style=\"height: 13.50pt;\">\n<td style=\"height: 13.5pt; text-align: center;\" height=\"18\">Capacidad<\/td>\n<td style=\"text-align: center;\">3000 ml (personalizable)<\/td>\n<\/tr>\n<tr style=\"height: 13.50pt;\">\n<td style=\"height: 13.5pt; text-align: center;\" height=\"18\">Material<\/td>\n<td style=\"text-align: center;\">Construcci\u00f3n de vidrio superior<\/td>\n<\/tr>\n<tr style=\"height: 13.50pt;\">\n<td style=\"height: 13.5pt; text-align: center;\" height=\"18\">Tipo de tapa<\/td>\n<td style=\"text-align: center;\">Tapas herm\u00e9ticas con abrazadera<\/td>\n<\/tr>\n<tr style=\"height: 13.50pt;\">\n<td style=\"height: 13.5pt; text-align: center;\" height=\"18\">Opciones de forma<\/td>\n<td style=\"text-align: center;\">Redondo, cuadrado, personalizado<\/td>\n<\/tr>\n<tr style=\"height: 13.50pt;\">\n<td style=\"height: 13.5pt; text-align: center;\" height=\"18\">Tratamientos de superficies<\/td>\n<td style=\"text-align: center;\">Estampado en caliente, mate, grabado, esmerilado, calcoman\u00eda, pulverizaci\u00f3n, pulido, galvanoplastia<\/td>\n<\/tr>\n<\/tbody>\n<\/table>\n<h2>Caso de \u00e9xito<\/h2>\n<p>Un productor mediano de alimentos fermentados de Canad\u00e1 mejor\u00f3 su l\u00ednea de productos con nuestros frascos para encurtidos. Se personalizaron con paredes m\u00e1s robustas, tapas met\u00e1licas selladas al vac\u00edo y el logotipo de la marca grabado en relieve en los hombros. Tras la adopci\u00f3n de estos frascos, sus productos destacan m\u00e1s en las vitrinas refrigeradas, las quejas por fugas se han reducido a cero y sus distribuidores han permitido dos nuevos SKU gracias a la mejora del empaque.<\/p>\n<h2>Tus consejos de personalizaci\u00f3n<\/h2>\n<p>Si est\u00e1 adaptando este frasco de vidrio para encurtidos a las necesidades de su marca, entonces algunos puntos de contacto adicionales como (a) se puede elegir un vidrio m\u00e1s grueso para una estabilidad de salmuera a largo plazo, (b) el cierre de metal est\u00e1ndar se puede actualizar a un acabado de acero inoxidable resistente a la oxidaci\u00f3n, o (c) se puede agregar un logotipo en relieve para fortalecer la identidad en el estante seguramente puede mejorar la marca, as\u00ed como la funcionalidad del producto. Tambi\u00e9n se pueden seleccionar diferentes capacidades, desde peque\u00f1os frascos de degustaci\u00f3n hasta frascos de vidrio de gran formato para encurtidos, y tambi\u00e9n puede elegir juntas de silicona en colores personalizados para que coincidan con la paleta de su marca, lo que le da al producto final un aspecto de marca m\u00e1s premium y visualmente unificado.<\/p>","protected":false},"excerpt":{"rendered":"<p>Frasco de vidrio resistente para encurtidos, estos frascos de vidrio para encurtidos, ideales para pedidos al por mayor y suministro directo de f\u00e1brica para marcas de alimentos que buscan envases confiables.<\/p>","protected":false},"featured_media":3432,"template":"","meta":{"postBodyCss":"","postBodyMargin":[],"postBodyPadding":[],"postBodyBackground":{"backgroundType":"classic","gradient":""}},"product_brand":[],"product_cat":[15,17,59],"product_tag":[69],"class_list":{"0":"post-3431","1":"product","2":"type-product","3":"status-publish","4":"has-post-thumbnail","6":"product_cat-glass-containers","7":"product_cat-glass-jars","8":"product_cat-glass-storage-jars","9":"product_tag-storage-jars","11":"first","12":"instock","13":"shipping-taxable","14":"product-type-simple"},"jetpack_sharing_enabled":true,"_links":{"self":[{"href":"https:\/\/minghanggroup.com\/es\/wp-json\/wp\/v2\/product\/3431","targetHints":{"allow":["GET"]}}],"collection":[{"href":"https:\/\/minghanggroup.com\/es\/wp-json\/wp\/v2\/product"}],"about":[{"href":"https:\/\/minghanggroup.com\/es\/wp-json\/wp\/v2\/types\/product"}],"wp:featuredmedia":[{"embeddable":true,"href":"https:\/\/minghanggroup.com\/es\/wp-json\/wp\/v2\/media\/3432"}],"wp:attachment":[{"href":"https:\/\/minghanggroup.com\/es\/wp-json\/wp\/v2\/media?parent=3431"}],"wp:term":[{"taxonomy":"product_brand","embeddable":true,"href":"https:\/\/minghanggroup.com\/es\/wp-json\/wp\/v2\/product_brand?post=3431"},{"taxonomy":"product_cat","embeddable":true,"href":"https:\/\/minghanggroup.com\/es\/wp-json\/wp\/v2\/product_cat?post=3431"},{"taxonomy":"product_tag","embeddable":true,"href":"https:\/\/minghanggroup.com\/es\/wp-json\/wp\/v2\/product_tag?post=3431"}],"curies":[{"name":"wp","href":"https:\/\/api.w.org\/{rel}","templated":true}]}}