{"id":3405,"date":"2025-11-19T13:56:38","date_gmt":"2025-11-19T05:56:38","guid":{"rendered":"https:\/\/minghanggroup.com\/?post_type=product&#038;p=3405"},"modified":"2026-01-20T14:05:50","modified_gmt":"2026-01-20T06:05:50","slug":"wholesale-empty-amber-grolsch-beer-bottles","status":"publish","type":"product","link":"https:\/\/minghanggroup.com\/es\/producto\/wholesale-empty-amber-grolsch-beer-bottles\/","title":{"rendered":"Botellas de cerveza Grolsch \u00e1mbar vac\u00edas al por mayor 500 ml"},"content":{"rendered":"<p>Estas botellas de cerveza grolsch est\u00e1n hechas de vidrio marr\u00f3n y tienen una tapa de metal a presi\u00f3n o una tapa corona para su cerveza u otras bebidas especiales.<\/p>\n<h2>Caracter\u00edsticas del producto<\/h2>\n<ul>\n<li><strong>Protecci\u00f3n UV de vidrio \u00e1mbar:<\/strong> El cristal color casta\u00f1o act\u00faa como el mejor escudo protector contra la luz, manteniendo as\u00ed la cerveza fresca con su sabor y calidad originales.<\/li>\n<li><strong>Dos opciones de tapa:<\/strong> Ya sea que elija la tapa corona tradicional o una pr\u00e1ctica tapa abatible, su recipiente para bebidas o condimentos estar\u00e1 listo para que lo use cualquier cliente.<\/li>\n<li><strong>Dos opciones de volumen:<\/strong> Las versiones de 485ml y 500ml est\u00e1n a tu disposici\u00f3n para aprovechar al m\u00e1ximo tu l\u00ednea de productos y estrategia de precios.<\/li>\n<\/ul>\n<h2 style=\"text-align: left;\">Especificaciones clave<\/h2>\n<table class=\"aligncenter\" style=\"border-collapse: collapse; width: 423.02pt;\" border=\"0\" width=\"564\" cellspacing=\"0\" cellpadding=\"0\">\n<tbody>\n<tr style=\"height: 13.50pt;\">\n<td style=\"height: 13.50pt; width: 99.75pt;\" width=\"133\" height=\"18\">Especificaci\u00f3n<\/td>\n<td style=\"width: 323.25pt;\" width=\"431\">Detalles<\/td>\n<\/tr>\n<tr style=\"height: 13.50pt;\">\n<td style=\"height: 13.50pt;\" height=\"18\">Dimensiones<\/td>\n<td>485 ml: 22.6 cm \u00d7 7.75 cm; 500 ml: 22.3 cm \u00d7 8.1 cm<\/td>\n<\/tr>\n<tr style=\"height: 13.50pt;\">\n<td style=\"height: 13.50pt;\" height=\"18\">Tipo de vidrio<\/td>\n<td>Vidrio s\u00f3dico-c\u00e1lcico \u00e1mbar con protecci\u00f3n UV<\/td>\n<\/tr>\n<tr style=\"height: 13.50pt;\">\n<td style=\"height: 13.50pt;\" height=\"18\">Ideal para<\/td>\n<td>Botellas Grolsch, botellas de cerveza, botellas con tapa abatible<\/td>\n<\/tr>\n<\/tbody>\n<\/table>\n<h2>Historia de \u00e9xito<\/h2>\n<p>Una cervecer\u00eda artesanal local que estaba cobrando impulso necesitaba una soluci\u00f3n de envasado que pudiera seguir el ritmo de su creciente mercado. Decidieron utilizar nuestras botellas de cerveza Grolsch para envasar su gama de cervezas premium. Una de las principales ventajas del vidrio \u00e1mbar es su protecci\u00f3n UV del 99,8 %, lo que hace que su aspecto vintage resulte muy atractivo para los clientes, que renuevan r\u00e1pidamente sus existencias en un 29 %. Al mismo tiempo, el resistente envase de vidrio \u00e1mbar tambi\u00e9n reduce en un 45 % el riesgo de lesiones y roturas durante el transporte. Gracias a estos resultados, esta cervecer\u00eda ya ha realizado un nuevo pedido de 650\u00a0000 botellas m\u00e1s para impulsar su lanzamiento a nivel nacional.<\/p>\n<h2>Sugerencias de personalizaci\u00f3n de botellas Grolsch<\/h2>\n<ul>\n<li><strong>Opciones de color de tapa de botella:<\/strong> Adem\u00e1s del oro tradicional, ofrecemos una amplia selecci\u00f3n de colores de tapas de botellas de cer\u00e1mica para satisfacer sus necesidades.<\/li>\n<li><strong>Ubicaci\u00f3n del logotipo en relieve:<\/strong> Se puede agregar un logotipo en relieve al hombro de la botella, lo que le dar\u00e1 un aspecto lujoso a su marca.<\/li>\n<li><strong>Estilo de vidrio dorado:<\/strong> Coloque algunas l\u00edneas finas de vidrio dorado cerca de la tapa de la botella para reflejar la tapa dorada y para que la sensaci\u00f3n de lujo se intensifique visualmente.<\/li>\n<li><strong>Variaciones del acabado del alambre:<\/strong> El acabado del alambre tiene tres variaciones, es decir, galvanizado, anodizado negro o recubierto de epoxi.<\/li>\n<\/ul>","protected":false},"excerpt":{"rendered":"<p>Botellas Grolsch \u00e1mbar y botellas de cerveza Grolsch. Sellado seguro, ideal para pedidos al por mayor o marcas de bebidas exclusivas. Venta directa de f\u00e1brica, stock disponible.<\/p>","protected":false},"featured_media":3444,"template":"","meta":{"postBodyCss":"","postBodyMargin":[],"postBodyPadding":[],"postBodyBackground":{"backgroundType":"classic","gradient":""}},"product_brand":[],"product_cat":[15,16,56],"product_tag":[79,72],"class_list":{"0":"post-3405","1":"product","2":"type-product","3":"status-publish","4":"has-post-thumbnail","6":"product_cat-glass-containers","7":"product_cat-glass-bottles","8":"product_cat-flip-top-bottles","9":"product_tag-beer-bottles","10":"product_tag-juice-bottles","12":"first","13":"instock","14":"shipping-taxable","15":"product-type-simple"},"jetpack_sharing_enabled":true,"_links":{"self":[{"href":"https:\/\/minghanggroup.com\/es\/wp-json\/wp\/v2\/product\/3405","targetHints":{"allow":["GET"]}}],"collection":[{"href":"https:\/\/minghanggroup.com\/es\/wp-json\/wp\/v2\/product"}],"about":[{"href":"https:\/\/minghanggroup.com\/es\/wp-json\/wp\/v2\/types\/product"}],"wp:featuredmedia":[{"embeddable":true,"href":"https:\/\/minghanggroup.com\/es\/wp-json\/wp\/v2\/media\/3444"}],"wp:attachment":[{"href":"https:\/\/minghanggroup.com\/es\/wp-json\/wp\/v2\/media?parent=3405"}],"wp:term":[{"taxonomy":"product_brand","embeddable":true,"href":"https:\/\/minghanggroup.com\/es\/wp-json\/wp\/v2\/product_brand?post=3405"},{"taxonomy":"product_cat","embeddable":true,"href":"https:\/\/minghanggroup.com\/es\/wp-json\/wp\/v2\/product_cat?post=3405"},{"taxonomy":"product_tag","embeddable":true,"href":"https:\/\/minghanggroup.com\/es\/wp-json\/wp\/v2\/product_tag?post=3405"}],"curies":[{"name":"wp","href":"https:\/\/api.w.org\/{rel}","templated":true}]}}