{"id":3384,"date":"2025-11-19T11:47:01","date_gmt":"2025-11-19T03:47:01","guid":{"rendered":"https:\/\/minghanggroup.com\/?post_type=product&#038;p=3384"},"modified":"2026-01-20T14:07:01","modified_gmt":"2026-01-20T06:07:01","slug":"bulk-brown-glass-swing-top-bottles-with-handle","status":"publish","type":"product","link":"https:\/\/minghanggroup.com\/es\/producto\/bulk-brown-glass-swing-top-bottles-with-handle\/","title":{"rendered":"Botellas de vidrio marr\u00f3n con tapa abatible y asa, 1000 ml y 2000 ml"},"content":{"rendered":"<p>Estas botellas de vidrio marr\u00f3n con tapa abatible est\u00e1n hechas de vidrio \u00e1mbar, tienen una bonita asa y una distintiva forma redondeada. El cierre se fija con un broche met\u00e1lico y est\u00e1n disponibles en dos tama\u00f1os.<\/p>\n<h2>Caracter\u00edsticas del producto<\/h2>\n<ul>\n<li><strong>Material de vidrio marr\u00f3n:<\/strong> Las botellas est\u00e1n construidas con vidrio marr\u00f3n, que es un bloque de luz eficaz, por lo que mantiene intacta la calidad de los l\u00edquidos como salsas y bebidas y, al mismo tiempo, les proporciona un aspecto retro.<\/li>\n<li><strong>Dise\u00f1o del mango:<\/strong> Las botellas tienen asas incorporadas para facilitar el agarre y el transporte, lo que aumenta la comodidad y, al mismo tiempo, se vuelven adecuadas tanto para el hogar como para el uso al aire libre.<\/li>\n<li><strong>Dise\u00f1o de sellado a presi\u00f3n:<\/strong> Estas botellas utilizan un tap\u00f3n a presi\u00f3n de metal rojo y blanco que les proporciona el mejor rendimiento de sellado, por lo que el contenido se puede mantener fresco durante un largo per\u00edodo y tambi\u00e9n se facilita la apertura y el cierre de las botellas.<\/li>\n<\/ul>\n<h2 style=\"text-align: left;\">Especificaciones clave<\/h2>\n<table class=\"aligncenter\" style=\"border-collapse: collapse; width: 513.77pt;\" border=\"0\" width=\"685\" cellspacing=\"0\" cellpadding=\"0\">\n<tbody>\n<tr style=\"height: 13.50pt;\">\n<td style=\"height: 13.50pt; width: 105.75pt;\" width=\"141\" height=\"18\">Especificaci\u00f3n<\/td>\n<td style=\"width: 408.00pt;\" width=\"544\">Detalles<\/td>\n<\/tr>\n<tr style=\"height: 13.50pt;\">\n<td style=\"height: 13.50pt;\" height=\"18\">Dimensiones<\/td>\n<td>1000 ml (32 oz): 7,5 cm \u00d7 24 cm\/2000 ml (64 oz): 9,5 cm \u00d7 26 cm<\/td>\n<\/tr>\n<tr style=\"height: 13.50pt;\">\n<td style=\"height: 13.50pt;\" height=\"18\">Material<\/td>\n<td>Vidrio marr\u00f3n de paredes gruesas (protecci\u00f3n UV)<\/td>\n<\/tr>\n<tr style=\"height: 13.50pt;\">\n<td style=\"height: 13.50pt;\" height=\"18\">Manejar<\/td>\n<td>Mango ergon\u00f3mico integrado en ambos tama\u00f1os.<\/td>\n<\/tr>\n<tr style=\"height: 13.50pt;\">\n<td style=\"height: 13.50pt;\" height=\"18\">Tipo de cierre<\/td>\n<td>Tapas oscilantes de acero inoxidable con tap\u00f3n rojo\/blanco<\/td>\n<\/tr>\n<tr style=\"height: 13.50pt;\">\n<td style=\"height: 13.50pt;\" height=\"18\">Opciones de juntas<\/td>\n<td>Caucho est\u00e1ndar o actualizaci\u00f3n a silicona resistente al \u00e1cido y al calor.<\/td>\n<\/tr>\n<tr style=\"height: 13.50pt;\">\n<td style=\"height: 13.50pt;\" height=\"18\">Ideal para<\/td>\n<td>Botellas con tapa abatible, venta al por mayor de botellas con tapa abatible<\/td>\n<\/tr>\n<\/tbody>\n<\/table>\n<h2>Historia de \u00e9xito<\/h2>\n<p>Una de las dificultades que tuvo un fabricante de refrescos artesanales naturales fue que vend\u00eda sus productos en botellas de vidrio transparente con tapa de rosca, pero comenzaron a recibir quejas de los clientes de que la iluminaci\u00f3n en las tiendas afectaba el sabor de las bebidas. Tomaron la decisi\u00f3n de cambiar a nuestras botellas de vidrio marr\u00f3n de 1 litro con tapa de rosca y asas. El vidrio marr\u00f3n corta el 99.2% de los da\u00f1inos rayos UV, por lo que la vida \u00fatil del producto se prolonga 60 d\u00edas. El asa incorporada result\u00f3 en una reducci\u00f3n del 45% en las quejas de los clientes por derrames, mientras que el sello herm\u00e9tico asegur\u00f3 que no hubiera fugas durante el transporte. Como resultado de esto, la compa\u00f1\u00eda decidi\u00f3 realizar un segundo pedido de 350,000 botellas para reemplazar toda su l\u00ednea de productos de alta gama con este tipo de botella.<\/p>\n<h2>Sugerencias de personalizaci\u00f3n de botellas con tapa abatible<\/h2>\n<p>Utilice las siguientes opciones de personalizaci\u00f3n para personalizar estas botellas con tapa de rosca repletas de funciones:<\/p>\n<ul>\n<li><strong>Textura del mango:<\/strong> Puedes colocarle un acabado esmerilado o texturizado al mango para garantizar un agarre m\u00e1s seguro sin riesgo de que el mango se resbale.<\/li>\n<li><strong>Serigraf\u00eda del cuerpo de la botella:<\/strong> Obtenga m\u00e1s exposici\u00f3n de marca imprimiendo logotipos y dise\u00f1os de marca coloridos y duraderos en la botella de vidrio marr\u00f3n.<\/li>\n<li><strong>Anillo de sellado a juego:<\/strong> Desarrolle un elegante detalle personalizado seleccionando el anillo de sellado de silicona que coincida con el color de su marca para lograr una apariencia coherente.<\/li>\n<\/ul>","protected":false},"excerpt":{"rendered":"<p>Botellas de vidrio marr\u00f3n con tapa abatible, asas ergon\u00f3micas y cierres met\u00e1licos. Ideales para clientes mayoristas de bebidas y botellas con tapa abatible. Muestras gratuitas.<\/p>","protected":false},"featured_media":3402,"template":"","meta":{"postBodyCss":"","postBodyMargin":[],"postBodyPadding":[],"postBodyBackground":{"backgroundType":"classic","gradient":""}},"product_brand":[],"product_cat":[15,16,56],"product_tag":[79],"class_list":{"0":"post-3384","1":"product","2":"type-product","3":"status-publish","4":"has-post-thumbnail","6":"product_cat-glass-containers","7":"product_cat-glass-bottles","8":"product_cat-flip-top-bottles","9":"product_tag-beer-bottles","11":"first","12":"instock","13":"shipping-taxable","14":"product-type-simple"},"jetpack_sharing_enabled":true,"_links":{"self":[{"href":"https:\/\/minghanggroup.com\/es\/wp-json\/wp\/v2\/product\/3384","targetHints":{"allow":["GET"]}}],"collection":[{"href":"https:\/\/minghanggroup.com\/es\/wp-json\/wp\/v2\/product"}],"about":[{"href":"https:\/\/minghanggroup.com\/es\/wp-json\/wp\/v2\/types\/product"}],"wp:featuredmedia":[{"embeddable":true,"href":"https:\/\/minghanggroup.com\/es\/wp-json\/wp\/v2\/media\/3402"}],"wp:attachment":[{"href":"https:\/\/minghanggroup.com\/es\/wp-json\/wp\/v2\/media?parent=3384"}],"wp:term":[{"taxonomy":"product_brand","embeddable":true,"href":"https:\/\/minghanggroup.com\/es\/wp-json\/wp\/v2\/product_brand?post=3384"},{"taxonomy":"product_cat","embeddable":true,"href":"https:\/\/minghanggroup.com\/es\/wp-json\/wp\/v2\/product_cat?post=3384"},{"taxonomy":"product_tag","embeddable":true,"href":"https:\/\/minghanggroup.com\/es\/wp-json\/wp\/v2\/product_tag?post=3384"}],"curies":[{"name":"wp","href":"https:\/\/api.w.org\/{rel}","templated":true}]}}