{"id":3356,"date":"2025-11-19T11:48:50","date_gmt":"2025-11-19T03:48:50","guid":{"rendered":"https:\/\/minghanggroup.com\/?post_type=product&#038;p=3356"},"modified":"2026-01-20T13:59:17","modified_gmt":"2026-01-20T05:59:17","slug":"glass-jars-for-pickle-with-lid-wholesale","status":"publish","type":"product","link":"https:\/\/minghanggroup.com\/es\/producto\/glass-jars-for-pickle-with-lid-wholesale\/","title":{"rendered":"Frascos de vidrio cuadrados con tapa para encurtidos de 50 ml a 150 ml (venta al por mayor)"},"content":{"rendered":"<p>Deja de gastar dinero en envases aburridos que hacen que tu marca parezca barata. Fabricamos frascos de vidrio cuadrados de primera calidad para encurtidos que transforman tu almacenamiento de alimentos en una soluci\u00f3n elegante y funcional, a la vez que mantienen tus verduras encurtidas frescas. No son simples recipientes, son la nueva arma secreta de tu marca para el envasado de alimentos.<\/p>\n<h2>Caracter\u00edsticas del producto<\/h2>\n<ol>\n<li><strong>Dise\u00f1o cuadrado:<\/strong>Los encurtidos en nuestros frascos cuadrados de vidrio permiten apilarlos con estabilidad y lograr una presencia atractiva en el anaquel. Su estructura de cuatro lados los hace ideales no solo para exhibiciones en tiendas, sino tambi\u00e9n pr\u00e1cticos para almacenar en la cocina o almac\u00e9n, con excelente compatibilidad con diferentes soluciones de empaque.<\/li>\n<li><strong>Claridad cristalina:<\/strong>Con el vidrio transparente, expones los vibrantes colores de tus verduras encurtidas a los clientes en un frasco vac\u00edo. Esta visibilidad permite que los clientes sepan exactamente lo que compran, lo que a su vez aumenta las ventas, especialmente de pepinillos en vinagre y pepino en salmuera.<\/li>\n<li><strong>Sello seguro:<\/strong>La tapa met\u00e1lica con cierre herm\u00e9tico conserva el sabor y la frescura de sus encurtidos y conservas. El acabado de rosca continua y el sello revestido con plastisol garantizan un ajuste perfecto, por lo que estos frascos son la mejor opci\u00f3n para conservar encurtidos, pepinos y otras verduras durante el proceso de fermentaci\u00f3n.<\/li>\n<li><strong>Tama\u00f1os vers\u00e1tiles:<\/strong>Diversas capacidades (50 ml-150 ml) se adaptan a todas sus necesidades de encurtido, ya sean muestras peque\u00f1as o grandes pedidos al por mayor. Estos frascos econ\u00f3micos son justo lo que su negocio mayorista necesita para ofrecer diferentes tama\u00f1os que satisfagan las necesidades de los clientes y sean reutilizables para quienes deseen reutilizar sus envases.<\/li>\n<\/ol>\n<h2>Especificaciones clave<\/h2>\n<table style=\"border-collapse: collapse; width: 80%; margin-left: auto; margin-right: auto;\" border=\"0\" width=\"216\" cellspacing=\"0\" cellpadding=\"0\">\n<tbody>\n<tr style=\"height: 13.50pt;\">\n<td style=\"height: 13.5pt; width: 54pt; text-align: center;\" width=\"72\" height=\"18\">Capacidad (ml)<\/td>\n<td style=\"width: 54pt; text-align: center;\" width=\"72\">Tama\u00f1o (cm)<\/td>\n<td style=\"width: 54pt; text-align: center;\" width=\"72\">Opciones de color<\/td>\n<\/tr>\n<tr style=\"height: 13.50pt;\">\n<td style=\"height: 13.5pt; text-align: center;\" height=\"18\">50<\/td>\n<td style=\"text-align: center;\">4.5 * 5.6<\/td>\n<td class=\"et2\" style=\"text-align: center;\" rowspan=\"4\">Transparente, personalizado<\/td>\n<\/tr>\n<tr style=\"height: 13.50pt;\">\n<td style=\"height: 13.5pt; text-align: center;\" height=\"18\">80<\/td>\n<td style=\"text-align: center;\">5.0 * 5.5<\/td>\n<\/tr>\n<tr style=\"height: 13.50pt;\">\n<td style=\"height: 13.5pt; text-align: center;\" height=\"18\">100<\/td>\n<td style=\"text-align: center;\">5.4 * 7.5<\/td>\n<\/tr>\n<tr style=\"height: 13.50pt;\">\n<td style=\"height: 13.5pt; text-align: center;\" height=\"18\">150<\/td>\n<td style=\"text-align: center;\">5.7 * 7.6<\/td>\n<\/tr>\n<\/tbody>\n<\/table>\n<h2>Caso de \u00e9xito<\/h2>\n<p>Cuando una marca de alimentaci\u00f3n especializada en encurtidos decidi\u00f3 expandir su negocio de comercio electr\u00f3nico, eligi\u00f3 nuestro frasco cuadrado vac\u00edo para encurtidos. Para que el llenado en caliente fuera m\u00e1s uniforme, instalamos una junta herm\u00e9tica en su tapa met\u00e1lica.<\/p>\n<p>Gracias al cambio de embalaje, el almac\u00e9n ahora puede apilar m\u00e1s estructuras cuadradas y, por lo tanto, los costos log\u00edsticos totales se han reducido en aproximadamente un 15%; y las ventas de la nueva l\u00ednea de productos han aumentado un 27% tres meses despu\u00e9s de su lanzamiento.<\/p>\n<h2>Tus consejos de personalizaci\u00f3n<\/h2>\n<p>Este tarro cuadrado de vidrio para encurtidos ofrece una amplia gama de posibilidades de personalizaci\u00f3n. Se puede cambiar f\u00e1cilmente el color del tap\u00f3n a negro, plateado u otro metal de una serie exclusiva; el cuerpo de la botella puede someterse a serigraf\u00eda, horneado, estampado en caliente u optimizaci\u00f3n del \u00e1rea de la etiqueta para que la comunicaci\u00f3n de la marca sea m\u00e1s atractiva para el consumidor; el envase de vidrio puede incluso ser esmerilado, grabado en relieve o ultratransparente, y el logotipo o n\u00famero de lote se puede leer mediante el grabado en relieve en la base de la botella para garantizar la trazabilidad de la marca.<\/p>","protected":false},"excerpt":{"rendered":"<p>Frascos de vidrio vers\u00e1tiles para encurtidos y opciones de frascos de encurtidos vac\u00edos, ofrecidos con suministro directo de f\u00e1brica, personalizaci\u00f3n a granel y calidad confiable para productores de alimentos.<\/p>","protected":false},"featured_media":3357,"template":"","meta":{"postBodyCss":"","postBodyMargin":[],"postBodyPadding":[],"postBodyBackground":{"backgroundType":"classic","gradient":""}},"product_brand":[],"product_cat":[15,17,55],"product_tag":[65,71],"class_list":{"0":"post-3356","1":"product","2":"type-product","3":"status-publish","4":"has-post-thumbnail","6":"product_cat-glass-containers","7":"product_cat-glass-jars","8":"product_cat-pickle-jars","9":"product_tag-glass-jam-jars","10":"product_tag-honey-jars","12":"first","13":"instock","14":"shipping-taxable","15":"product-type-simple"},"jetpack_sharing_enabled":true,"_links":{"self":[{"href":"https:\/\/minghanggroup.com\/es\/wp-json\/wp\/v2\/product\/3356","targetHints":{"allow":["GET"]}}],"collection":[{"href":"https:\/\/minghanggroup.com\/es\/wp-json\/wp\/v2\/product"}],"about":[{"href":"https:\/\/minghanggroup.com\/es\/wp-json\/wp\/v2\/types\/product"}],"wp:featuredmedia":[{"embeddable":true,"href":"https:\/\/minghanggroup.com\/es\/wp-json\/wp\/v2\/media\/3357"}],"wp:attachment":[{"href":"https:\/\/minghanggroup.com\/es\/wp-json\/wp\/v2\/media?parent=3356"}],"wp:term":[{"taxonomy":"product_brand","embeddable":true,"href":"https:\/\/minghanggroup.com\/es\/wp-json\/wp\/v2\/product_brand?post=3356"},{"taxonomy":"product_cat","embeddable":true,"href":"https:\/\/minghanggroup.com\/es\/wp-json\/wp\/v2\/product_cat?post=3356"},{"taxonomy":"product_tag","embeddable":true,"href":"https:\/\/minghanggroup.com\/es\/wp-json\/wp\/v2\/product_tag?post=3356"}],"curies":[{"name":"wp","href":"https:\/\/api.w.org\/{rel}","templated":true}]}}