{"id":3334,"date":"2025-11-18T15:44:37","date_gmt":"2025-11-18T07:44:37","guid":{"rendered":"https:\/\/minghanggroup.com\/?post_type=product&#038;p=3334"},"modified":"2026-01-20T13:59:25","modified_gmt":"2026-01-20T05:59:25","slug":"customizable-pickling-jar-bulk","status":"publish","type":"product","link":"https:\/\/minghanggroup.com\/es\/producto\/customizable-pickling-jar-bulk\/","title":{"rendered":"Tarro de cristal personalizable para encurtidos a granel de 220 ml, 250 ml y 280 ml"},"content":{"rendered":"<p>Deja de gastar tu dinero en envases aburridos que hacen que tu marca parezca barata. Fabricamos frascos para encurtidos de primera calidad que no solo convierten tu almacenamiento de alimentos en una opci\u00f3n moderna y pr\u00e1ctica, sino que tambi\u00e9n mantienen tus verduras encurtidas frescas. No son solo frascos para encurtidos, son la nueva arma secreta de tu marca en el envasado de alimentos.<\/p>\n<h2>Caracter\u00edsticas del producto<\/h2>\n<p><strong>Cuello de botella redondeado<\/strong><\/p>\n<p>El pulido se realiz\u00f3 a la perfecci\u00f3n, el m\u00e1stil est\u00e1 liso y libre de rebabas, afilado y limpio, y la sensaci\u00f3n es c\u00f3moda.<\/p>\n<p><strong>Fondo engrosado<\/strong><\/p>\n<p>La parte inferior est\u00e1 cubierta con un patr\u00f3n texturizado antideslizante, por lo tanto, es resistente al desgaste, duradera y tiene menos probabilidades de caerse.<\/p>\n<p><strong>Dise\u00f1o de boca ancha<\/strong><\/p>\n<p>Simplemente envuelve con las manos los pepinos, el eneldo o cualquier otro ingrediente encurtido. Ideal para usar con frascos de vidrio de boca ancha para verduras encurtidas.<\/p>\n<h2>Especificaciones clave<\/h2>\n<table style=\"border-collapse: collapse; width: 80%; margin-left: auto; margin-right: auto;\" border=\"0\" width=\"216\" cellspacing=\"0\" cellpadding=\"0\">\n<tbody>\n<tr style=\"height: 13.50pt;\">\n<td style=\"height: 13.5pt; width: 54pt; text-align: center;\" width=\"72\" height=\"18\">Capacidad (ml)<\/td>\n<td style=\"width: 54pt; text-align: center;\" width=\"72\">Tama\u00f1o (cm)<\/td>\n<td style=\"width: 54pt; text-align: center;\" width=\"72\">Opciones personalizadas<\/td>\n<\/tr>\n<tr style=\"height: 13.50pt;\">\n<td style=\"height: 13.5pt; text-align: center;\" align=\"right\" height=\"18\">220<\/td>\n<td style=\"text-align: center;\">6,2 x 11,3<\/td>\n<td class=\"et2\" style=\"text-align: center;\" rowspan=\"3\">Tapas, color, etiqueta, logotipo.<\/td>\n<\/tr>\n<tr style=\"height: 13.50pt;\">\n<td style=\"height: 13.5pt; text-align: center;\" align=\"right\" height=\"18\">250<\/td>\n<td style=\"text-align: center;\">6,5 x 12,7<\/td>\n<\/tr>\n<tr style=\"height: 13.50pt;\">\n<td style=\"height: 13.5pt; text-align: center;\" align=\"right\" height=\"18\">280<\/td>\n<td style=\"text-align: center;\">6,5 x 13,5<\/td>\n<\/tr>\n<\/tbody>\n<\/table>\n<h2>Caso de \u00e9xito<\/h2>\n<p>Heritage Valley Foods est\u00e1 aprovechando al m\u00e1ximo nuestros frascos de vidrio para encurtidos. El vidrio resistente y transparente, junto con las tapas de sellado rojas mejoradas, no solo realzan sus encurtidos, sino que tambi\u00e9n les dan un aspecto m\u00e1s moderno y fresco, haciendo que el producto sea muy atractivo a primera vista. La textura \u00fanica en relieve y los bordes regulares de los frascos hacen que su marca se distinga f\u00e1cilmente de otras marcas en los estantes de las tiendas. Su facturaci\u00f3n se ha disparado un 32 % en tan solo un trimestre.<\/p>\n<h2>Consejos para personalizar tu tarro de encurtidos<\/h2>\n<p>Es posible personalizar su termo mediante serigraf\u00eda, esmalte horneado o etiquetas resistentes a altas temperaturas, de modo que el logotipo o dise\u00f1o se convierta en una parte sencilla del envase; las tapas de los frascos de verduras encurtidas pueden ser de pintura met\u00e1lica, mate, galvanizadas o de pl\u00e1stico de color personalizado, y se puede instalar un anillo antirrobo o una junta de sellado para mejorar el cierre; Adem\u00e1s de esto, somos capaces de ofrecer soluciones de embalaje completas, como cajas navide\u00f1as, etiquetas de manga, pel\u00edculas de sellado, etc., para satisfacer los requisitos de los canales en l\u00ednea y de tiendas de comestibles.<\/p>","protected":false},"excerpt":{"rendered":"<p>Ofrecemos frascos para encurtidos. Venta directa de f\u00e1brica. Estos frascos para encurtidos se pueden personalizar con tapas, tama\u00f1os y marca.<\/p>","protected":false},"featured_media":3335,"template":"","meta":{"postBodyCss":"","postBodyMargin":[],"postBodyPadding":[],"postBodyBackground":{"backgroundType":"classic","gradient":""}},"product_brand":[],"product_cat":[15,17,55],"product_tag":[65,71],"class_list":{"0":"post-3334","1":"product","2":"type-product","3":"status-publish","4":"has-post-thumbnail","6":"product_cat-glass-containers","7":"product_cat-glass-jars","8":"product_cat-pickle-jars","9":"product_tag-glass-jam-jars","10":"product_tag-honey-jars","12":"first","13":"instock","14":"shipping-taxable","15":"product-type-simple"},"jetpack_sharing_enabled":true,"_links":{"self":[{"href":"https:\/\/minghanggroup.com\/es\/wp-json\/wp\/v2\/product\/3334","targetHints":{"allow":["GET"]}}],"collection":[{"href":"https:\/\/minghanggroup.com\/es\/wp-json\/wp\/v2\/product"}],"about":[{"href":"https:\/\/minghanggroup.com\/es\/wp-json\/wp\/v2\/types\/product"}],"wp:featuredmedia":[{"embeddable":true,"href":"https:\/\/minghanggroup.com\/es\/wp-json\/wp\/v2\/media\/3335"}],"wp:attachment":[{"href":"https:\/\/minghanggroup.com\/es\/wp-json\/wp\/v2\/media?parent=3334"}],"wp:term":[{"taxonomy":"product_brand","embeddable":true,"href":"https:\/\/minghanggroup.com\/es\/wp-json\/wp\/v2\/product_brand?post=3334"},{"taxonomy":"product_cat","embeddable":true,"href":"https:\/\/minghanggroup.com\/es\/wp-json\/wp\/v2\/product_cat?post=3334"},{"taxonomy":"product_tag","embeddable":true,"href":"https:\/\/minghanggroup.com\/es\/wp-json\/wp\/v2\/product_tag?post=3334"}],"curies":[{"name":"wp","href":"https:\/\/api.w.org\/{rel}","templated":true}]}}