{"id":3320,"date":"2025-11-18T13:04:23","date_gmt":"2025-11-18T05:04:23","guid":{"rendered":"https:\/\/minghanggroup.com\/?post_type=product&#038;p=3320"},"modified":"2025-11-18T13:04:23","modified_gmt":"2025-11-18T05:04:23","slug":"bulk-glass-pickling-containers-for-packaging","status":"publish","type":"product","link":"https:\/\/minghanggroup.com\/es\/producto\/bulk-glass-pickling-containers-for-packaging\/","title":{"rendered":"Contenedores de vidrio para decapado a granel para envasado de 350 ml, 480 ml y 730 ml"},"content":{"rendered":"<p>No permita que el almacenamiento de alimentos rancios haga que su marca pierda el encanto. Fabricamos recipientes para encurtidos de alta calidad que no solo convierten su envasado en una soluci\u00f3n moderna y pr\u00e1ctica, sino que tambi\u00e9n mantienen sus alimentos encurtidos frescos. Estos no son simples frascos: son la nueva arma secreta de su marca para el almacenamiento y envasado de alimentos.<\/p>\n<h2>Caracter\u00edsticas del producto<\/h2>\n<ul>\n<li><strong>Dise\u00f1o de boca ancha:<\/strong>Perfecto para encurtir y retirar pepinos enteros, verduras enteras o trozos grandes de comida.<\/li>\n<li><strong>Gran sellado:<\/strong>El tap\u00f3n de rosca con tapa met\u00e1lica interior es la mejor manera de garantizar que la frescura y el sabor de los alimentos encurtidos y enlatados se conserven durante mucho tiempo. Su dise\u00f1o herm\u00e9tico permite conservar la salmuera en \u00f3ptimas condiciones.<\/li>\n<li><strong>Alternativas de gran capacidad:<\/strong>Los frascos de vidrio para encurtidos de gran capacidad de 350 a 730 ml son la mejor manera de reducir la reposici\u00f3n frecuente de frascos peque\u00f1os.<\/li>\n<\/ul>\n<h2>Especificaciones clave<\/h2>\n<table style=\"border-collapse: collapse; width: 80%; margin-left: auto; margin-right: auto;\" border=\"0\" width=\"216\" cellspacing=\"0\" cellpadding=\"0\">\n<tbody>\n<tr style=\"height: 13.50pt;\">\n<td class=\"et2\" style=\"height: 13.5pt; width: 54pt; text-align: center;\" width=\"72\" height=\"18\">Capacidad (ml)<\/td>\n<td style=\"width: 54pt; text-align: center;\" width=\"72\">Tama\u00f1o (cm)<\/td>\n<td style=\"width: 54pt; text-align: center;\" width=\"72\">Tipo de sello<\/td>\n<\/tr>\n<tr style=\"height: 13.50pt;\">\n<td style=\"height: 13.5pt; text-align: center;\" align=\"right\" height=\"18\">350<\/td>\n<td style=\"text-align: center;\">8.5 *8.1 * 11.0<\/td>\n<td class=\"et2\" style=\"text-align: center;\" rowspan=\"3\">Metal o pl\u00e1stico<\/td>\n<\/tr>\n<tr style=\"height: 13.50pt;\">\n<td style=\"height: 13.5pt; text-align: center;\" align=\"right\" height=\"18\">480<\/td>\n<td style=\"text-align: center;\">9.2 * 8.9 * 12.2<\/td>\n<\/tr>\n<tr style=\"height: 13.50pt;\">\n<td style=\"height: 13.5pt; text-align: center;\" align=\"right\" height=\"18\">730<\/td>\n<td style=\"text-align: center;\">9.5 * 14.5<\/td>\n<\/tr>\n<\/tbody>\n<\/table>\n<h2>Caso de \u00e9xito<\/h2>\n<p>La f\u00e1brica de encurtidos de Texas, EE. UU., realiz\u00f3 un pedido especial de frascos de encurtido de vidrio engrosado personalizados con una boca ancha y una tapa de sellado de alta resistencia adecuada para el transporte de larga distancia, adaptados a todas sus necesidades de encurtido de pepinos.<\/p>\n<p>Gracias a los nuevos frascos de gran capacidad para encurtidos, la eficiencia de llenado aument\u00f3 un 22 % y se redujo la tasa de roturas durante el transporte. El volumen de compras recurrentes de los clientes del sector de catering casi se duplic\u00f3 en tres meses.<\/p>\n<h2>Consejos para personalizar contenedores de encurtidos<\/h2>\n<p>En el caso de seleccionar recipientes para encurtidos de gran volumen, se puede variar el grosor del vidrio y el material de la tapa de sellado en funci\u00f3n de la acidez y el contenido de s\u00f3lidos del producto. Adem\u00e1s, al adaptar el tama\u00f1o de boca ancha, se puede aumentar la eficiencia de llenado de grandes piezas de alimentos. Simult\u00e1neamente, para que el recipiente sea m\u00e1s llamativo en la exhibici\u00f3n, se pueden agregar etiquetas resistentes al aceite y al \u00e1cido o al relieve de la marca. En caso de numerosos env\u00edos de exportaci\u00f3n, tambi\u00e9n se pueden utilizar cajas exteriores y embalajes paletizados para garantizar la seguridad y la estabilidad de todo el lote de mercanc\u00edas en la cadena log\u00edstica.<\/p>","protected":false},"excerpt":{"rendered":"<p>Recipientes para encurtidos de salsas y verduras. Nuestros frascos de vidrio para encurtidos ofrecen un excelente sellado, admiten etiquetas personalizadas y se env\u00edan directamente desde f\u00e1brica.<\/p>","protected":false},"featured_media":3321,"template":"","meta":{"postBodyCss":"","postBodyMargin":[],"postBodyPadding":[],"postBodyBackground":{"backgroundType":"classic","gradient":""}},"product_brand":[],"product_cat":[15,17,55],"product_tag":[],"class_list":{"0":"post-3320","1":"product","2":"type-product","3":"status-publish","4":"has-post-thumbnail","6":"product_cat-glass-containers","7":"product_cat-glass-jars","8":"product_cat-pickle-jars","10":"first","11":"instock","12":"shipping-taxable","13":"product-type-simple"},"jetpack_sharing_enabled":true,"_links":{"self":[{"href":"https:\/\/minghanggroup.com\/es\/wp-json\/wp\/v2\/product\/3320","targetHints":{"allow":["GET"]}}],"collection":[{"href":"https:\/\/minghanggroup.com\/es\/wp-json\/wp\/v2\/product"}],"about":[{"href":"https:\/\/minghanggroup.com\/es\/wp-json\/wp\/v2\/types\/product"}],"wp:featuredmedia":[{"embeddable":true,"href":"https:\/\/minghanggroup.com\/es\/wp-json\/wp\/v2\/media\/3321"}],"wp:attachment":[{"href":"https:\/\/minghanggroup.com\/es\/wp-json\/wp\/v2\/media?parent=3320"}],"wp:term":[{"taxonomy":"product_brand","embeddable":true,"href":"https:\/\/minghanggroup.com\/es\/wp-json\/wp\/v2\/product_brand?post=3320"},{"taxonomy":"product_cat","embeddable":true,"href":"https:\/\/minghanggroup.com\/es\/wp-json\/wp\/v2\/product_cat?post=3320"},{"taxonomy":"product_tag","embeddable":true,"href":"https:\/\/minghanggroup.com\/es\/wp-json\/wp\/v2\/product_tag?post=3320"}],"curies":[{"name":"wp","href":"https:\/\/api.w.org\/{rel}","templated":true}]}}