{"id":3257,"date":"2025-11-17T16:29:55","date_gmt":"2025-11-17T08:29:55","guid":{"rendered":"https:\/\/minghanggroup.com\/?post_type=product&#038;p=3257"},"modified":"2025-11-18T10:58:25","modified_gmt":"2025-11-18T02:58:25","slug":"custom-pickle-container-pickles-jar-wholesale","status":"publish","type":"product","link":"https:\/\/minghanggroup.com\/es\/producto\/custom-pickle-container-pickles-jar-wholesale\/","title":{"rendered":"Envases de vidrio personalizados para encurtidos de 125 ml a 280 ml al por mayor"},"content":{"rendered":"<p>Olv\u00eddate de los aburridos envases de alimentos que arruinan el atractivo de tu marca. Creamos envases premium para encurtidos que transforman tus envases en una soluci\u00f3n elegante y funcional, a la vez que mantienen tus encurtidos frescos. No son simples frascos: son la nueva arma secreta de tu marca para el almacenamiento y envasado de alimentos.<\/p>\n<h2>Caracter\u00edsticas del producto<\/h2>\n<ol>\n<li><strong>Cristal\u200b\u200d\u200b\u200c\u200d\u200b\u200d\u200c\u200b\u200d\u200b\u200c\u200d\u200b\u200d\u200c Claridad:<\/strong>Con la ayuda del vidrio s\u00faper transparente, los colores brillantes de sus frutas y verduras encurtidas se destacan inmediatamente en su recipiente para encurtidos.<\/li>\n<li><strong>Sello herm\u00e9tico:<\/strong>Para conservar la frescura y el sabor de sus encurtidos y conservas, se utiliza una tapa met\u00e1lica con rosca continua. El sello herm\u00e9tico mantiene la salmuera fresca.<\/li>\n<li><strong>Capacidad vers\u00e1til:<\/strong>Los diferentes tama\u00f1os (125 ml-280 ml) son suficientes para satisfacer sus necesidades de encurtido, ya sea un lote peque\u00f1o o uno grande para su negocio de alimentaci\u00f3n. Los pedidos al por mayor de estos frascos son excelentes.<\/li>\n<\/ol>\n<h2>Especificaciones clave<\/h2>\n<table style=\"border-collapse: collapse; width: 80%; margin-left: auto; margin-right: auto;\" border=\"0\" width=\"288\" cellspacing=\"0\" cellpadding=\"0\">\n<tbody>\n<tr style=\"height: 13.50pt;\">\n<td style=\"height: 13.5pt; width: 54pt; text-align: center;\" width=\"72\" height=\"18\">Capacidad (ml)<\/td>\n<td style=\"width: 54pt; text-align: center;\" width=\"72\">Tama\u00f1o (cm)<\/td>\n<td style=\"width: 54pt; text-align: center;\" width=\"72\">Opciones personalizadas<\/td>\n<\/tr>\n<tr style=\"height: 13.50pt;\">\n<td style=\"height: 13.5pt; text-align: center;\" height=\"18\">125 ml<\/td>\n<td style=\"text-align: center;\">7.5 * 7.3 * 5.5<\/td>\n<td class=\"et2\" style=\"text-align: center;\" rowspan=\"3\">Tama\u00f1o, logotipo, etiqueta, color\u2026<\/td>\n<\/tr>\n<tr style=\"height: 13.50pt;\">\n<td style=\"height: 13.5pt; text-align: center;\" height=\"18\">180 ml<\/td>\n<td style=\"text-align: center;\">8.0 * 7.7 * 7.0<\/td>\n<\/tr>\n<tr style=\"height: 13.50pt;\">\n<td style=\"height: 13.5pt; text-align: center;\" height=\"18\">280 ml<\/td>\n<td style=\"text-align: center;\">8.2 * 7.9 * 9.5<\/td>\n<\/tr>\n<\/tbody>\n<\/table>\n<h2>Caso de \u00e9xito<\/h2>\n<p>Una marca canadiense de alimentos fermentados especializados nos contact\u00f3 para personalizar un frasco redondo para encurtidos con una tapa de metal dorado resistente a la corrosi\u00f3n, un revestimiento de sellado a prueba de fugas y paredes de vidrio engrosado para aumentar la resistencia a la presi\u00f3n durante la fermentaci\u00f3n.<\/p>\n<p>Despu\u00e9s del cambio de empaque, la tasa de recompra de la marca aument\u00f3 un 28% y las rese\u00f1as de los productos tambi\u00e9n mejoraron mucho.<\/p>\n<h2>Consejos para personalizar el contenedor de pepinillos<\/h2>\n<p>Este recipiente de vidrio para encurtidos est\u00e1 fabricado con un cuerpo de vidrio engrosado que no solo se siente agradable al tacto, sino que tambi\u00e9n es resistente a la presi\u00f3n. El usuario puede seleccionar una tapa met\u00e1lica de su elecci\u00f3n entre opciones como oro, negro galvanizado o hojalata natural. Adem\u00e1s, se puede insertar una junta de silicona dentro de la tapa para un mejor sellado. El frasco de encurtidos se puede decorar con un esmalte esmerilado o transparente o incluso con un ligero relieve para darle a la marca un aspecto m\u00e1s exclusivo. Las \u00e1reas brillantes se pueden cambiar para adaptarse a la etiqueta del cliente, lo que garantiza una aplicaci\u00f3n suave y uniforme. En cualquier caso, ya sean pepinos encurtidos, kimchi o verduras fermentadas caseras, este frasco de vidrio personalizado es una imagen de marca m\u00e1s profesional y sofisticada.<\/p>","protected":false},"excerpt":{"rendered":"<p>Recipiente de vidrio duradero para encurtidos de kimchi y alimentos fermentados, un frasco de encurtidos vers\u00e1til ideal para suministro a granel, tapas personalizadas, marcas y pedidos directos de f\u00e1brica.<\/p>","protected":false},"featured_media":3258,"template":"","meta":{"postBodyCss":"","postBodyMargin":[],"postBodyPadding":[],"postBodyBackground":{"backgroundType":"classic","gradient":""}},"product_brand":[],"product_cat":[15,17,55],"product_tag":[],"class_list":{"0":"post-3257","1":"product","2":"type-product","3":"status-publish","4":"has-post-thumbnail","6":"product_cat-glass-containers","7":"product_cat-glass-jars","8":"product_cat-pickle-jars","10":"first","11":"instock","12":"shipping-taxable","13":"product-type-simple"},"jetpack_sharing_enabled":true,"_links":{"self":[{"href":"https:\/\/minghanggroup.com\/es\/wp-json\/wp\/v2\/product\/3257","targetHints":{"allow":["GET"]}}],"collection":[{"href":"https:\/\/minghanggroup.com\/es\/wp-json\/wp\/v2\/product"}],"about":[{"href":"https:\/\/minghanggroup.com\/es\/wp-json\/wp\/v2\/types\/product"}],"wp:featuredmedia":[{"embeddable":true,"href":"https:\/\/minghanggroup.com\/es\/wp-json\/wp\/v2\/media\/3258"}],"wp:attachment":[{"href":"https:\/\/minghanggroup.com\/es\/wp-json\/wp\/v2\/media?parent=3257"}],"wp:term":[{"taxonomy":"product_brand","embeddable":true,"href":"https:\/\/minghanggroup.com\/es\/wp-json\/wp\/v2\/product_brand?post=3257"},{"taxonomy":"product_cat","embeddable":true,"href":"https:\/\/minghanggroup.com\/es\/wp-json\/wp\/v2\/product_cat?post=3257"},{"taxonomy":"product_tag","embeddable":true,"href":"https:\/\/minghanggroup.com\/es\/wp-json\/wp\/v2\/product_tag?post=3257"}],"curies":[{"name":"wp","href":"https:\/\/api.w.org\/{rel}","templated":true}]}}