{"id":3252,"date":"2025-11-17T15:02:18","date_gmt":"2025-11-17T07:02:18","guid":{"rendered":"https:\/\/minghanggroup.com\/?post_type=product&#038;p=3252"},"modified":"2026-01-20T13:59:46","modified_gmt":"2026-01-20T05:59:46","slug":"large-pickle-jar-wholesale-the-pickle-jar","status":"publish","type":"product","link":"https:\/\/minghanggroup.com\/es\/producto\/large-pickle-jar-wholesale-the-pickle-jar\/","title":{"rendered":"Frasco grande para encurtidos de 25 oz a 50 oz, venta al por mayor para necesidades de encurtidos"},"content":{"rendered":"<p>Olv\u00eddate de los problemas con el almacenamiento desordenado que arruina la frescura de tus alimentos. Fabricamos frascos grandes de pepinillos de primera calidad que transforman tus encurtidos y conservas en un proceso elegante y eficiente, a la vez que conservan el sabor. No son solo recipientes, son la nueva arma secreta de tu marca para el envasado de alimentos.<\/p>\n<h2>Caracter\u00edsticas del producto<\/h2>\n<ol>\n<li><strong>Dise\u00f1o de boca ancha:<\/strong>Nada m\u00e1s f\u00e1cil que meter un pepino entero, un pu\u00f1ado de eneldo o cualquier otro ingrediente en un frasco: las aberturas estrechas ya no ser\u00e1n un problema y podr\u00e1s rellenar f\u00e1cilmente tus encurtidos. Es totalmente compatible con recipientes de vidrio de boca ancha.<\/li>\n<li><strong>Excelente sello:<\/strong>La tapa met\u00e1lica de rosca continua es el factor principal que permite conservar perfectamente la frescura y el sabor de los alimentos encurtidos y enlatados. Un excelente sellado es lo que mantiene la salmuera en \u00f3ptimas condiciones.<\/li>\n<li><strong>M\u00faltiples opciones de capacidad:<\/strong>Disponemos de diferentes tama\u00f1os (de 750 ml a 1500 ml) para satisfacer sus necesidades de encurtido, ya sea para lotes peque\u00f1os o para el almacenamiento a gran escala de un negocio de alimentaci\u00f3n. Estos frascos grandes para encurtidos son perfectos para pedidos al por mayor.<\/li>\n<\/ol>\n<h2>Especificaciones clave<\/h2>\n<p>&nbsp;<\/p>\n<table style=\"border-collapse: collapse; width: 80%; margin-left: auto; margin-right: auto;\" border=\"0\" width=\"288\" cellspacing=\"0\" cellpadding=\"0\">\n<tbody>\n<tr style=\"height: 13.50pt;\">\n<td style=\"height: 13.5pt; width: 54pt; text-align: center;\" width=\"72\" height=\"18\">Capacidad (ml)<\/td>\n<td style=\"width: 54pt; text-align: center;\" width=\"72\">Tama\u00f1o (cm)<\/td>\n<td style=\"width: 54pt; text-align: center;\" width=\"72\">Forma<\/td>\n<\/tr>\n<tr style=\"height: 13.50pt;\">\n<td style=\"height: 13.5pt; text-align: center;\" align=\"right\" height=\"18\">750<\/td>\n<td style=\"text-align: center;\">9.3*15.1<\/td>\n<td class=\"et2\" style=\"text-align: center;\" rowspan=\"3\">Redondo<\/td>\n<\/tr>\n<tr style=\"height: 13.50pt;\">\n<td style=\"height: 13.5pt; text-align: center;\" align=\"right\" height=\"18\">950<\/td>\n<td style=\"text-align: center;\">9.1*18.8<\/td>\n<\/tr>\n<tr style=\"height: 13.50pt;\">\n<td style=\"height: 13.5pt; text-align: center;\" align=\"right\" height=\"18\">1500<\/td>\n<td style=\"text-align: center;\">10.5*20.4<\/td>\n<\/tr>\n<\/tbody>\n<\/table>\n<h2>Caso de \u00e9xito<\/h2>\n<p>Una marca surcoreana de encurtidos eligi\u00f3 nuestro frasco grande para encurtidos para envasar su nuevo producto. Hicieron uno personalizado con mayor volumen y vidrio m\u00e1s grueso, le a\u00f1adieron un logotipo en relieve y, gracias a la tapa met\u00e1lica, mejoraron considerablemente el reconocimiento de la marca.<\/p>\n<p>Justo despu\u00e9s de la introducci\u00f3n del nuevo embalaje, las ventas de su producto principal aumentaron un 32% en tres meses.<\/p>\n<h2>Consejos para personalizar un tarro grande de especias<\/h2>\n<p>Este frasco grande para encurtidos se puede modificar de varias maneras para satisfacer los requisitos de una marca. Se pueden usar tapas de diferentes tama\u00f1os para adaptarse a diversos productos encurtidos de tama\u00f1o familiar. Se puede usar vidrio m\u00e1s grueso o transparente para atraer la atenci\u00f3n de los consumidores desde el estante. Las tapas se pueden personalizar en estilos de metal o pl\u00e1stico a prueba de fugas y \u00f3xido. Adem\u00e1s, es adecuado para color, galvanoplastia, pintura e impresi\u00f3n de logotipos, lo que hace que el paquete total no solo sea m\u00e1s duradero, sino tambi\u00e9n m\u00e1s reconocible por la marca.<\/p>","protected":false},"excerpt":{"rendered":"<p>Soluciones de tarros de encurtidos grandes, directos de f\u00e1brica, para marcas de alimentos a granel. Personalice el tarro con tapas, tama\u00f1os y etiquetas para optimizar su l\u00ednea de encurtidos.<\/p>","protected":false},"featured_media":3253,"template":"","meta":{"postBodyCss":"","postBodyMargin":[],"postBodyPadding":[],"postBodyBackground":{"backgroundType":"classic","gradient":""}},"product_brand":[],"product_cat":[15,17,55],"product_tag":[65,71],"class_list":{"0":"post-3252","1":"product","2":"type-product","3":"status-publish","4":"has-post-thumbnail","6":"product_cat-glass-containers","7":"product_cat-glass-jars","8":"product_cat-pickle-jars","9":"product_tag-glass-jam-jars","10":"product_tag-honey-jars","12":"first","13":"instock","14":"shipping-taxable","15":"product-type-simple"},"jetpack_sharing_enabled":true,"_links":{"self":[{"href":"https:\/\/minghanggroup.com\/es\/wp-json\/wp\/v2\/product\/3252","targetHints":{"allow":["GET"]}}],"collection":[{"href":"https:\/\/minghanggroup.com\/es\/wp-json\/wp\/v2\/product"}],"about":[{"href":"https:\/\/minghanggroup.com\/es\/wp-json\/wp\/v2\/types\/product"}],"wp:featuredmedia":[{"embeddable":true,"href":"https:\/\/minghanggroup.com\/es\/wp-json\/wp\/v2\/media\/3253"}],"wp:attachment":[{"href":"https:\/\/minghanggroup.com\/es\/wp-json\/wp\/v2\/media?parent=3252"}],"wp:term":[{"taxonomy":"product_brand","embeddable":true,"href":"https:\/\/minghanggroup.com\/es\/wp-json\/wp\/v2\/product_brand?post=3252"},{"taxonomy":"product_cat","embeddable":true,"href":"https:\/\/minghanggroup.com\/es\/wp-json\/wp\/v2\/product_cat?post=3252"},{"taxonomy":"product_tag","embeddable":true,"href":"https:\/\/minghanggroup.com\/es\/wp-json\/wp\/v2\/product_tag?post=3252"}],"curies":[{"name":"wp","href":"https:\/\/api.w.org\/{rel}","templated":true}]}}