{"id":3226,"date":"2025-11-17T11:46:22","date_gmt":"2025-11-17T03:46:22","guid":{"rendered":"https:\/\/minghanggroup.com\/?post_type=product&#038;p=3226"},"modified":"2026-01-20T13:59:35","modified_gmt":"2026-01-20T05:59:35","slug":"pickle-jar-bulk-pickling-jars-factory","status":"publish","type":"product","link":"https:\/\/minghanggroup.com\/es\/producto\/pickle-jar-bulk-pickling-jars-factory\/","title":{"rendered":"Tarro de vidrio para encurtidos de 105 ml a 550 ml para envasado a granel"},"content":{"rendered":"<p>Olv\u00eddate de lidiar con el desorden que arruina la est\u00e9tica de tu cocina. Creamos frascos de pepinillos premium que transforman tu cocina en un espacio elegante, a la vez que mantienen tus encurtidos frescos. No son solo recipientes, son la nueva arma secreta de tu marca para la organizaci\u00f3n de la cocina y el envasado de alimentos.<\/p>\n<h2>Caracter\u00edsticas del producto<\/h2>\n<ol>\n<li><strong>Sello perfecto:<\/strong>La tapa met\u00e1lica cerrada con un sellado herm\u00e9tico mantiene el sabor y la frescura de sus frascos de encurtidos, por lo tanto, las verduras encurtidas permanecen frescas y vibrantes.<\/li>\n<li><strong>Capacidad vers\u00e1til:<\/strong>Los diferentes tama\u00f1os (105 ml-550 ml) cubren todas sus necesidades de encurtido, ya sea un lote peque\u00f1o o un almacenamiento a granel para su negocio de alimentos.<\/li>\n<li><strong>Construcci\u00f3n duradera:<\/strong>El vidrio resistente puede soportar el uso diario en los recipientes de almacenamiento de su cocina, por lo que estos frascos de vidrio son los adecuados para la conservaci\u00f3n de alimentos a largo plazo.<\/li>\n<\/ol>\n<h2>Especificaciones clave<\/h2>\n<table style=\"border-collapse: collapse; width: 80%; margin-left: auto; margin-right: auto;\" border=\"0\" width=\"360\" cellspacing=\"0\" cellpadding=\"0\">\n<tbody>\n<tr style=\"height: 13.50pt;\">\n<td style=\"height: 13.5pt; width: 54pt; text-align: center;\" width=\"72\" height=\"18\">Capacidad (ml)<\/td>\n<td style=\"width: 54pt; text-align: center;\" width=\"72\">Tama\u00f1o (cm)<\/td>\n<td style=\"width: 54pt; text-align: center;\" width=\"72\">Di\u00e1metro interno\/externo (mm)<\/td>\n<td style=\"width: 54pt; text-align: center;\" width=\"72\">Forma<\/td>\n<\/tr>\n<tr style=\"height: 13.50pt;\">\n<td style=\"height: 13.5pt; text-align: center;\" align=\"right\" height=\"18\">105<\/td>\n<td style=\"text-align: center;\">5.5 * 6.5<\/td>\n<td style=\"text-align: center;\">42 * 51<\/td>\n<td class=\"et2\" style=\"text-align: center;\" rowspan=\"4\">Redondo<\/td>\n<\/tr>\n<tr style=\"height: 13.50pt;\">\n<td style=\"height: 13.5pt; text-align: center;\" align=\"right\" height=\"18\">230<\/td>\n<td style=\"text-align: center;\">6.7 * 9.0<\/td>\n<td style=\"text-align: center;\">52 * 62<\/td>\n<\/tr>\n<tr style=\"height: 13.50pt;\">\n<td style=\"height: 13.5pt; text-align: center;\" align=\"right\" height=\"18\">350<\/td>\n<td style=\"text-align: center;\">7.4 * 10.9<\/td>\n<td style=\"text-align: center;\">58 * 68<\/td>\n<\/tr>\n<tr style=\"height: 13.50pt;\">\n<td style=\"height: 13.5pt; text-align: center;\" align=\"right\" height=\"18\">550<\/td>\n<td style=\"text-align: center;\">8.6 * 12.6<\/td>\n<td style=\"text-align: center;\">69 * 80<\/td>\n<\/tr>\n<\/tbody>\n<\/table>\n<h2>Caso de \u00e9xito<\/h2>\n<p>Al modernizar su envase, una marca de condimentos de Europa del Este decidi\u00f3 usar nuestro frasco de vidrio para sus encurtidos. Modificamos varias opciones de volumen y proporcionamos una tapa negra resistente a la oxidaci\u00f3n y mejor sellada, lo que mejor\u00f3 la apariencia de la marca en el lineal y le dio una mejor calidad visual.<\/p>\n<p>Despu\u00e9s de que se introdujo el nuevo empaque de la marca, las ventas de encurtidos de la marca aumentaron cerca del 30% en solo un per\u00edodo de tres meses y tambi\u00e9n hizo una entrada exitosa en dos grandes cadenas de supermercados, lo que llev\u00f3 a un gran aumento en el conocimiento de la marca.<\/p>\n<h2>Consejos para personalizar tu tarro de pepinillos<\/h2>\n<p>Este frasco para encurtidos se puede adaptar a los requisitos de la marca de diversas maneras, como diferentes capacidades y formas de botella para diversos alimentos encurtidos. Estos frascos para encurtidos se pueden hacer m\u00e1s gruesos o grabados en relieve para realzar la textura. Adem\u00e1s, el color, el m\u00e9todo y la estructura de sellado de la tapa met\u00e1lica inoxidable se pueden cambiar seg\u00fan la elecci\u00f3n del cliente. Tambi\u00e9n se pueden agregar logotipos de marca, tama\u00f1os de etiquetas y dise\u00f1os de patrones a la botella o la tapa, haciendo que el producto tenga una presencia m\u00e1s atractiva y profesional en el estante.<\/p>","protected":false},"excerpt":{"rendered":"<p>Frasco para encurtidos directo de f\u00e1brica, ideal para enlatado a granel, alimentos fermentados y embalajes de marca. Impresi\u00f3n de logotipos personalizados para pedidos OEM.<\/p>","protected":false},"featured_media":3227,"template":"","meta":{"postBodyCss":"","postBodyMargin":[],"postBodyPadding":[],"postBodyBackground":{"backgroundType":"classic","gradient":""}},"product_brand":[],"product_cat":[15,17,55],"product_tag":[65,71],"class_list":{"0":"post-3226","1":"product","2":"type-product","3":"status-publish","4":"has-post-thumbnail","6":"product_cat-glass-containers","7":"product_cat-glass-jars","8":"product_cat-pickle-jars","9":"product_tag-glass-jam-jars","10":"product_tag-honey-jars","12":"first","13":"instock","14":"shipping-taxable","15":"product-type-simple"},"jetpack_sharing_enabled":true,"_links":{"self":[{"href":"https:\/\/minghanggroup.com\/es\/wp-json\/wp\/v2\/product\/3226","targetHints":{"allow":["GET"]}}],"collection":[{"href":"https:\/\/minghanggroup.com\/es\/wp-json\/wp\/v2\/product"}],"about":[{"href":"https:\/\/minghanggroup.com\/es\/wp-json\/wp\/v2\/types\/product"}],"wp:featuredmedia":[{"embeddable":true,"href":"https:\/\/minghanggroup.com\/es\/wp-json\/wp\/v2\/media\/3227"}],"wp:attachment":[{"href":"https:\/\/minghanggroup.com\/es\/wp-json\/wp\/v2\/media?parent=3226"}],"wp:term":[{"taxonomy":"product_brand","embeddable":true,"href":"https:\/\/minghanggroup.com\/es\/wp-json\/wp\/v2\/product_brand?post=3226"},{"taxonomy":"product_cat","embeddable":true,"href":"https:\/\/minghanggroup.com\/es\/wp-json\/wp\/v2\/product_cat?post=3226"},{"taxonomy":"product_tag","embeddable":true,"href":"https:\/\/minghanggroup.com\/es\/wp-json\/wp\/v2\/product_tag?post=3226"}],"curies":[{"name":"wp","href":"https:\/\/api.w.org\/{rel}","templated":true}]}}